{"id":15736,"date":"2020-03-25T12:58:00","date_gmt":"2020-03-25T11:58:00","guid":{"rendered":"http:\/\/www.zeitzfrankozeitz.de\/?page_id=15736"},"modified":"2023-06-30T11:38:56","modified_gmt":"2023-06-30T09:38:56","slug":"dictionary-of-ophthalmology","status":"publish","type":"page","link":"https:\/\/www.zeitzfrankozeitz.de\/ar\/wissenschaftliche-arbeit\/dictionary-of-ophthalmology\/","title":{"rendered":"Dictionary of Ophthalmology"},"content":{"rendered":"\n<p><em>Unser Dictionary of Ophthalmology wird&nbsp;seit Sommer 2011&nbsp;offiziell von der European Society of Ophthalmology (SOE) unterst\u00fctzt<\/em>.<\/p>\n\n\n\n<p><em>Die SOE ist der Europ\u00e4ische Dachverband von 40 nationalen ophthalmologischen Wissenschaftsgesellschaften.&nbsp;<\/em><em>Im Rahmen Ihres Board Meetings auf dem SOE-Kongress 2011 in Genf haben die Mitglieder des Executive Committees dies beschlossen.<\/em><\/p>\n\n\n\n<p><em>Daf\u00fcr m\u00f6chten wir uns herzlich bedanken!<\/em><\/p>\n\n\n\n<p><em>Weiterhin m\u00f6chten wir uns herzlich beim Berufsverband der Augen\u00e4rzte Deutschlands (BVA), der Deutschen Ophthalmologischen Gesellschaft (DOG),&nbsp;der&nbsp;\u00d6sterreichischen Ophthalmologischen Gesellschaft (\u00d6OG), dem Consejo Argentino de Oftalmolog\u00eda (CAO), der Hellenic Ophthalmological Society, dem International Council of Ophthalmology (ICO) und&nbsp;European Vision Research f\u00fcr den freundlichen Support durch Links und Reportagen bedanken<\/em>.<\/p>\n\n\n\n<p><a href=\"http:\/\/www.zeitzfrankozeitz.de\/index.php\/fachwoerterbuch.html\" class=\"button\">Enter the dictionary \/ Zum W\u00f6rterbuch<\/a><\/p>\n\n\n\n<figure class=\"wp-block-image size-large\"><img loading=\"lazy\" decoding=\"async\" width=\"900\" height=\"600\" src=\"http:\/\/www.zeitzfrankozeitz.de\/wp-content\/uploads\/macularholeGass2OCT-1.jpg\" alt=\"\" class=\"wp-image-15737\" srcset=\"https:\/\/www.zeitzfrankozeitz.de\/wp-content\/uploads\/macularholeGass2OCT-1.jpg 900w, https:\/\/www.zeitzfrankozeitz.de\/wp-content\/uploads\/macularholeGass2OCT-1-300x200.jpg 300w, https:\/\/www.zeitzfrankozeitz.de\/wp-content\/uploads\/macularholeGass2OCT-1-768x512.jpg 768w\" sizes=\"(max-width: 900px) 100vw, 900px\" \/><\/figure>\n\n\n\n<div style=\"height:100px\" aria-hidden=\"true\" class=\"wp-block-spacer\"><\/div>\n\n\n\n<p>Im Sommer 2010 ver\u00f6ffentlichte Philipp Franko Zeitz ein digitales &#8220;Fachw\u00f6rterbuch der Augenheilkunde&#8221; in Englisch und Deutsch, welches \u00fcber diese Webseite f\u00fcr jeden frei zug\u00e4nglich ist. Die technische Umsetzung wurde von Thomas Lichterbeck realisiert. Im Herbst 2010 kamen sechs weitere Sprachen (Franz\u00f6sisch, Spanisch, Italienisch, Niederl\u00e4ndisch, Portugiesisch und Kroatisch) hinzu. Das W\u00f6rterbuch umfasst&nbsp;aktuell \u00fcber 30.000 Eintr\u00e4ge, seit Sommer 2011 werden kontinuierlich Bilder hinzugef\u00fcgt, mittlerweile sind es \u00fcber 2.000, so dass das Dictionary seither auch ein Augenheilkundeatlas ist.<\/p>\n\n\n\n<p>Im Herbst 2011 wurde eine Erweiterung um weitere Sprachen begonnen (Arabisch, Griechisch, Japanisch, Schwedisch, Russisch, T\u00fcrkisch). Es ist das umfangreichste multilinguale Fachw\u00f6rterbuch in der Augenheilkunde. Bisher haben Besucher aus mehr als 160 L\u00e4ndern das Fachw\u00f6rterbuch genutzt! &nbsp;<\/p>\n\n\n\n<p>Seit Herbst 2010 arbeitet Philipp Franko Zeitz zusammen mit Frau Prof. Dr. Wiebke Petersen und Herrn Denis Anuschewski vom Insitut f\u00fcr Computerlinguistik der Universit\u00e4t D\u00fcsseldorf an Erweiterungen des Fachw\u00f6rterbuchs unter linguistischem Aspekt und verschiedenen wissenschaftlichen Publikationen zum Thema der interlingualen Kommunikation in der Medizin (zum Beispiel &#8220;<a href=\"https:\/\/www.thieme-connect.de\/products\/ejournals\/abstract\/10.1055\/s-0032-1315381\">\u00dcbersetzungsfehler in der Augenheilkunde<\/a>&#8220;). Zudem ist das W\u00f6rterbuch offizieller studentischer Semesterinhalt seit dem Wintersemester 2011.<\/p>\n\n\n\n<p>Wir legen Wert auf die Nutzung kollektiver Intelligenz:&nbsp;<a href=\"http:\/\/www.zeitzfrankozeitz.de\/suggestions\/\">Steuern auch Sie Erg\u00e4nzungen oder Bilder zum Dictionary bei!<\/a><\/p>\n\n\n\n<p>Viele Menschen haben&nbsp;das schon getan:&nbsp;Sie finden&nbsp;eine Liste auf  unserer &#8220;<a href=\"http:\/\/www.zeitzfrankozeitz.de\/contributions-and-sources\/\">Contributions &amp; Sources<\/a>&#8220;-Seite.<\/p>\n\n\n\n<p><a href=\"http:\/\/www.zeitzfrankozeitz.de\/dictionary-tools\/begriffsuebersicht\/\" class=\"button\">Enter the dictionary \/ Zum W\u00f6rterbuch<\/a><\/p>\n","protected":false},"excerpt":{"rendered":"<p>Unser Dictionary of Ophthalmology wird&nbsp;seit Sommer 2011&nbsp;offiziell von der European Society of Ophthalmology (SOE) unterst\u00fctzt. Die SOE ist der Europ\u00e4ische Dachverband von 40 nationalen ophthalmologischen Wissenschaftsgesellschaften.&nbsp;Im Rahmen Ihres Board Meetings auf dem SOE-Kongress 2011 in Genf haben die Mitglieder des Executive Committees dies beschlossen. Daf\u00fcr m\u00f6chten wir uns herzlich bedanken! Weiterhin m\u00f6chten wir uns herzlich [&hellip;]<\/p>\n","protected":false},"author":1,"featured_media":0,"parent":15731,"menu_order":0,"comment_status":"closed","ping_status":"closed","template":"","meta":{"footnotes":""},"class_list":["post-15736","page","type-page","status-publish","hentry"],"yoast_head":"<!-- This site is optimized with the Yoast SEO plugin v15.7 - https:\/\/yoast.com\/wordpress\/plugins\/seo\/ -->\n<title>Dictionary of Ophthalmology &bull; Augenarzt D\u00fcsseldorf Praxis Zeitz Franko Zeitz<\/title>\n<meta name=\"robots\" content=\"index, follow, max-snippet:-1, max-image-preview:large, max-video-preview:-1\" \/>\n<link rel=\"canonical\" href=\"https:\/\/www.zeitzfrankozeitz.de\/ar\/wissenschaftliche-arbeit\/dictionary-of-ophthalmology\/\" \/>\n<meta property=\"og:locale\" content=\"ar_AR\" \/>\n<meta property=\"og:type\" content=\"article\" \/>\n<meta property=\"og:title\" content=\"Dictionary of Ophthalmology &bull; Augenarzt D\u00fcsseldorf Praxis Zeitz Franko Zeitz\" \/>\n<meta property=\"og:description\" content=\"Unser Dictionary of Ophthalmology wird&nbsp;seit Sommer 2011&nbsp;offiziell von der European Society of Ophthalmology (SOE) unterst\u00fctzt. Die SOE ist der Europ\u00e4ische Dachverband von 40 nationalen ophthalmologischen Wissenschaftsgesellschaften.&nbsp;Im Rahmen Ihres Board Meetings auf dem SOE-Kongress 2011 in Genf haben die Mitglieder des Executive Committees dies beschlossen. Daf\u00fcr m\u00f6chten wir uns herzlich bedanken! Weiterhin m\u00f6chten wir uns herzlich [&hellip;]\" \/>\n<meta property=\"og:url\" content=\"https:\/\/www.zeitzfrankozeitz.de\/wissenschaftliche-arbeit\/dictionary-of-ophthalmology\/\" \/>\n<meta property=\"og:site_name\" content=\"Augenarzt D\u00fcsseldorf Praxis Zeitz Franko Zeitz\" \/>\n<meta property=\"article:modified_time\" content=\"2023-06-30T09:38:56+00:00\" \/>\n<meta property=\"og:image\" content=\"http:\/\/www.zeitzfrankozeitz.de\/wp-content\/uploads\/macularholeGass2OCT-1.jpg\" \/>\n<meta name=\"twitter:card\" content=\"summary_large_image\" \/>\n<meta name=\"twitter:label1\" content=\"\u0648\u0642\u062a \u0627\u0644\u0642\u0631\u0627\u0621\u0629 \u0627\u0644\u0645\u064f\u0642\u062f\u0651\u0631\">\n\t<meta name=\"twitter:data1\" content=\"\u062f\u0642\u064a\u0642\u062a\u0627\u0646\">\n<script type=\"application\/ld+json\" class=\"yoast-schema-graph\">{\"@context\":\"https:\/\/schema.org\",\"@graph\":[{\"@type\":\"Organization\",\"@id\":\"https:\/\/www.zeitzfrankozeitz.de\/#organization\",\"name\":\"Augenarzt D\\u00fcsseldorf Zentrum Praxis Zeitz Franko Zeitz\",\"url\":\"https:\/\/www.zeitzfrankozeitz.de\/\",\"sameAs\":[],\"logo\":{\"@type\":\"ImageObject\",\"@id\":\"https:\/\/www.zeitzfrankozeitz.de\/#logo\",\"inLanguage\":\"ar\",\"url\":\"https:\/\/www.zeitzfrankozeitz.de\/wp-content\/uploads\/ZFZ_LOGO-NEU.jpg\",\"width\":595,\"height\":841,\"caption\":\"Augenarzt D\\u00fcsseldorf Zentrum Praxis Zeitz Franko Zeitz\"},\"image\":{\"@id\":\"https:\/\/www.zeitzfrankozeitz.de\/#logo\"}},{\"@type\":\"WebSite\",\"@id\":\"https:\/\/www.zeitzfrankozeitz.de\/#website\",\"url\":\"https:\/\/www.zeitzfrankozeitz.de\/\",\"name\":\"Augenarzt D\\u00fcsseldorf Zentrum Praxis Zeitz Franko Zeitz\",\"description\":\"Augenarzt D\\u00fcsseldorf Praxis Zeitz Franko Zeitz\",\"publisher\":{\"@id\":\"https:\/\/www.zeitzfrankozeitz.de\/#organization\"},\"potentialAction\":[{\"@type\":\"SearchAction\",\"target\":\"https:\/\/www.zeitzfrankozeitz.de\/?s={search_term_string}\",\"query-input\":\"required name=search_term_string\"}],\"inLanguage\":\"ar\"},{\"@type\":\"ImageObject\",\"@id\":\"https:\/\/www.zeitzfrankozeitz.de\/wissenschaftliche-arbeit\/dictionary-of-ophthalmology\/#primaryimage\",\"inLanguage\":\"ar\",\"url\":\"http:\/\/www.zeitzfrankozeitz.de\/wp-content\/uploads\/macularholeGass2OCT-1.jpg\"},{\"@type\":\"WebPage\",\"@id\":\"https:\/\/www.zeitzfrankozeitz.de\/wissenschaftliche-arbeit\/dictionary-of-ophthalmology\/#webpage\",\"url\":\"https:\/\/www.zeitzfrankozeitz.de\/wissenschaftliche-arbeit\/dictionary-of-ophthalmology\/\",\"name\":\"Dictionary of Ophthalmology &bull; Augenarzt D\\u00fcsseldorf Praxis Zeitz Franko Zeitz\",\"isPartOf\":{\"@id\":\"https:\/\/www.zeitzfrankozeitz.de\/#website\"},\"primaryImageOfPage\":{\"@id\":\"https:\/\/www.zeitzfrankozeitz.de\/wissenschaftliche-arbeit\/dictionary-of-ophthalmology\/#primaryimage\"},\"datePublished\":\"2020-03-25T11:58:00+00:00\",\"dateModified\":\"2023-06-30T09:38:56+00:00\",\"inLanguage\":\"ar\",\"potentialAction\":[{\"@type\":\"ReadAction\",\"target\":[\"https:\/\/www.zeitzfrankozeitz.de\/wissenschaftliche-arbeit\/dictionary-of-ophthalmology\/\"]}]}]}<\/script>\n<!-- \/ Yoast SEO plugin. -->","_links":{"self":[{"href":"https:\/\/www.zeitzfrankozeitz.de\/ar\/wp-json\/wp\/v2\/pages\/15736"}],"collection":[{"href":"https:\/\/www.zeitzfrankozeitz.de\/ar\/wp-json\/wp\/v2\/pages"}],"about":[{"href":"https:\/\/www.zeitzfrankozeitz.de\/ar\/wp-json\/wp\/v2\/types\/page"}],"author":[{"embeddable":true,"href":"https:\/\/www.zeitzfrankozeitz.de\/ar\/wp-json\/wp\/v2\/users\/1"}],"replies":[{"embeddable":true,"href":"https:\/\/www.zeitzfrankozeitz.de\/ar\/wp-json\/wp\/v2\/comments?post=15736"}],"version-history":[{"count":12,"href":"https:\/\/www.zeitzfrankozeitz.de\/ar\/wp-json\/wp\/v2\/pages\/15736\/revisions"}],"predecessor-version":[{"id":17384,"href":"https:\/\/www.zeitzfrankozeitz.de\/ar\/wp-json\/wp\/v2\/pages\/15736\/revisions\/17384"}],"up":[{"embeddable":true,"href":"https:\/\/www.zeitzfrankozeitz.de\/ar\/wp-json\/wp\/v2\/pages\/15731"}],"wp:attachment":[{"href":"https:\/\/www.zeitzfrankozeitz.de\/ar\/wp-json\/wp\/v2\/media?parent=15736"}],"curies":[{"name":"wp","href":"https:\/\/api.w.org\/{rel}","templated":true}]}}