{"id":17352,"date":"2024-08-11T12:20:57","date_gmt":"2024-08-11T10:20:57","guid":{"rendered":"https:\/\/www.zeitzfrankozeitz.de\/?page_id=17352"},"modified":"2024-08-11T13:17:28","modified_gmt":"2024-08-11T11:17:28","slug":"dr-med-joachim-zeitz","status":"publish","type":"page","link":"https:\/\/www.zeitzfrankozeitz.de\/ar\/dr-med-joachim-zeitz\/","title":{"rendered":"Dr. med. Joachim Zeitz"},"content":{"rendered":"\n<p>Dr. Joachim Zeitz ist nach Ausbildung und T\u00e4tigkeit als Oberarzt an der Universit\u00e4t Essen seit 1978 als Augenarzt in der D\u00fcsseldorfer Innenstadt niedergelassen.<\/p>\n\n\n\n<div class=\"wp-block-image\"><figure class=\"aligncenter size-large\"><img loading=\"lazy\" decoding=\"async\" width=\"866\" height=\"600\" src=\"https:\/\/www.zeitzfrankozeitz.de\/wp-content\/uploads\/2019\/11\/untersuchung_03.jpg\" alt=\"Augenarzt Dr. Joachim Zeitz\" class=\"wp-image-38\" srcset=\"https:\/\/www.zeitzfrankozeitz.de\/wp-content\/uploads\/2019\/11\/untersuchung_03.jpg 866w, https:\/\/www.zeitzfrankozeitz.de\/wp-content\/uploads\/2019\/11\/untersuchung_03-300x208.jpg 300w, https:\/\/www.zeitzfrankozeitz.de\/wp-content\/uploads\/2019\/11\/untersuchung_03-768x532.jpg 768w\" sizes=\"(max-width: 866px) 100vw, 866px\" \/><figcaption><em>Dr. Joachim Zeitz, Facharzt f\u00fcr Augenheilkunde<\/em><\/figcaption><\/figure><\/div>\n\n\n\n<p>Er war einer der ersten Augen\u00e4rzte, die in Deutschland refraktive Augenlaserbehandlungen durchf\u00fchrten. Er ist der Gr\u00fcnder der \u201eArbeitsgruppe Refraktive Laserchirurgie\u201c des Berufsverbandes der Augen\u00e4rzte Deutschlands, heute \u201eKRC, Kommission Refraktive Chirurgie\u201c genannt.<\/p>\n","protected":false},"excerpt":{"rendered":"<p>Dr. Joachim Zeitz ist nach Ausbildung und T\u00e4tigkeit als Oberarzt an der Universit\u00e4t Essen seit 1978 als Augenarzt in der D\u00fcsseldorfer Innenstadt niedergelassen. Er war einer der ersten Augen\u00e4rzte, die in Deutschland refraktive Augenlaserbehandlungen durchf\u00fchrten. Er ist der Gr\u00fcnder der \u201eArbeitsgruppe Refraktive Laserchirurgie\u201c des Berufsverbandes der Augen\u00e4rzte Deutschlands, heute \u201eKRC, Kommission Refraktive Chirurgie\u201c genannt.<\/p>\n","protected":false},"author":2,"featured_media":0,"parent":0,"menu_order":0,"comment_status":"closed","ping_status":"closed","template":"","meta":{"footnotes":""},"class_list":["post-17352","page","type-page","status-publish","hentry"],"yoast_head":"<!-- This site is optimized with the Yoast SEO plugin v15.7 - https:\/\/yoast.com\/wordpress\/plugins\/seo\/ -->\n<title>Dr. med. Joachim Zeitz &bull; Augenarzt D\u00fcsseldorf Praxis Zeitz Franko Zeitz<\/title>\n<meta name=\"description\" content=\"Dr. Joachim Zeitz, Facharzt f\u00fcr Augenheilkunde\" \/>\n<meta name=\"robots\" content=\"index, follow, max-snippet:-1, max-image-preview:large, max-video-preview:-1\" \/>\n<link rel=\"canonical\" href=\"https:\/\/www.zeitzfrankozeitz.de\/ar\/dr-med-joachim-zeitz\/\" \/>\n<meta property=\"og:locale\" content=\"ar_AR\" \/>\n<meta property=\"og:type\" content=\"article\" \/>\n<meta property=\"og:title\" content=\"Dr. med. Joachim Zeitz &bull; Augenarzt D\u00fcsseldorf Praxis Zeitz Franko Zeitz\" \/>\n<meta property=\"og:description\" content=\"Dr. Joachim Zeitz, Facharzt f\u00fcr Augenheilkunde\" \/>\n<meta property=\"og:url\" content=\"https:\/\/www.zeitzfrankozeitz.de\/dr-med-joachim-zeitz\/\" \/>\n<meta property=\"og:site_name\" content=\"Augenarzt D\u00fcsseldorf Praxis Zeitz Franko Zeitz\" \/>\n<meta property=\"article:modified_time\" content=\"2024-08-11T11:17:28+00:00\" \/>\n<meta property=\"og:image\" content=\"https:\/\/www.zeitzfrankozeitz.de\/wp-content\/uploads\/2019\/11\/untersuchung_03.jpg\" \/>\n<meta name=\"twitter:card\" content=\"summary_large_image\" \/>\n<meta name=\"twitter:label1\" content=\"\u0648\u0642\u062a \u0627\u0644\u0642\u0631\u0627\u0621\u0629 \u0627\u0644\u0645\u064f\u0642\u062f\u0651\u0631\">\n\t<meta name=\"twitter:data1\" content=\"\u062f\u0642\u064a\u0642\u0629 \u0648\u0627\u062d\u062f\u0629\">\n<script type=\"application\/ld+json\" class=\"yoast-schema-graph\">{\"@context\":\"https:\/\/schema.org\",\"@graph\":[{\"@type\":\"Organization\",\"@id\":\"https:\/\/www.zeitzfrankozeitz.de\/#organization\",\"name\":\"Augenarzt D\\u00fcsseldorf Zentrum Praxis Zeitz Franko Zeitz\",\"url\":\"https:\/\/www.zeitzfrankozeitz.de\/\",\"sameAs\":[],\"logo\":{\"@type\":\"ImageObject\",\"@id\":\"https:\/\/www.zeitzfrankozeitz.de\/#logo\",\"inLanguage\":\"ar\",\"url\":\"https:\/\/www.zeitzfrankozeitz.de\/wp-content\/uploads\/ZFZ_LOGO-NEU.jpg\",\"width\":595,\"height\":841,\"caption\":\"Augenarzt D\\u00fcsseldorf Zentrum Praxis Zeitz Franko Zeitz\"},\"image\":{\"@id\":\"https:\/\/www.zeitzfrankozeitz.de\/#logo\"}},{\"@type\":\"WebSite\",\"@id\":\"https:\/\/www.zeitzfrankozeitz.de\/#website\",\"url\":\"https:\/\/www.zeitzfrankozeitz.de\/\",\"name\":\"Augenarzt D\\u00fcsseldorf Zentrum Praxis Zeitz Franko Zeitz\",\"description\":\"Augenarzt D\\u00fcsseldorf Praxis Zeitz Franko Zeitz\",\"publisher\":{\"@id\":\"https:\/\/www.zeitzfrankozeitz.de\/#organization\"},\"potentialAction\":[{\"@type\":\"SearchAction\",\"target\":\"https:\/\/www.zeitzfrankozeitz.de\/?s={search_term_string}\",\"query-input\":\"required name=search_term_string\"}],\"inLanguage\":\"ar\"},{\"@type\":\"ImageObject\",\"@id\":\"https:\/\/www.zeitzfrankozeitz.de\/dr-med-joachim-zeitz\/#primaryimage\",\"inLanguage\":\"ar\",\"url\":\"https:\/\/www.zeitzfrankozeitz.de\/wp-content\/uploads\/2019\/11\/untersuchung_03.jpg\",\"width\":866,\"height\":600,\"caption\":\"Dr. med. Joachim Zeitz\"},{\"@type\":\"WebPage\",\"@id\":\"https:\/\/www.zeitzfrankozeitz.de\/dr-med-joachim-zeitz\/#webpage\",\"url\":\"https:\/\/www.zeitzfrankozeitz.de\/dr-med-joachim-zeitz\/\",\"name\":\"Dr. med. Joachim Zeitz &bull; Augenarzt D\\u00fcsseldorf Praxis Zeitz Franko Zeitz\",\"isPartOf\":{\"@id\":\"https:\/\/www.zeitzfrankozeitz.de\/#website\"},\"primaryImageOfPage\":{\"@id\":\"https:\/\/www.zeitzfrankozeitz.de\/dr-med-joachim-zeitz\/#primaryimage\"},\"datePublished\":\"2024-08-11T10:20:57+00:00\",\"dateModified\":\"2024-08-11T11:17:28+00:00\",\"description\":\"Dr. Joachim Zeitz, Facharzt f\\u00fcr Augenheilkunde\",\"inLanguage\":\"ar\",\"potentialAction\":[{\"@type\":\"ReadAction\",\"target\":[\"https:\/\/www.zeitzfrankozeitz.de\/dr-med-joachim-zeitz\/\"]}]}]}<\/script>\n<!-- \/ Yoast SEO plugin. -->","_links":{"self":[{"href":"https:\/\/www.zeitzfrankozeitz.de\/ar\/wp-json\/wp\/v2\/pages\/17352"}],"collection":[{"href":"https:\/\/www.zeitzfrankozeitz.de\/ar\/wp-json\/wp\/v2\/pages"}],"about":[{"href":"https:\/\/www.zeitzfrankozeitz.de\/ar\/wp-json\/wp\/v2\/types\/page"}],"author":[{"embeddable":true,"href":"https:\/\/www.zeitzfrankozeitz.de\/ar\/wp-json\/wp\/v2\/users\/2"}],"replies":[{"embeddable":true,"href":"https:\/\/www.zeitzfrankozeitz.de\/ar\/wp-json\/wp\/v2\/comments?post=17352"}],"version-history":[{"count":12,"href":"https:\/\/www.zeitzfrankozeitz.de\/ar\/wp-json\/wp\/v2\/pages\/17352\/revisions"}],"predecessor-version":[{"id":17377,"href":"https:\/\/www.zeitzfrankozeitz.de\/ar\/wp-json\/wp\/v2\/pages\/17352\/revisions\/17377"}],"wp:attachment":[{"href":"https:\/\/www.zeitzfrankozeitz.de\/ar\/wp-json\/wp\/v2\/media?parent=17352"}],"curies":[{"name":"wp","href":"https:\/\/api.w.org\/{rel}","templated":true}]}}