{"id":11,"date":"2019-11-15T14:57:04","date_gmt":"2019-11-15T13:57:04","guid":{"rendered":"http:\/\/www.zeitzfrankozeitz.de\/?page_id=11"},"modified":"2024-08-10T21:48:06","modified_gmt":"2024-08-10T19:48:06","slug":"dr-med-philipp-franko-zeitz","status":"publish","type":"page","link":"https:\/\/www.zeitzfrankozeitz.de\/el\/augenarzt-duesseldorf-zeitz-franko-zeitz\/dr-med-philipp-franko-zeitz\/","title":{"rendered":"Dr. med. Philipp Franko Zeitz"},"content":{"rendered":"\n<p><a href=\"https:\/\/www.zeitzfrankozeitz.de\/augenarzt-duesseldorf-zeitz-franko-zeitz\/dr-med-philipp-franko-zeitz\/dr-med-philipp-franko-zeitz-eng\/\">Read the english version \u00bb<\/a><\/p>\n\n\n\n<div class=\"wp-block-group\"><div class=\"wp-block-group__inner-container is-layout-flow wp-block-group-is-layout-flow\">\n<figure class=\"wp-block-image size-full\"><img loading=\"lazy\" decoding=\"async\" width=\"1024\" height=\"683\" src=\"https:\/\/www.zeitzfrankozeitz.de\/wp-content\/uploads\/augenarztphilippfrankozeitz-2.jpg\" alt=\"Augenarzt D\u00fcsseldorf Dr. Philipp Franko Zeitz\" class=\"wp-image-16981\" srcset=\"https:\/\/www.zeitzfrankozeitz.de\/wp-content\/uploads\/augenarztphilippfrankozeitz-2.jpg 1024w, https:\/\/www.zeitzfrankozeitz.de\/wp-content\/uploads\/augenarztphilippfrankozeitz-2-300x200.jpg 300w, https:\/\/www.zeitzfrankozeitz.de\/wp-content\/uploads\/augenarztphilippfrankozeitz-2-768x512.jpg 768w\" sizes=\"(max-width: 1024px) 100vw, 1024px\" \/><\/figure>\n<\/div><\/div>\n\n\n\n<h2 class=\"wp-block-heading\"><strong>Wissenschaft und Fortbildung<\/strong><\/h2>\n\n\n\n<div class=\"wp-block-group\"><div class=\"wp-block-group__inner-container is-layout-flow wp-block-group-is-layout-flow\">\n<div class=\"wp-block-group\"><div class=\"wp-block-group__inner-container is-layout-flow wp-block-group-is-layout-flow\">\n<div class=\"wp-block-group\"><div class=\"wp-block-group__inner-container is-layout-flow wp-block-group-is-layout-flow\">\n<div class=\"wp-block-group\"><div class=\"wp-block-group__inner-container is-layout-flow wp-block-group-is-layout-flow\">\n<ul class=\"wp-block-list\"><li>Zahlreiche in der MEDLINE (US National Library of Medicine) gelistete wissenschaftliche Ver\u00f6ffentlichungen als Hauptautor (<strong><a href=\"http:\/\/www.ncbi.nlm.nih.gov\/pubmed\/?term=franko+zeitz+or+zeitz+pf\">Verzeichnis<\/a><\/strong>)<\/li><li>Facharztpr\u00fcfer der \u00c4rztekammer Nordrhein<\/li><li>Gutachter (Reviewer) f\u00fcr nationale und internationale Fachzeitschriften (Gutachten durchgef\u00fchrt z.B. f\u00fcr British Journal of Ophthalmology, International Ophthalmology, Klinische Monatsbl\u00e4tter f\u00fcr Augenheilkunde)<\/li><li>Konzeption und Betreuung von Doktorarbeiten<\/li><li>Regelm\u00e4\u00dfige Vortragst\u00e4tigkeit (meist mehr als 10 Vortr\u00e4ge pro Jahr)&nbsp;. <em>Augen\u00e4rztliche Akademie Deutschland 2019: <\/em><a href=\"https:\/\/www.zeitzfrankozeitz.de\/medien\/augenaerztliche-akademie-deutschland-2019-dr-philipp-franko-zeitz-zur-biomechanik-der-hornhaut\/\">Hier finden Sie einen Vortragsmitschnitt von Dr. Philipp Franko Zeitz zur Biomechanik der Hornhaut<\/a><\/li><li>Begr\u00fcnder und Hauptautor des&nbsp;<a href=\"http:\/\/www.zeitzfrankozeitz.de\/dictionary-tools\/\">Dictionary of Ophthalmology<\/a>&nbsp;(gef\u00f6rdert von der European Society of Ophthalmology) mit aktuell 16 Spachen, \u00fcber 30.000 Eintr\u00e4gen und 2.000 Bildern. Wissenschaftliche Folgeprojekte mit dem Institut f\u00fcr Computerlinguistik der Universit\u00e4t D\u00fcsseldorf (Frau Prof. Dr. Petersen)<\/li><li>Gastherausgeber und Autor f\u00fcr das Schwerpunktthema&nbsp;<a href=\"http:\/\/www.zeitzfrankozeitz.de\/wissenschaftliche-arbeit\/augenschmerzen-aus-interdisziplinaerer-sicht\/\">&#8220;Augenschmerzen aus interdisziplin\u00e4rer Sicht&#8221;<\/a>&nbsp;(12\/2011),&nbsp;<a href=\"http:\/\/link.springer.com\/journal\/347\/111\/1\/page\/1\">&#8220;Interdisziplin\u00e4re Interaktion bei vaskul\u00e4ren Erkrankungen des Auges&#8221;&nbsp;<\/a>(1\/2014) und <a href=\"https:\/\/www.springermedizin.de\/der-ophthalmologe-8-2018\/16023424\">&#8220;Biomechanik bei Hornhautpathologien und Glaukom&#8221;<\/a> (8\/2018) in &#8220;Der Ophthalmologe&#8221;, Springer Verlag, Zeitschrift der Deutschen Ophthalmologischen Gesellschaft<\/li><li>Gastherausgeber und Autor f\u00fcr das Schwerpunktthema&nbsp;<a href=\"http:\/\/www.zeitzfrankozeitz.de\/wissenschaftliche-arbeit\/schwindel-aus-interdisziplinaerer-sicht\/\">&#8220;Schwindel aus interdisziplin\u00e4rer Sicht&#8221;<\/a>&nbsp;bei &#8220;Der Ophthalmologe&#8221; (1\/2013), Springer Verlag, Zeitschrift der Deutschen Ophthalmologischen Gesellschaft und&nbsp;<a aria-label=\" (\u00f6ffnet in neuem Tab)\" href=\"http:\/\/link.springer.com\/journal\/106\/61\/9\/page\/1\" target=\"_blank\" rel=\"noreferrer noopener\">&#8220;Schwindel&#8221;&nbsp;<\/a>bei &#8220;HNO&#8221; (9\/2013), Springer Verlag, Zeitschrift der Deutschen Gesellschaft f\u00fcr Hals-Nasen-Ohrenheilkunde, Kopf- und Hals-Chirurgie<\/li><\/ul>\n<\/div><\/div>\n<\/div><\/div>\n<\/div><\/div>\n<\/div><\/div>\n\n\n\n<p><\/p>\n\n\n\n<hr class=\"wp-block-separator\"\/>\n\n\n\n<figure class=\"wp-block-image size-large\"><img loading=\"lazy\" decoding=\"async\" width=\"1024\" height=\"740\" src=\"https:\/\/www.zeitzfrankozeitz.de\/wp-content\/uploads\/DSC_0563a-1024x740.jpg\" alt=\"Philipp Franko Zeitz\" class=\"wp-image-15830\" srcset=\"https:\/\/www.zeitzfrankozeitz.de\/wp-content\/uploads\/DSC_0563a-1024x740.jpg 1024w, https:\/\/www.zeitzfrankozeitz.de\/wp-content\/uploads\/DSC_0563a-300x217.jpg 300w, https:\/\/www.zeitzfrankozeitz.de\/wp-content\/uploads\/DSC_0563a-768x555.jpg 768w, https:\/\/www.zeitzfrankozeitz.de\/wp-content\/uploads\/DSC_0563a.jpg 1383w\" sizes=\"(max-width: 1024px) 100vw, 1024px\" \/><\/figure>\n\n\n\n<h2 class=\"wp-block-heading\"><strong>Vita<\/strong><\/h2>\n\n\n\n<ul class=\"wp-block-list\"><li>Studium in Essen, M\u00fcnchen (LMU) und&nbsp;Los Angeles (UCLA)<\/li><li>Promotion \u201eTageszeitlicher Verlauf von Refraktion, Visus, Tensio, Pachymetrie und Keratometrie bei LASIK-operierten Augen\u201c (Prof.Dr. Dr. Theo Seiler)<\/li><li>Facharztausbildung in D\u00fcsseldorf und in der Augenklinik Tausendfensterhaus Duisburg (Schwerpunkt: Retina,&nbsp;<a href=\"http:\/\/www.zeitzfrankozeitz.de\/schwerpunkte\/makuladegeneration\/\">Makuladegeneration<\/a>&nbsp;(AMD),&nbsp;<a href=\"http:\/\/www.zeitzfrankozeitz.de\/schwerpunkte\/diabetes\/\">diabetische Retinopathie<\/a>)<\/li><li>Mehrmonatige T\u00e4tigkeit im IROC Z\u00fcrich (Institut f\u00fcr refraktive und Ophthalmochirurgie) bei Prof. Dr. Dr. Theo Seiler (Schwerpunkt: corneale&nbsp;<a href=\"http:\/\/www.zeitzfrankozeitz.de\/schwerpunkte\/augenlaser-und-lasik\/\">Refraktivchirurgie<\/a>, corneales&nbsp;<a href=\"http:\/\/www.zeitzfrankozeitz.de\/schwerpunkte\/keratokonus-crosslinking\/\">Crosslinking<\/a>)<\/li><li>Team-Augenarzt der D\u00fcsseldorf Panther (American Football)<\/li><li>Fr\u00fcher <a href=\"https:\/\/emuseum.duesseldorf.de\/people\/71113\/philipp-zeitz\">Schauspielregie<\/a> (Inszenierungen unter anderem am Theatermuseum D\u00fcsseldorf)<\/li><\/ul>\n","protected":false},"excerpt":{"rendered":"<p>Read the english version \u00bb Wissenschaft und Fortbildung Zahlreiche in der MEDLINE (US National Library of Medicine) gelistete wissenschaftliche Ver\u00f6ffentlichungen als Hauptautor (Verzeichnis) Facharztpr\u00fcfer der \u00c4rztekammer Nordrhein Gutachter (Reviewer) f\u00fcr nationale und internationale Fachzeitschriften (Gutachten durchgef\u00fchrt z.B. f\u00fcr British Journal of Ophthalmology, International Ophthalmology, Klinische Monatsbl\u00e4tter f\u00fcr Augenheilkunde) Konzeption und Betreuung von Doktorarbeiten Regelm\u00e4\u00dfige Vortragst\u00e4tigkeit [&hellip;]<\/p>\n","protected":false},"author":1,"featured_media":0,"parent":8,"menu_order":0,"comment_status":"closed","ping_status":"closed","template":"","meta":{"footnotes":""},"class_list":["post-11","page","type-page","status-publish","hentry"],"yoast_head":"<!-- This site is optimized with the Yoast SEO plugin v15.7 - https:\/\/yoast.com\/wordpress\/plugins\/seo\/ -->\n<title>Augenarzt Dr. Philipp Franko Zeitz, Facharzt und Laserchirurg<\/title>\n<meta name=\"description\" content=\"Augenarzt Dr. Philipp Franko Zeitz, Facharzt f\u00fcr Augenheilkunde und Laserchirurg in der Praxis Zeitz Franko Zeitz im D\u00fcsseldorfer Zentrum\" \/>\n<meta name=\"robots\" content=\"index, follow, max-snippet:-1, max-image-preview:large, max-video-preview:-1\" \/>\n<link rel=\"canonical\" href=\"https:\/\/www.zeitzfrankozeitz.de\/el\/augenarzt-duesseldorf-zeitz-franko-zeitz\/dr-med-philipp-franko-zeitz\/\" \/>\n<meta property=\"og:locale\" content=\"el_GR\" \/>\n<meta property=\"og:type\" content=\"article\" \/>\n<meta property=\"og:title\" content=\"Augenarzt Dr. Philipp Franko Zeitz, Facharzt und Laserchirurg\" \/>\n<meta property=\"og:description\" content=\"Augenarzt Dr. Philipp Franko Zeitz, Facharzt f\u00fcr Augenheilkunde und Laserchirurg in der Praxis Zeitz Franko Zeitz im D\u00fcsseldorfer Zentrum\" \/>\n<meta property=\"og:url\" content=\"https:\/\/www.zeitzfrankozeitz.de\/augenarzt-duesseldorf-zeitz-franko-zeitz\/dr-med-philipp-franko-zeitz\/\" \/>\n<meta property=\"og:site_name\" content=\"Augenarzt D\u00fcsseldorf Praxis Zeitz Franko Zeitz\" \/>\n<meta property=\"article:modified_time\" content=\"2024-08-10T19:48:06+00:00\" \/>\n<meta property=\"og:image\" content=\"https:\/\/www.zeitzfrankozeitz.de\/wp-content\/uploads\/augenarztphilippfrankozeitz-2.jpg\" \/>\n<meta name=\"twitter:card\" content=\"summary_large_image\" \/>\n<meta name=\"twitter:label1\" content=\"\u03b5\u03ba\u03c4\u03b9\u03bc\u03ce\u03bc\u03b5\u03bd\u03bf\u03c2 \u03c7\u03c1\u03cc\u03bd\u03bf\u03c2 \u03b4\u03b9\u03b1\u03b2\u03ac\u03c3\u03bc\u03b1\u03c4\u03bf\u03c2\">\n\t<meta name=\"twitter:data1\" content=\"2 \u03bb\u03b5\u03c0\u03c4\u03ac\">\n<script type=\"application\/ld+json\" class=\"yoast-schema-graph\">{\"@context\":\"https:\/\/schema.org\",\"@graph\":[{\"@type\":\"Organization\",\"@id\":\"https:\/\/www.zeitzfrankozeitz.de\/#organization\",\"name\":\"Augenarzt D\\u00fcsseldorf Zentrum Praxis Zeitz Franko Zeitz\",\"url\":\"https:\/\/www.zeitzfrankozeitz.de\/\",\"sameAs\":[],\"logo\":{\"@type\":\"ImageObject\",\"@id\":\"https:\/\/www.zeitzfrankozeitz.de\/#logo\",\"inLanguage\":\"el\",\"url\":\"https:\/\/www.zeitzfrankozeitz.de\/wp-content\/uploads\/ZFZ_LOGO-NEU.jpg\",\"width\":595,\"height\":841,\"caption\":\"Augenarzt D\\u00fcsseldorf Zentrum Praxis Zeitz Franko Zeitz\"},\"image\":{\"@id\":\"https:\/\/www.zeitzfrankozeitz.de\/#logo\"}},{\"@type\":\"WebSite\",\"@id\":\"https:\/\/www.zeitzfrankozeitz.de\/#website\",\"url\":\"https:\/\/www.zeitzfrankozeitz.de\/\",\"name\":\"Augenarzt D\\u00fcsseldorf Zentrum Praxis Zeitz Franko Zeitz\",\"description\":\"Augenarzt D\\u00fcsseldorf Praxis Zeitz Franko Zeitz\",\"publisher\":{\"@id\":\"https:\/\/www.zeitzfrankozeitz.de\/#organization\"},\"potentialAction\":[{\"@type\":\"SearchAction\",\"target\":\"https:\/\/www.zeitzfrankozeitz.de\/?s={search_term_string}\",\"query-input\":\"required name=search_term_string\"}],\"inLanguage\":\"el\"},{\"@type\":\"ImageObject\",\"@id\":\"https:\/\/www.zeitzfrankozeitz.de\/augenarzt-duesseldorf-zeitz-franko-zeitz\/dr-med-philipp-franko-zeitz\/#primaryimage\",\"inLanguage\":\"el\",\"url\":\"https:\/\/www.zeitzfrankozeitz.de\/wp-content\/uploads\/augenarztphilippfrankozeitz-2.jpg\",\"width\":1024,\"height\":683,\"caption\":\"Augenarzt Dr. Philipp Franko Zeitz\"},{\"@type\":\"WebPage\",\"@id\":\"https:\/\/www.zeitzfrankozeitz.de\/augenarzt-duesseldorf-zeitz-franko-zeitz\/dr-med-philipp-franko-zeitz\/#webpage\",\"url\":\"https:\/\/www.zeitzfrankozeitz.de\/augenarzt-duesseldorf-zeitz-franko-zeitz\/dr-med-philipp-franko-zeitz\/\",\"name\":\"Augenarzt Dr. Philipp Franko Zeitz, Facharzt und Laserchirurg\",\"isPartOf\":{\"@id\":\"https:\/\/www.zeitzfrankozeitz.de\/#website\"},\"primaryImageOfPage\":{\"@id\":\"https:\/\/www.zeitzfrankozeitz.de\/augenarzt-duesseldorf-zeitz-franko-zeitz\/dr-med-philipp-franko-zeitz\/#primaryimage\"},\"datePublished\":\"2019-11-15T13:57:04+00:00\",\"dateModified\":\"2024-08-10T19:48:06+00:00\",\"description\":\"Augenarzt Dr. Philipp Franko Zeitz, Facharzt f\\u00fcr Augenheilkunde und Laserchirurg in der Praxis Zeitz Franko Zeitz im D\\u00fcsseldorfer Zentrum\",\"inLanguage\":\"el\",\"potentialAction\":[{\"@type\":\"ReadAction\",\"target\":[\"https:\/\/www.zeitzfrankozeitz.de\/augenarzt-duesseldorf-zeitz-franko-zeitz\/dr-med-philipp-franko-zeitz\/\"]}]}]}<\/script>\n<!-- \/ Yoast SEO plugin. -->","_links":{"self":[{"href":"https:\/\/www.zeitzfrankozeitz.de\/el\/wp-json\/wp\/v2\/pages\/11"}],"collection":[{"href":"https:\/\/www.zeitzfrankozeitz.de\/el\/wp-json\/wp\/v2\/pages"}],"about":[{"href":"https:\/\/www.zeitzfrankozeitz.de\/el\/wp-json\/wp\/v2\/types\/page"}],"author":[{"embeddable":true,"href":"https:\/\/www.zeitzfrankozeitz.de\/el\/wp-json\/wp\/v2\/users\/1"}],"replies":[{"embeddable":true,"href":"https:\/\/www.zeitzfrankozeitz.de\/el\/wp-json\/wp\/v2\/comments?post=11"}],"version-history":[{"count":37,"href":"https:\/\/www.zeitzfrankozeitz.de\/el\/wp-json\/wp\/v2\/pages\/11\/revisions"}],"predecessor-version":[{"id":17344,"href":"https:\/\/www.zeitzfrankozeitz.de\/el\/wp-json\/wp\/v2\/pages\/11\/revisions\/17344"}],"up":[{"embeddable":true,"href":"https:\/\/www.zeitzfrankozeitz.de\/el\/wp-json\/wp\/v2\/pages\/8"}],"wp:attachment":[{"href":"https:\/\/www.zeitzfrankozeitz.de\/el\/wp-json\/wp\/v2\/media?parent=11"}],"curies":[{"name":"wp","href":"https:\/\/api.w.org\/{rel}","templated":true}]}}