{"id":81,"date":"2019-11-15T17:20:27","date_gmt":"2019-11-15T16:20:27","guid":{"rendered":"http:\/\/www.zeitzfrankozeitz.de\/?page_id=81"},"modified":"2024-08-11T13:14:02","modified_gmt":"2024-08-11T11:14:02","slug":"makuladegeneration-ivom","status":"publish","type":"page","link":"https:\/\/www.zeitzfrankozeitz.de\/en\/schwerpunkte\/makuladegeneration-ivom\/","title":{"rendered":"Makuladegeneration und Diagnostik der Netzhautmitte"},"content":{"rendered":"\n<p>Intravitreale Injektionen (IVOM) und die optische Koh\u00e4renztomographie (OCT) haben die Diagnostik und Behandlung der Makuladegeneration und damit die Lebensqualit\u00e4t der betroffenen Patienten erheblich verbessert: <\/p>\n\n\n\n<p>Die Makuladegeneration, eine Erkrankung der Netzhautmitte, ist schon jetzt die h\u00e4ufigste Ursache f\u00fcr gravierende Seheinschr\u00e4nkungen in Europa bei Menschen \u00fcber dem 50. Lebensjahr und die Anzahl an erkrankten Patienten steigt.  Mittels einfacher intravitrealer Injektionen (IVOM) l\u00e4sst sich die Erkrankung sicher und effektiv behandeln. <\/p>\n\n\n\n<p>Mit der optischen Koh\u00e4renztomographie (OCT) sind diese Erkrankung und andere Ver\u00e4nderungen der Netzhaut (Retina), etwa bei <a href=\"https:\/\/www.zeitzfrankozeitz.de\/schwerpunkte\/diabetes\/\">diabetischer Retinopathie<\/a> oder retinalen Venenverschl\u00fcssen, sehr genau und schnell zu erkennen. <\/p>\n\n\n\n<p>IVOM und OCT f\u00fchren <a href=\"https:\/\/www.zeitzfrankozeitz.de\/dr-med-joachim-zeitz\/\">Dr. Joachim Zeitz<\/a> und <a href=\"https:\/\/www.zeitzfrankozeitz.de\/ueber-uns\/dr-med-philipp-franko-zeitz\/\">Dr. Philipp Franko Zeitz<\/a> seit den Anf\u00e4ngen dieser Therapie und Diagnostik durch. Beide \u00c4rzte haben an <a href=\"https:\/\/pubmed.ncbi.nlm.nih.gov\/27460280\/\">Studien zur IVOM<\/a> teilgenommen, Dr. Philipp Franko Zeitz hat zur OCT Diagnostik in <a href=\"https:\/\/pubmed.ncbi.nlm.nih.gov\/27567904\/\">&#8220;Graefe&#8217;s Archive for Clinical and Experimental Ophthalmology&#8221;<\/a> publiziert.<\/p>\n\n\n\n<figure class=\"wp-block-image size-large\"><img loading=\"lazy\" decoding=\"async\" width=\"1024\" height=\"683\" src=\"https:\/\/www.zeitzfrankozeitz.de\/wp-content\/uploads\/ZFZ_Augenuntersuchung_10292-1024x683.jpg\" alt=\"\" class=\"wp-image-16057\" srcset=\"https:\/\/www.zeitzfrankozeitz.de\/wp-content\/uploads\/ZFZ_Augenuntersuchung_10292-1024x683.jpg 1024w, https:\/\/www.zeitzfrankozeitz.de\/wp-content\/uploads\/ZFZ_Augenuntersuchung_10292-300x200.jpg 300w, https:\/\/www.zeitzfrankozeitz.de\/wp-content\/uploads\/ZFZ_Augenuntersuchung_10292-768x513.jpg 768w, https:\/\/www.zeitzfrankozeitz.de\/wp-content\/uploads\/ZFZ_Augenuntersuchung_10292-1536x1025.jpg 1536w, https:\/\/www.zeitzfrankozeitz.de\/wp-content\/uploads\/ZFZ_Augenuntersuchung_10292-2048x1367.jpg 2048w\" sizes=\"(max-width: 1024px) 100vw, 1024px\" \/><figcaption><em>Untersuchung der Netzhaut mittels optischer Koh\u00e4renztomographie (OCT)<\/em><\/figcaption><\/figure>\n\n\n\n<p>Ursache der Makuladegeneration ist ein Funktionsverlust von Netzhautzellen an der Stelle des sch\u00e4rfsten Sehens, als Risikofaktoren gelten neben einer genetischen Veranlagung ein hoher Blutdruck, Rauchen und zunehmendes Alter. Unter dem Begriff Makuladegeneration wird genau genommen eine ganze Gruppe von Ver\u00e4nderungen verschiedener Ursache und Auspr\u00e4gung zusammengefasst, die letztlich alle zum gleichen Problem f\u00fchren. Dabei lassen sich milde Formen mit geringer Einschr\u00e4nkung der Sehqualit\u00e4t von schwereren, h\u00e4ufig schnell fortschreitenden Formen trennen.<\/p>\n\n\n\n<figure class=\"wp-block-image size-large\"><img loading=\"lazy\" decoding=\"async\" width=\"900\" height=\"594\" src=\"http:\/\/www.zeitzfrankozeitz.de\/wp-content\/uploads\/2019\/11\/amd.jpg\" alt=\"Makuladegeneration\" class=\"wp-image-82\"\/><figcaption><em>Netzhautmitte (Makula) mit Makuladegeneration<\/em><\/figcaption><\/figure>\n\n\n\n<p>Bis zur Jahrtausendwende existierten kaum Behandlungsm\u00f6glichkeiten, aber heute gibt es f\u00fcr eine Vielzahl von Formen der Makuladegeneration effektive und sichere Therapien. F\u00fcr den Therapieerfolg ist vor allem eine Fr\u00fcherkennung der Ver\u00e4nderungen und eine pr\u00e4zise Diagnostik entscheidend. Dies l\u00e4\u00dft sich am besten durch zwei Faktoren sichern: Regelm\u00e4\u00dfige Routinekontrollen und eine genaue und umfassende Aufkl\u00e4rung zu Warnsignalen und Symptomen. Gerne schauen wir uns in unserer Praxis Ihre Netzhaut an \u2013 sollten Sie betroffen sein, dann f\u00fchren wir auch weitere Spezialuntersuchungen und die Therapie durch.<\/p>\n","protected":false},"excerpt":{"rendered":"<p>Intravitreale Injektionen (IVOM) und die optische Koh\u00e4renztomographie (OCT) haben die Diagnostik und Behandlung der Makuladegeneration und damit die Lebensqualit\u00e4t der betroffenen Patienten erheblich verbessert: Die Makuladegeneration, eine Erkrankung der Netzhautmitte, ist schon jetzt die h\u00e4ufigste Ursache f\u00fcr gravierende Seheinschr\u00e4nkungen in Europa bei Menschen \u00fcber dem 50. Lebensjahr und die Anzahl an erkrankten Patienten steigt. Mittels [&hellip;]<\/p>\n","protected":false},"author":1,"featured_media":0,"parent":66,"menu_order":0,"comment_status":"closed","ping_status":"closed","template":"","meta":{"footnotes":""},"class_list":["post-81","page","type-page","status-publish","hentry"],"yoast_head":"<!-- This site is optimized with the Yoast SEO plugin v15.7 - https:\/\/yoast.com\/wordpress\/plugins\/seo\/ -->\n<title>Makuladegeneration und intravitreale Injektionen (IVOM)<\/title>\n<meta name=\"description\" content=\"Makuladegeneration und intravitreale Injektionen (IVOM) als Behandlung, Diagnostik optische Koh\u00e4renztomographie (OCT)\" \/>\n<meta name=\"robots\" content=\"index, follow, max-snippet:-1, max-image-preview:large, max-video-preview:-1\" \/>\n<link rel=\"canonical\" href=\"https:\/\/www.zeitzfrankozeitz.de\/en\/schwerpunkte\/makuladegeneration-ivom\/\" \/>\n<meta property=\"og:locale\" content=\"en_US\" \/>\n<meta property=\"og:type\" content=\"article\" \/>\n<meta property=\"og:title\" content=\"Makuladegeneration und intravitreale Injektionen (IVOM)\" \/>\n<meta property=\"og:description\" content=\"Makuladegeneration und intravitreale Injektionen (IVOM) als Behandlung, Diagnostik optische Koh\u00e4renztomographie (OCT)\" \/>\n<meta property=\"og:url\" content=\"https:\/\/www.zeitzfrankozeitz.de\/schwerpunkte\/makuladegeneration-ivom\/\" \/>\n<meta property=\"og:site_name\" content=\"Augenarzt D\u00fcsseldorf Praxis Zeitz Franko Zeitz\" \/>\n<meta property=\"article:modified_time\" content=\"2024-08-11T11:14:02+00:00\" \/>\n<meta property=\"og:image\" content=\"https:\/\/www.zeitzfrankozeitz.de\/wp-content\/uploads\/ZFZ_Augenuntersuchung_10292-1024x683.jpg\" \/>\n<meta name=\"twitter:card\" content=\"summary_large_image\" \/>\n<meta name=\"twitter:label1\" content=\"Est. reading time\">\n\t<meta name=\"twitter:data1\" content=\"2 minutes\">\n<script type=\"application\/ld+json\" class=\"yoast-schema-graph\">{\"@context\":\"https:\/\/schema.org\",\"@graph\":[{\"@type\":\"Organization\",\"@id\":\"https:\/\/www.zeitzfrankozeitz.de\/#organization\",\"name\":\"Augenarzt D\\u00fcsseldorf Zentrum Praxis Zeitz Franko Zeitz\",\"url\":\"https:\/\/www.zeitzfrankozeitz.de\/\",\"sameAs\":[],\"logo\":{\"@type\":\"ImageObject\",\"@id\":\"https:\/\/www.zeitzfrankozeitz.de\/#logo\",\"inLanguage\":\"en-US\",\"url\":\"https:\/\/www.zeitzfrankozeitz.de\/wp-content\/uploads\/ZFZ_LOGO-NEU.jpg\",\"width\":595,\"height\":841,\"caption\":\"Augenarzt D\\u00fcsseldorf Zentrum Praxis Zeitz Franko Zeitz\"},\"image\":{\"@id\":\"https:\/\/www.zeitzfrankozeitz.de\/#logo\"}},{\"@type\":\"WebSite\",\"@id\":\"https:\/\/www.zeitzfrankozeitz.de\/#website\",\"url\":\"https:\/\/www.zeitzfrankozeitz.de\/\",\"name\":\"Augenarzt D\\u00fcsseldorf Zentrum Praxis Zeitz Franko Zeitz\",\"description\":\"Augenarzt D\\u00fcsseldorf Praxis Zeitz Franko Zeitz\",\"publisher\":{\"@id\":\"https:\/\/www.zeitzfrankozeitz.de\/#organization\"},\"potentialAction\":[{\"@type\":\"SearchAction\",\"target\":\"https:\/\/www.zeitzfrankozeitz.de\/?s={search_term_string}\",\"query-input\":\"required name=search_term_string\"}],\"inLanguage\":\"en-US\"},{\"@type\":\"ImageObject\",\"@id\":\"https:\/\/www.zeitzfrankozeitz.de\/schwerpunkte\/makuladegeneration-ivom\/#primaryimage\",\"inLanguage\":\"en-US\",\"url\":\"https:\/\/www.zeitzfrankozeitz.de\/wp-content\/uploads\/ZFZ_Augenuntersuchung_10292-1024x683.jpg\"},{\"@type\":\"WebPage\",\"@id\":\"https:\/\/www.zeitzfrankozeitz.de\/schwerpunkte\/makuladegeneration-ivom\/#webpage\",\"url\":\"https:\/\/www.zeitzfrankozeitz.de\/schwerpunkte\/makuladegeneration-ivom\/\",\"name\":\"Makuladegeneration und intravitreale Injektionen (IVOM)\",\"isPartOf\":{\"@id\":\"https:\/\/www.zeitzfrankozeitz.de\/#website\"},\"primaryImageOfPage\":{\"@id\":\"https:\/\/www.zeitzfrankozeitz.de\/schwerpunkte\/makuladegeneration-ivom\/#primaryimage\"},\"datePublished\":\"2019-11-15T16:20:27+00:00\",\"dateModified\":\"2024-08-11T11:14:02+00:00\",\"description\":\"Makuladegeneration und intravitreale Injektionen (IVOM) als Behandlung, Diagnostik optische Koh\\u00e4renztomographie (OCT)\",\"inLanguage\":\"en-US\",\"potentialAction\":[{\"@type\":\"ReadAction\",\"target\":[\"https:\/\/www.zeitzfrankozeitz.de\/schwerpunkte\/makuladegeneration-ivom\/\"]}]}]}<\/script>\n<!-- \/ Yoast SEO plugin. -->","_links":{"self":[{"href":"https:\/\/www.zeitzfrankozeitz.de\/en\/wp-json\/wp\/v2\/pages\/81"}],"collection":[{"href":"https:\/\/www.zeitzfrankozeitz.de\/en\/wp-json\/wp\/v2\/pages"}],"about":[{"href":"https:\/\/www.zeitzfrankozeitz.de\/en\/wp-json\/wp\/v2\/types\/page"}],"author":[{"embeddable":true,"href":"https:\/\/www.zeitzfrankozeitz.de\/en\/wp-json\/wp\/v2\/users\/1"}],"replies":[{"embeddable":true,"href":"https:\/\/www.zeitzfrankozeitz.de\/en\/wp-json\/wp\/v2\/comments?post=81"}],"version-history":[{"count":23,"href":"https:\/\/www.zeitzfrankozeitz.de\/en\/wp-json\/wp\/v2\/pages\/81\/revisions"}],"predecessor-version":[{"id":17373,"href":"https:\/\/www.zeitzfrankozeitz.de\/en\/wp-json\/wp\/v2\/pages\/81\/revisions\/17373"}],"up":[{"embeddable":true,"href":"https:\/\/www.zeitzfrankozeitz.de\/en\/wp-json\/wp\/v2\/pages\/66"}],"wp:attachment":[{"href":"https:\/\/www.zeitzfrankozeitz.de\/en\/wp-json\/wp\/v2\/media?parent=81"}],"curies":[{"name":"wp","href":"https:\/\/api.w.org\/{rel}","templated":true}]}}