{"id":56,"date":"2019-11-15T16:27:55","date_gmt":"2019-11-15T15:27:55","guid":{"rendered":"http:\/\/www.zeitzfrankozeitz.de\/?page_id=56"},"modified":"2019-11-15T17:15:50","modified_gmt":"2019-11-15T16:15:50","slug":"wegbeschreibung","status":"publish","type":"page","link":"https:\/\/www.zeitzfrankozeitz.de\/es\/kontakt\/wegbeschreibung\/","title":{"rendered":"Wegbeschreibung"},"content":{"rendered":"\n<p>Blumenstrasse 11-15<br>40212 D\u00fcsseldorf<br>Telefon: 0211 \/ 22 06 980<\/p>\n\n\n\n<p>Sie finden unsere Praxis mitten im Stadtzentrum zwischen K\u00f6nigsallee und Berliner Allee, gegen\u00fcber den Schadow Arkaden, direkt\u00a0neben der bekannten Konditorei Heinemann. Parkpl\u00e4tze stehen in direkter N\u00e4he zur Verf\u00fcgung, auch mit \u00f6ffentlichen Verkehrsmitteln erreichen Sie uns aus allen Richtungen schnell und einfach.<\/p>\n\n\n\n<style>.embed-container { position: relative; padding-bottom: 56.25%; height: 0; overflow: hidden; max-width: 100%; } .embed-container iframe, .embed-container object, .embed-container embed { position: absolute; top: 0; left: 0; width: 100%; height: 100%; }<\/style><div class='embed-container'><iframe src='https:\/\/www.google.com\/maps\/embed?pb=!1m18!1m12!1m3!1d2498.688232795791!2d6.7786604519684355!3d51.224818679489324!2m3!1f0!2f0!3f0!3m2!1i1024!2i768!4f13.1!3m3!1m2!1s0x47b8ca233035af97%3A0x47c5f3b80a48bdb4!2sBlumenstra%C3%9Fe%2011-15%2C%2040212%20D%C3%BCsseldorf!5e0!3m2!1sde!2sde!4v1573831858640!5m2!1sde!2sde' width='600' height='450' frameborder='0' style='border:0;' allowfullscreen=''><\/iframe><\/div>\n\n\n\n<div style=\"height:80px\" aria-hidden=\"true\" class=\"wp-block-spacer\"><\/div>\n\n\n\n<h2 class=\"wp-block-heading\">Mit dem Auto:<\/h2>\n\n\n\n<p>Die Blumenstra\u00dfe ist eine Einbahnstra\u00dfe zwischen K\u00f6nigsallee und Berliner Allee. In den direkt auf der gegen\u00fcberliegenden Stra\u00dfenseite gelegenen Schadow-Arkaden finden Sie ein Parkhaus (Einfahrt \u00fcber Martin-Luther-Platz).<\/p>\n\n\n\n<div style=\"height:80px\" aria-hidden=\"true\" class=\"wp-block-spacer\"><\/div>\n\n\n\n<h2 class=\"wp-block-heading\">Mit \u00f6ffentlichen Verkehrsmitteln:<\/h2>\n\n\n\n<p>Unsere Praxis befindet sich weniger als 5 Gehminuten entfernt von den U-Bahn-, Bus- und Bahnhaltestellen \u201eHeinrich Heine-Allee\u201c, \u201eSteinstra\u00dfe\u201c und \u201eJan-Wellem-Platz\u201c , dort halten beispielsweise die U-Bahnen U70, U74, U75, U76, U77, U78, U79, die Bahnen 701, 703, 706, 711, 712, 713, 715 und die Busse 780, 782, 785, 805, 809, 817.<\/p>\n","protected":false},"excerpt":{"rendered":"<p>Blumenstrasse 11-1540212 D\u00fcsseldorfTelefon: 0211 \/ 22 06 980 Sie finden unsere Praxis mitten im Stadtzentrum zwischen K\u00f6nigsallee und Berliner Allee, gegen\u00fcber den Schadow Arkaden, direkt\u00a0neben der bekannten Konditorei Heinemann. Parkpl\u00e4tze stehen in direkter N\u00e4he zur Verf\u00fcgung, auch mit \u00f6ffentlichen Verkehrsmitteln erreichen Sie uns aus allen Richtungen schnell und einfach. Mit dem Auto: Die Blumenstra\u00dfe ist [&hellip;]<\/p>\n","protected":false},"author":1,"featured_media":0,"parent":50,"menu_order":0,"comment_status":"closed","ping_status":"closed","template":"","meta":{"footnotes":""},"class_list":["post-56","page","type-page","status-publish","hentry"],"yoast_head":"<!-- This site is optimized with the Yoast SEO plugin v15.7 - https:\/\/yoast.com\/wordpress\/plugins\/seo\/ -->\n<title>Wegbeschreibung &bull; Augenarzt D\u00fcsseldorf Praxis Zeitz Franko Zeitz<\/title>\n<meta name=\"robots\" content=\"index, follow, max-snippet:-1, max-image-preview:large, max-video-preview:-1\" \/>\n<link rel=\"canonical\" href=\"https:\/\/www.zeitzfrankozeitz.de\/es\/kontakt\/wegbeschreibung\/\" \/>\n<meta property=\"og:locale\" content=\"es_ES\" \/>\n<meta property=\"og:type\" content=\"article\" \/>\n<meta property=\"og:title\" content=\"Wegbeschreibung &bull; Augenarzt D\u00fcsseldorf Praxis Zeitz Franko Zeitz\" \/>\n<meta property=\"og:description\" content=\"Blumenstrasse 11-1540212 D\u00fcsseldorfTelefon: 0211 \/ 22 06 980 Sie finden unsere Praxis mitten im Stadtzentrum zwischen K\u00f6nigsallee und Berliner Allee, gegen\u00fcber den Schadow Arkaden, direkt\u00a0neben der bekannten Konditorei Heinemann. Parkpl\u00e4tze stehen in direkter N\u00e4he zur Verf\u00fcgung, auch mit \u00f6ffentlichen Verkehrsmitteln erreichen Sie uns aus allen Richtungen schnell und einfach. Mit dem Auto: Die Blumenstra\u00dfe ist [&hellip;]\" \/>\n<meta property=\"og:url\" content=\"https:\/\/www.zeitzfrankozeitz.de\/kontakt\/wegbeschreibung\/\" \/>\n<meta property=\"og:site_name\" content=\"Augenarzt D\u00fcsseldorf Praxis Zeitz Franko Zeitz\" \/>\n<meta property=\"article:modified_time\" content=\"2019-11-15T16:15:50+00:00\" \/>\n<meta name=\"twitter:card\" content=\"summary_large_image\" \/>\n<meta name=\"twitter:label1\" content=\"Tiempo de lectura\">\n\t<meta name=\"twitter:data1\" content=\"1 minuto\">\n<script type=\"application\/ld+json\" class=\"yoast-schema-graph\">{\"@context\":\"https:\/\/schema.org\",\"@graph\":[{\"@type\":\"Organization\",\"@id\":\"https:\/\/www.zeitzfrankozeitz.de\/#organization\",\"name\":\"Augenarzt D\\u00fcsseldorf Zentrum Praxis Zeitz Franko Zeitz\",\"url\":\"https:\/\/www.zeitzfrankozeitz.de\/\",\"sameAs\":[],\"logo\":{\"@type\":\"ImageObject\",\"@id\":\"https:\/\/www.zeitzfrankozeitz.de\/#logo\",\"inLanguage\":\"es\",\"url\":\"https:\/\/www.zeitzfrankozeitz.de\/wp-content\/uploads\/ZFZ_LOGO-NEU.jpg\",\"width\":595,\"height\":841,\"caption\":\"Augenarzt D\\u00fcsseldorf Zentrum Praxis Zeitz Franko Zeitz\"},\"image\":{\"@id\":\"https:\/\/www.zeitzfrankozeitz.de\/#logo\"}},{\"@type\":\"WebSite\",\"@id\":\"https:\/\/www.zeitzfrankozeitz.de\/#website\",\"url\":\"https:\/\/www.zeitzfrankozeitz.de\/\",\"name\":\"Augenarzt D\\u00fcsseldorf Zentrum Praxis Zeitz Franko Zeitz\",\"description\":\"Augenarzt D\\u00fcsseldorf Praxis Zeitz Franko Zeitz\",\"publisher\":{\"@id\":\"https:\/\/www.zeitzfrankozeitz.de\/#organization\"},\"potentialAction\":[{\"@type\":\"SearchAction\",\"target\":\"https:\/\/www.zeitzfrankozeitz.de\/?s={search_term_string}\",\"query-input\":\"required name=search_term_string\"}],\"inLanguage\":\"es\"},{\"@type\":\"WebPage\",\"@id\":\"https:\/\/www.zeitzfrankozeitz.de\/kontakt\/wegbeschreibung\/#webpage\",\"url\":\"https:\/\/www.zeitzfrankozeitz.de\/kontakt\/wegbeschreibung\/\",\"name\":\"Wegbeschreibung &bull; Augenarzt D\\u00fcsseldorf Praxis Zeitz Franko Zeitz\",\"isPartOf\":{\"@id\":\"https:\/\/www.zeitzfrankozeitz.de\/#website\"},\"datePublished\":\"2019-11-15T15:27:55+00:00\",\"dateModified\":\"2019-11-15T16:15:50+00:00\",\"inLanguage\":\"es\",\"potentialAction\":[{\"@type\":\"ReadAction\",\"target\":[\"https:\/\/www.zeitzfrankozeitz.de\/kontakt\/wegbeschreibung\/\"]}]}]}<\/script>\n<!-- \/ Yoast SEO plugin. -->","_links":{"self":[{"href":"https:\/\/www.zeitzfrankozeitz.de\/es\/wp-json\/wp\/v2\/pages\/56"}],"collection":[{"href":"https:\/\/www.zeitzfrankozeitz.de\/es\/wp-json\/wp\/v2\/pages"}],"about":[{"href":"https:\/\/www.zeitzfrankozeitz.de\/es\/wp-json\/wp\/v2\/types\/page"}],"author":[{"embeddable":true,"href":"https:\/\/www.zeitzfrankozeitz.de\/es\/wp-json\/wp\/v2\/users\/1"}],"replies":[{"embeddable":true,"href":"https:\/\/www.zeitzfrankozeitz.de\/es\/wp-json\/wp\/v2\/comments?post=56"}],"version-history":[{"count":7,"href":"https:\/\/www.zeitzfrankozeitz.de\/es\/wp-json\/wp\/v2\/pages\/56\/revisions"}],"predecessor-version":[{"id":64,"href":"https:\/\/www.zeitzfrankozeitz.de\/es\/wp-json\/wp\/v2\/pages\/56\/revisions\/64"}],"up":[{"embeddable":true,"href":"https:\/\/www.zeitzfrankozeitz.de\/es\/wp-json\/wp\/v2\/pages\/50"}],"wp:attachment":[{"href":"https:\/\/www.zeitzfrankozeitz.de\/es\/wp-json\/wp\/v2\/media?parent=56"}],"curies":[{"name":"wp","href":"https:\/\/api.w.org\/{rel}","templated":true}]}}