{"id":69,"date":"2019-11-15T17:17:02","date_gmt":"2019-11-15T16:17:02","guid":{"rendered":"http:\/\/www.zeitzfrankozeitz.de\/?page_id=69"},"modified":"2020-06-17T15:32:07","modified_gmt":"2020-06-17T13:32:07","slug":"allgemeiner-check-up","status":"publish","type":"page","link":"https:\/\/www.zeitzfrankozeitz.de\/hr\/schwerpunkte\/allgemeiner-check-up\/","title":{"rendered":"Allgemeiner Check-up"},"content":{"rendered":"\n<p>Sie m\u00f6chten einfach Ihre Augen pr\u00fcfen lassen &#8211; wissen, ob Sie&nbsp;gut sehen&nbsp;und ob die Augen gesund sind?<\/p>\n\n\n\n<figure class=\"wp-block-image size-large\"><img loading=\"lazy\" decoding=\"async\" width=\"899\" height=\"600\" src=\"http:\/\/www.zeitzfrankozeitz.de\/wp-content\/uploads\/2019\/11\/zfz-check.jpg\" alt=\"\" class=\"wp-image-70\"\/><\/figure>\n\n\n\n<p>Das ist gut, denn eine Routineuntersuchung der Augen ist wichtig. Viele Erkrankungen verlaufen in den Anfangsstadien unbemerkt und k\u00f6nnen nur im Rahmen solch einer Routineuntersuchung rechtzeitig erkannt werden.<\/p>\n\n\n\n<figure class=\"wp-block-image size-large\"><img loading=\"lazy\" decoding=\"async\" width=\"1024\" height=\"683\" src=\"https:\/\/www.zeitzfrankozeitz.de\/wp-content\/uploads\/ZFZ_Augenuntersuchung_9987-1024x683.jpg\" alt=\"\" class=\"wp-image-15993\" srcset=\"https:\/\/www.zeitzfrankozeitz.de\/wp-content\/uploads\/ZFZ_Augenuntersuchung_9987-1024x683.jpg 1024w, https:\/\/www.zeitzfrankozeitz.de\/wp-content\/uploads\/ZFZ_Augenuntersuchung_9987-300x200.jpg 300w, https:\/\/www.zeitzfrankozeitz.de\/wp-content\/uploads\/ZFZ_Augenuntersuchung_9987-768x513.jpg 768w, https:\/\/www.zeitzfrankozeitz.de\/wp-content\/uploads\/ZFZ_Augenuntersuchung_9987-1536x1025.jpg 1536w, https:\/\/www.zeitzfrankozeitz.de\/wp-content\/uploads\/ZFZ_Augenuntersuchung_9987-2048x1367.jpg 2048w\" sizes=\"(max-width: 1024px) 100vw, 1024px\" \/><\/figure>\n\n\n\n<p>Wir f\u00fchren gerne eine Grunduntersuchung durch, die individuell auf Sie zugeschnitten ist, pr\u00fcfen Sehsch\u00e4rfe und Gesundheit der Augen und bieten Ihnen die f\u00fcr Sie sinnvollen Vorsorgeuntersuchungen. Sollte dabei etwas nicht in Ordnung sein, untersuchen wir das selbstverst\u00e4ndlich genauer.<\/p>\n","protected":false},"excerpt":{"rendered":"<p>Sie m\u00f6chten einfach Ihre Augen pr\u00fcfen lassen &#8211; wissen, ob Sie&nbsp;gut sehen&nbsp;und ob die Augen gesund sind? Das ist gut, denn eine Routineuntersuchung der Augen ist wichtig. Viele Erkrankungen verlaufen in den Anfangsstadien unbemerkt und k\u00f6nnen nur im Rahmen solch einer Routineuntersuchung rechtzeitig erkannt werden. Wir f\u00fchren gerne eine Grunduntersuchung durch, die individuell auf Sie [&hellip;]<\/p>\n","protected":false},"author":1,"featured_media":0,"parent":66,"menu_order":0,"comment_status":"closed","ping_status":"closed","template":"","meta":{"footnotes":""},"class_list":["post-69","page","type-page","status-publish","hentry"],"yoast_head":"<!-- This site is optimized with the Yoast SEO plugin v15.7 - https:\/\/yoast.com\/wordpress\/plugins\/seo\/ -->\n<title>Allgemeiner Check-up &bull; Augenarzt D\u00fcsseldorf Praxis Zeitz Franko Zeitz<\/title>\n<meta name=\"robots\" content=\"index, follow, max-snippet:-1, max-image-preview:large, max-video-preview:-1\" \/>\n<link rel=\"canonical\" href=\"https:\/\/www.zeitzfrankozeitz.de\/hr\/schwerpunkte\/allgemeiner-check-up\/\" \/>\n<meta property=\"og:locale\" content=\"hr_HR\" \/>\n<meta property=\"og:type\" content=\"article\" \/>\n<meta property=\"og:title\" content=\"Allgemeiner Check-up &bull; Augenarzt D\u00fcsseldorf Praxis Zeitz Franko Zeitz\" \/>\n<meta property=\"og:description\" content=\"Sie m\u00f6chten einfach Ihre Augen pr\u00fcfen lassen &#8211; wissen, ob Sie&nbsp;gut sehen&nbsp;und ob die Augen gesund sind? Das ist gut, denn eine Routineuntersuchung der Augen ist wichtig. Viele Erkrankungen verlaufen in den Anfangsstadien unbemerkt und k\u00f6nnen nur im Rahmen solch einer Routineuntersuchung rechtzeitig erkannt werden. Wir f\u00fchren gerne eine Grunduntersuchung durch, die individuell auf Sie [&hellip;]\" \/>\n<meta property=\"og:url\" content=\"https:\/\/www.zeitzfrankozeitz.de\/schwerpunkte\/allgemeiner-check-up\/\" \/>\n<meta property=\"og:site_name\" content=\"Augenarzt D\u00fcsseldorf Praxis Zeitz Franko Zeitz\" \/>\n<meta property=\"article:modified_time\" content=\"2020-06-17T13:32:07+00:00\" \/>\n<meta property=\"og:image\" content=\"http:\/\/www.zeitzfrankozeitz.de\/wp-content\/uploads\/2019\/11\/zfz-check.jpg\" \/>\n<meta name=\"twitter:card\" content=\"summary_large_image\" \/>\n<script type=\"application\/ld+json\" class=\"yoast-schema-graph\">{\"@context\":\"https:\/\/schema.org\",\"@graph\":[{\"@type\":\"Organization\",\"@id\":\"https:\/\/www.zeitzfrankozeitz.de\/#organization\",\"name\":\"Augenarzt D\\u00fcsseldorf Zentrum Praxis Zeitz Franko Zeitz\",\"url\":\"https:\/\/www.zeitzfrankozeitz.de\/\",\"sameAs\":[],\"logo\":{\"@type\":\"ImageObject\",\"@id\":\"https:\/\/www.zeitzfrankozeitz.de\/#logo\",\"inLanguage\":\"hr\",\"url\":\"https:\/\/www.zeitzfrankozeitz.de\/wp-content\/uploads\/ZFZ_LOGO-NEU.jpg\",\"width\":595,\"height\":841,\"caption\":\"Augenarzt D\\u00fcsseldorf Zentrum Praxis Zeitz Franko Zeitz\"},\"image\":{\"@id\":\"https:\/\/www.zeitzfrankozeitz.de\/#logo\"}},{\"@type\":\"WebSite\",\"@id\":\"https:\/\/www.zeitzfrankozeitz.de\/#website\",\"url\":\"https:\/\/www.zeitzfrankozeitz.de\/\",\"name\":\"Augenarzt D\\u00fcsseldorf Zentrum Praxis Zeitz Franko Zeitz\",\"description\":\"Augenarzt D\\u00fcsseldorf Praxis Zeitz Franko Zeitz\",\"publisher\":{\"@id\":\"https:\/\/www.zeitzfrankozeitz.de\/#organization\"},\"potentialAction\":[{\"@type\":\"SearchAction\",\"target\":\"https:\/\/www.zeitzfrankozeitz.de\/?s={search_term_string}\",\"query-input\":\"required name=search_term_string\"}],\"inLanguage\":\"hr\"},{\"@type\":\"ImageObject\",\"@id\":\"https:\/\/www.zeitzfrankozeitz.de\/schwerpunkte\/allgemeiner-check-up\/#primaryimage\",\"inLanguage\":\"hr\",\"url\":\"http:\/\/www.zeitzfrankozeitz.de\/wp-content\/uploads\/2019\/11\/zfz-check.jpg\"},{\"@type\":\"WebPage\",\"@id\":\"https:\/\/www.zeitzfrankozeitz.de\/schwerpunkte\/allgemeiner-check-up\/#webpage\",\"url\":\"https:\/\/www.zeitzfrankozeitz.de\/schwerpunkte\/allgemeiner-check-up\/\",\"name\":\"Allgemeiner Check-up &bull; Augenarzt D\\u00fcsseldorf Praxis Zeitz Franko Zeitz\",\"isPartOf\":{\"@id\":\"https:\/\/www.zeitzfrankozeitz.de\/#website\"},\"primaryImageOfPage\":{\"@id\":\"https:\/\/www.zeitzfrankozeitz.de\/schwerpunkte\/allgemeiner-check-up\/#primaryimage\"},\"datePublished\":\"2019-11-15T16:17:02+00:00\",\"dateModified\":\"2020-06-17T13:32:07+00:00\",\"inLanguage\":\"hr\",\"potentialAction\":[{\"@type\":\"ReadAction\",\"target\":[\"https:\/\/www.zeitzfrankozeitz.de\/schwerpunkte\/allgemeiner-check-up\/\"]}]}]}<\/script>\n<!-- \/ Yoast SEO plugin. -->","_links":{"self":[{"href":"https:\/\/www.zeitzfrankozeitz.de\/hr\/wp-json\/wp\/v2\/pages\/69"}],"collection":[{"href":"https:\/\/www.zeitzfrankozeitz.de\/hr\/wp-json\/wp\/v2\/pages"}],"about":[{"href":"https:\/\/www.zeitzfrankozeitz.de\/hr\/wp-json\/wp\/v2\/types\/page"}],"author":[{"embeddable":true,"href":"https:\/\/www.zeitzfrankozeitz.de\/hr\/wp-json\/wp\/v2\/users\/1"}],"replies":[{"embeddable":true,"href":"https:\/\/www.zeitzfrankozeitz.de\/hr\/wp-json\/wp\/v2\/comments?post=69"}],"version-history":[{"count":2,"href":"https:\/\/www.zeitzfrankozeitz.de\/hr\/wp-json\/wp\/v2\/pages\/69\/revisions"}],"predecessor-version":[{"id":16341,"href":"https:\/\/www.zeitzfrankozeitz.de\/hr\/wp-json\/wp\/v2\/pages\/69\/revisions\/16341"}],"up":[{"embeddable":true,"href":"https:\/\/www.zeitzfrankozeitz.de\/hr\/wp-json\/wp\/v2\/pages\/66"}],"wp:attachment":[{"href":"https:\/\/www.zeitzfrankozeitz.de\/hr\/wp-json\/wp\/v2\/media?parent=69"}],"curies":[{"name":"wp","href":"https:\/\/api.w.org\/{rel}","templated":true}]}}