{"id":73,"date":"2019-11-15T17:18:08","date_gmt":"2019-11-15T16:18:08","guid":{"rendered":"http:\/\/www.zeitzfrankozeitz.de\/?page_id=73"},"modified":"2024-08-11T13:13:23","modified_gmt":"2024-08-11T11:13:23","slug":"augenlaser-und-lasik","status":"publish","type":"page","link":"https:\/\/www.zeitzfrankozeitz.de\/hr\/schwerpunkte\/augenlaser-und-lasik\/","title":{"rendered":"Augenlaser und LASIK"},"content":{"rendered":"\n<p>Augenlaserbehandlungen, besonders Behandlungen mit dem Excimerlaser (Lasik, Lasek, photorefraktive Keratektomie PRK, phototherapeutische Keratektomie PTK) stehen seit jeher im Vordergrund bei uns und wir f\u00fchren seit 30 Jahren in D\u00fcsseldorf Augenlaser zur Dioptriekorrektur durch. <\/p>\n\n\n\n<figure class=\"wp-block-image size-large\"><img loading=\"lazy\" decoding=\"async\" width=\"768\" height=\"1024\" src=\"https:\/\/www.zeitzfrankozeitz.de\/wp-content\/uploads\/IMG-20180620-WA0003.jpg\" alt=\"\" class=\"wp-image-16685\" srcset=\"https:\/\/www.zeitzfrankozeitz.de\/wp-content\/uploads\/IMG-20180620-WA0003.jpg 768w, https:\/\/www.zeitzfrankozeitz.de\/wp-content\/uploads\/IMG-20180620-WA0003-225x300.jpg 225w\" sizes=\"(max-width: 768px) 100vw, 768px\" \/><\/figure>\n\n\n\n<p><a href=\"https:\/\/www.zeitzfrankozeitz.de\/dr-med-joachim-zeitz\/\">Dr. Joachim Zeitz<\/a> war einer der ersten Augen\u00e4rzte, die in Deutschland diese Art von Augenlaserbehandlungen durchf\u00fchrten. Er ist der Gr\u00fcnder der \u201eArbeitsgruppe Refraktive Laserchirurgie\u201c des Berufsverbandes der Augen\u00e4rzte Deutschlands, heute \u201eKRC, Kommission Refraktive Chirurgie\u201c genannt. <\/p>\n\n\n\n<p><img loading=\"lazy\" decoding=\"async\" width=\"450\" height=\"297\" class=\"wp-image-74\" style=\"width: 450px;\" src=\"https:\/\/www.zeitzfrankozeitz.de\/wp-content\/uploads\/2019\/11\/lasik.jpg\" alt=\"\"><\/p>\n\n\n\n<p>Dr<a href=\"https:\/\/www.zeitzfrankozeitz.de\/ueber-uns\/dr-med-philipp-franko-zeitz\/\">. Philipp Franko Zeitz<\/a> absolvierte in diesem Bereich bereits 1996 seine Doktorarbeit bei Prof. Dr. Dr. Theo Seiler, dem weltweit ersten, der eine Excimerlaserchirurgie gegen Fehlsichtigkeit durchgef\u00fchrt hat, und war nach seiner Facharztpr\u00fcfung f\u00fcr mehrere Monate in dessen Klinik t\u00e4tig. Dr. Joachim Zeitz f\u00fchrt seit den fr\u00fchen neunziger Jahren Augenlaser (PRK und sp\u00e4ter LASIK) in D\u00fcsseldorf durch, Dr. Philipp Franko Zeitz seit 2007.<\/p>\n\n\n\n<figure class=\"wp-block-image size-large\"><img loading=\"lazy\" decoding=\"async\" width=\"683\" height=\"1024\" src=\"https:\/\/www.zeitzfrankozeitz.de\/wp-content\/uploads\/ZFZ_Laserbehandlung_10059-683x1024.jpg\" alt=\"Augenlaser und LASIK in Duesseldorf\" class=\"wp-image-15910\" srcset=\"https:\/\/www.zeitzfrankozeitz.de\/wp-content\/uploads\/ZFZ_Laserbehandlung_10059-683x1024.jpg 683w, https:\/\/www.zeitzfrankozeitz.de\/wp-content\/uploads\/ZFZ_Laserbehandlung_10059-200x300.jpg 200w, https:\/\/www.zeitzfrankozeitz.de\/wp-content\/uploads\/ZFZ_Laserbehandlung_10059-768x1151.jpg 768w, https:\/\/www.zeitzfrankozeitz.de\/wp-content\/uploads\/ZFZ_Laserbehandlung_10059-1025x1536.jpg 1025w, https:\/\/www.zeitzfrankozeitz.de\/wp-content\/uploads\/ZFZ_Laserbehandlung_10059-1367x2048.jpg 1367w, https:\/\/www.zeitzfrankozeitz.de\/wp-content\/uploads\/ZFZ_Laserbehandlung_10059-scaled.jpg 1709w\" sizes=\"(max-width: 683px) 100vw, 683px\" \/><figcaption><em>Augenlaserbehandlung Dr. Philipp Franko Zeitz <\/em><\/figcaption><\/figure>\n\n\n\n<p>Er war auch danach auf diesem Feld wissenschaftlich t\u00e4tig, etwa im Rahmen einer gemeinsamen&nbsp;<a href=\"http:\/\/www.ncbi.nlm.nih.gov\/pubmed\/23258670\">Publikation&nbsp;<\/a>mit Herrn Professor Markus Kohlhaas, Mitglied des KRC-Vorstands oder im Rahmen mehrerer Publikationen zur Biomechanik der Hornhaut (unter anderem in &#8220;Der Ophthalmologe&#8221; und im &#8220;British Journal of Ophthalmology&#8221;).<\/p>\n\n\n\n<p><a href=\"https:\/\/www.zeitzfrankozeitz.de\/medien\/augenaerztliche-akademie-deutschland-2019-dr-philipp-franko-zeitz-zur-biomechanik-der-hornhaut\/\">Vortrag von Dr. Philipp Franko Zeitz zur Biomechanik der Hornhaut im Rahmen der Augen\u00e4rztlichen Akademie Deutschland (AAD) 2019<\/a><\/p>\n\n\n\n<p>Sollten Sie den Wunsch haben \u201evon Ihrer Brille loszukommen\u201c, dann kommen Sie zu einem Beratungsgespr\u00e4ch zum Thema Augenlaser und LASIK zu uns vorbei!<\/p>\n","protected":false},"excerpt":{"rendered":"<p>Augenlaserbehandlungen, besonders Behandlungen mit dem Excimerlaser (Lasik, Lasek, photorefraktive Keratektomie PRK, phototherapeutische Keratektomie PTK) stehen seit jeher im Vordergrund bei uns und wir f\u00fchren seit 30 Jahren in D\u00fcsseldorf Augenlaser zur Dioptriekorrektur durch. Dr. Joachim Zeitz war einer der ersten Augen\u00e4rzte, die in Deutschland diese Art von Augenlaserbehandlungen durchf\u00fchrten. Er ist der Gr\u00fcnder der \u201eArbeitsgruppe [&hellip;]<\/p>\n","protected":false},"author":1,"featured_media":0,"parent":66,"menu_order":0,"comment_status":"closed","ping_status":"closed","template":"","meta":{"footnotes":""},"class_list":["post-73","page","type-page","status-publish","hentry"],"yoast_head":"<!-- This site is optimized with the Yoast SEO plugin v15.7 - https:\/\/yoast.com\/wordpress\/plugins\/seo\/ -->\n<title>Augenlaser und LASIK in D\u00fcsseldorf Zentrum Praxis Zeitz Franko Zeitz<\/title>\n<meta name=\"description\" content=\"LASIK, Augenlaser, refraktive Hornhautchirurgie, Augen\u00e4rzte Praxis Zeitz Franko Zeitz, Augenheilkunde in D\u00fcsseldorf Zentrum\" \/>\n<meta name=\"robots\" content=\"index, follow, max-snippet:-1, max-image-preview:large, max-video-preview:-1\" \/>\n<link rel=\"canonical\" href=\"https:\/\/www.zeitzfrankozeitz.de\/hr\/schwerpunkte\/augenlaser-und-lasik\/\" \/>\n<meta property=\"og:locale\" content=\"hr_HR\" \/>\n<meta property=\"og:type\" content=\"article\" \/>\n<meta property=\"og:title\" content=\"Augenlaser und LASIK in D\u00fcsseldorf Zentrum Praxis Zeitz Franko Zeitz\" \/>\n<meta property=\"og:description\" content=\"LASIK, Augenlaser, refraktive Hornhautchirurgie, Augen\u00e4rzte Praxis Zeitz Franko Zeitz, Augenheilkunde in D\u00fcsseldorf Zentrum\" \/>\n<meta property=\"og:url\" content=\"https:\/\/www.zeitzfrankozeitz.de\/schwerpunkte\/augenlaser-und-lasik\/\" \/>\n<meta property=\"og:site_name\" content=\"Augenarzt D\u00fcsseldorf Praxis Zeitz Franko Zeitz\" \/>\n<meta property=\"article:modified_time\" content=\"2024-08-11T11:13:23+00:00\" \/>\n<meta property=\"og:image\" content=\"https:\/\/www.zeitzfrankozeitz.de\/wp-content\/uploads\/IMG-20180620-WA0003.jpg\" \/>\n<meta name=\"twitter:card\" content=\"summary_large_image\" \/>\n<meta name=\"twitter:label1\" content=\"Procijenjeno vrijeme \u010ditanja\">\n\t<meta name=\"twitter:data1\" content=\"2 minute\">\n<script type=\"application\/ld+json\" class=\"yoast-schema-graph\">{\"@context\":\"https:\/\/schema.org\",\"@graph\":[{\"@type\":\"Organization\",\"@id\":\"https:\/\/www.zeitzfrankozeitz.de\/#organization\",\"name\":\"Augenarzt D\\u00fcsseldorf Zentrum Praxis Zeitz Franko Zeitz\",\"url\":\"https:\/\/www.zeitzfrankozeitz.de\/\",\"sameAs\":[],\"logo\":{\"@type\":\"ImageObject\",\"@id\":\"https:\/\/www.zeitzfrankozeitz.de\/#logo\",\"inLanguage\":\"hr\",\"url\":\"https:\/\/www.zeitzfrankozeitz.de\/wp-content\/uploads\/ZFZ_LOGO-NEU.jpg\",\"width\":595,\"height\":841,\"caption\":\"Augenarzt D\\u00fcsseldorf Zentrum Praxis Zeitz Franko Zeitz\"},\"image\":{\"@id\":\"https:\/\/www.zeitzfrankozeitz.de\/#logo\"}},{\"@type\":\"WebSite\",\"@id\":\"https:\/\/www.zeitzfrankozeitz.de\/#website\",\"url\":\"https:\/\/www.zeitzfrankozeitz.de\/\",\"name\":\"Augenarzt D\\u00fcsseldorf Zentrum Praxis Zeitz Franko Zeitz\",\"description\":\"Augenarzt D\\u00fcsseldorf Praxis Zeitz Franko Zeitz\",\"publisher\":{\"@id\":\"https:\/\/www.zeitzfrankozeitz.de\/#organization\"},\"potentialAction\":[{\"@type\":\"SearchAction\",\"target\":\"https:\/\/www.zeitzfrankozeitz.de\/?s={search_term_string}\",\"query-input\":\"required name=search_term_string\"}],\"inLanguage\":\"hr\"},{\"@type\":\"ImageObject\",\"@id\":\"https:\/\/www.zeitzfrankozeitz.de\/schwerpunkte\/augenlaser-und-lasik\/#primaryimage\",\"inLanguage\":\"hr\",\"url\":\"https:\/\/www.zeitzfrankozeitz.de\/wp-content\/uploads\/IMG-20180620-WA0003.jpg\",\"width\":768,\"height\":1024},{\"@type\":\"WebPage\",\"@id\":\"https:\/\/www.zeitzfrankozeitz.de\/schwerpunkte\/augenlaser-und-lasik\/#webpage\",\"url\":\"https:\/\/www.zeitzfrankozeitz.de\/schwerpunkte\/augenlaser-und-lasik\/\",\"name\":\"Augenlaser und LASIK in D\\u00fcsseldorf Zentrum Praxis Zeitz Franko Zeitz\",\"isPartOf\":{\"@id\":\"https:\/\/www.zeitzfrankozeitz.de\/#website\"},\"primaryImageOfPage\":{\"@id\":\"https:\/\/www.zeitzfrankozeitz.de\/schwerpunkte\/augenlaser-und-lasik\/#primaryimage\"},\"datePublished\":\"2019-11-15T16:18:08+00:00\",\"dateModified\":\"2024-08-11T11:13:23+00:00\",\"description\":\"LASIK, Augenlaser, refraktive Hornhautchirurgie, Augen\\u00e4rzte Praxis Zeitz Franko Zeitz, Augenheilkunde in D\\u00fcsseldorf Zentrum\",\"inLanguage\":\"hr\",\"potentialAction\":[{\"@type\":\"ReadAction\",\"target\":[\"https:\/\/www.zeitzfrankozeitz.de\/schwerpunkte\/augenlaser-und-lasik\/\"]}]}]}<\/script>\n<!-- \/ Yoast SEO plugin. -->","_links":{"self":[{"href":"https:\/\/www.zeitzfrankozeitz.de\/hr\/wp-json\/wp\/v2\/pages\/73"}],"collection":[{"href":"https:\/\/www.zeitzfrankozeitz.de\/hr\/wp-json\/wp\/v2\/pages"}],"about":[{"href":"https:\/\/www.zeitzfrankozeitz.de\/hr\/wp-json\/wp\/v2\/types\/page"}],"author":[{"embeddable":true,"href":"https:\/\/www.zeitzfrankozeitz.de\/hr\/wp-json\/wp\/v2\/users\/1"}],"replies":[{"embeddable":true,"href":"https:\/\/www.zeitzfrankozeitz.de\/hr\/wp-json\/wp\/v2\/comments?post=73"}],"version-history":[{"count":42,"href":"https:\/\/www.zeitzfrankozeitz.de\/hr\/wp-json\/wp\/v2\/pages\/73\/revisions"}],"predecessor-version":[{"id":17372,"href":"https:\/\/www.zeitzfrankozeitz.de\/hr\/wp-json\/wp\/v2\/pages\/73\/revisions\/17372"}],"up":[{"embeddable":true,"href":"https:\/\/www.zeitzfrankozeitz.de\/hr\/wp-json\/wp\/v2\/pages\/66"}],"wp:attachment":[{"href":"https:\/\/www.zeitzfrankozeitz.de\/hr\/wp-json\/wp\/v2\/media?parent=73"}],"curies":[{"name":"wp","href":"https:\/\/api.w.org\/{rel}","templated":true}]}}