{"id":91,"date":"2019-11-15T17:24:27","date_gmt":"2019-11-15T16:24:27","guid":{"rendered":"http:\/\/www.zeitzfrankozeitz.de\/?page_id=91"},"modified":"2024-08-19T13:18:39","modified_gmt":"2024-08-19T11:18:39","slug":"keratokonus-crosslinking","status":"publish","type":"page","link":"https:\/\/www.zeitzfrankozeitz.de\/hr\/schwerpunkte\/keratokonus-crosslinking\/","title":{"rendered":"Keratokonus"},"content":{"rendered":"\n<p>Der Keratokonus ist eine Erkrankung des Hornhautbindegewebes, bei der es bedingt durch eine biomechanische Instabilit\u00e4t zu einer fortschreitenden Vorw\u00f6lbung der Hornhaut und damit zu einer zunehmenden Sehverschlechterung kommt.<\/p>\n\n\n\n<figure class=\"wp-block-image size-large\"><img loading=\"lazy\" decoding=\"async\" width=\"900\" height=\"555\" src=\"http:\/\/www.zeitzfrankozeitz.de\/wp-content\/uploads\/2019\/11\/keratokonus.jpg\" alt=\"\" class=\"wp-image-92\"\/><\/figure>\n\n\n\n<p>Hierbei ist die genaue Ursache noch unklar, neben genetischer Veranlagung werden chronische Mikrotraumata, wie etwa durch h\u00e4ufiges intensives Reiben an den Augen, und Enzymdefekte diskutiert. Typischerweise beginnt die Erkrankung in der Pubert\u00e4t, bei milderen Verlaufsformen zwischen dem 20. und 30. Lebensjahr. Sie macht sich f\u00fcr den Patienten h\u00e4ufig durch eine Verschlechterung der optischen Qualit\u00e4t trotz bestm\u00f6glicher Brille bemerkbar. Insbesondere Kr\u00e4nze und sternartige Ausziehungen um punktuelle Lichtquellen, sogenannte \u201eHalos\u201c und \u201eStarburstph\u00e4nomene\u201c sind typisch, auch ein zunehmender Astigmatismus (Hornhautverkr\u00fcmmung) oder eine zunehmende Myopie (Kurzsichtigkeit)&nbsp;sind verd\u00e4chtig.&nbsp; Durch eine zunehmende Ausd\u00fcnnung und irregul\u00e4re Vorw\u00f6lbung der Hornhaut kann es dann gerade bei aggressiveren Verlaufsformen zu einer teils massiven Verschlechterung bis hin zur Hornhautdekompensation und zentralen Hornhautvernarbung kommen, welches eine gravierende Seheinschr\u00e4nkung nach sich zieht und nur noch mit einer Hornhauttransplantation (Hornhaut\u00fcbertragung) behandelbar ist.<\/p>\n\n\n\n<p>W\u00e4hrend bis etwa zum Jahr 2000 die M\u00f6glichkeiten zum Aufhalten der fortschreitenden Erkrankung \u00e4u\u00dferst begrenzt waren, stehen nunmehr eine ganze Reihe therapeutischer Optionen zur medizinischen und optischen Rehabilitation zur Verf\u00fcgung.&nbsp; Heutzutage l\u00e4\u00dft sich der Keratokonus meist mit einfachen Mitteln stabilisieren, vorausgesetzt, er wird rechtzeitig entdeckt und behandelt.<\/p>\n\n\n\n<p><\/p>\n\n\n\n<p><\/p>\n\n\n\n<hr class=\"wp-block-separator\"\/>\n\n\n\n<h2 class=\"wp-block-heading\">Wir arbeiten wissenschaftlich in diesem Bereich:<\/h2>\n\n\n\n<p>Philipp Franko Zeitz hat zusammen mit Herrn Professor Dr. Markus Kohlhaas Ende 2012 eine im Thieme-Verlag ver\u00f6ffentlichte Publikation (&#8220;<a href=\"http:\/\/www.thieme-connect.com\/products\/ejournals\/abstract\/10.1055\/s-0032-1327956\">Einfluss der Hornhauttransparenz auf die Qualit\u00e4t von Topographien&#8221;)\u00a0<\/a>erarbeitet. 2014 haben die beiden \u00c4rzte der Praxis eine Ver\u00f6ffentlichung zum Thema <a href=\"http:\/\/www.thieme-connect.com\/products\/ejournals\/abstract\/10.1055\/s-0033-1360141\">&#8220;Keratokonusdetektion durch Analyse der cornealen Biomechanik&#8221;<\/a>\u00a0im gleichen Verlag publiziert. Zusammen mit Herrn Professor Dr. Dr. Thomas Fuchsluger hat Dr. Philipp Franko Zeitz ein <a href=\"https:\/\/www.springermedizin.de\/der-ophthalmologe-8-2018\/16023424\">Leitthemenheft<\/a> zu diesem Thema gestaltet und eine <a href=\"https:\/\/www.zeitzfrankozeitz.de\/medien\/british-journal-of-ophthalmology-biomechanical-assessment-of-healthy-and-keratoconic-corneas-with-without-crosslinking-using-dynamic-ultrahigh-speed-scheimpflug-technology-and-the-relevance-of-the\/\">Studie im British Journal of Ophthalmology<\/a> publiziert. <\/p>\n","protected":false},"excerpt":{"rendered":"<p>Der Keratokonus ist eine Erkrankung des Hornhautbindegewebes, bei der es bedingt durch eine biomechanische Instabilit\u00e4t zu einer fortschreitenden Vorw\u00f6lbung der Hornhaut und damit zu einer zunehmenden Sehverschlechterung kommt. Hierbei ist die genaue Ursache noch unklar, neben genetischer Veranlagung werden chronische Mikrotraumata, wie etwa durch h\u00e4ufiges intensives Reiben an den Augen, und Enzymdefekte diskutiert. Typischerweise beginnt [&hellip;]<\/p>\n","protected":false},"author":1,"featured_media":0,"parent":66,"menu_order":0,"comment_status":"closed","ping_status":"closed","template":"","meta":{"footnotes":""},"class_list":["post-91","page","type-page","status-publish","hentry"],"yoast_head":"<!-- This site is optimized with the Yoast SEO plugin v15.7 - https:\/\/yoast.com\/wordpress\/plugins\/seo\/ -->\n<title>Keratokonus &bull; Augenarzt D\u00fcsseldorf Praxis Zeitz Franko Zeitz<\/title>\n<meta name=\"robots\" content=\"index, follow, max-snippet:-1, max-image-preview:large, max-video-preview:-1\" \/>\n<link rel=\"canonical\" href=\"https:\/\/www.zeitzfrankozeitz.de\/hr\/schwerpunkte\/keratokonus-crosslinking\/\" \/>\n<meta property=\"og:locale\" content=\"hr_HR\" \/>\n<meta property=\"og:type\" content=\"article\" \/>\n<meta property=\"og:title\" content=\"Keratokonus &bull; Augenarzt D\u00fcsseldorf Praxis Zeitz Franko Zeitz\" \/>\n<meta property=\"og:description\" content=\"Der Keratokonus ist eine Erkrankung des Hornhautbindegewebes, bei der es bedingt durch eine biomechanische Instabilit\u00e4t zu einer fortschreitenden Vorw\u00f6lbung der Hornhaut und damit zu einer zunehmenden Sehverschlechterung kommt. Hierbei ist die genaue Ursache noch unklar, neben genetischer Veranlagung werden chronische Mikrotraumata, wie etwa durch h\u00e4ufiges intensives Reiben an den Augen, und Enzymdefekte diskutiert. Typischerweise beginnt [&hellip;]\" \/>\n<meta property=\"og:url\" content=\"https:\/\/www.zeitzfrankozeitz.de\/schwerpunkte\/keratokonus-crosslinking\/\" \/>\n<meta property=\"og:site_name\" content=\"Augenarzt D\u00fcsseldorf Praxis Zeitz Franko Zeitz\" \/>\n<meta property=\"article:modified_time\" content=\"2024-08-19T11:18:39+00:00\" \/>\n<meta property=\"og:image\" content=\"http:\/\/www.zeitzfrankozeitz.de\/wp-content\/uploads\/2019\/11\/keratokonus.jpg\" \/>\n<meta name=\"twitter:card\" content=\"summary_large_image\" \/>\n<meta name=\"twitter:label1\" content=\"Procijenjeno vrijeme \u010ditanja\">\n\t<meta name=\"twitter:data1\" content=\"2 minute\">\n<script type=\"application\/ld+json\" class=\"yoast-schema-graph\">{\"@context\":\"https:\/\/schema.org\",\"@graph\":[{\"@type\":\"Organization\",\"@id\":\"https:\/\/www.zeitzfrankozeitz.de\/#organization\",\"name\":\"Augenarzt D\\u00fcsseldorf Zentrum Praxis Zeitz Franko Zeitz\",\"url\":\"https:\/\/www.zeitzfrankozeitz.de\/\",\"sameAs\":[],\"logo\":{\"@type\":\"ImageObject\",\"@id\":\"https:\/\/www.zeitzfrankozeitz.de\/#logo\",\"inLanguage\":\"hr\",\"url\":\"https:\/\/www.zeitzfrankozeitz.de\/wp-content\/uploads\/ZFZ_LOGO-NEU.jpg\",\"width\":595,\"height\":841,\"caption\":\"Augenarzt D\\u00fcsseldorf Zentrum Praxis Zeitz Franko Zeitz\"},\"image\":{\"@id\":\"https:\/\/www.zeitzfrankozeitz.de\/#logo\"}},{\"@type\":\"WebSite\",\"@id\":\"https:\/\/www.zeitzfrankozeitz.de\/#website\",\"url\":\"https:\/\/www.zeitzfrankozeitz.de\/\",\"name\":\"Augenarzt D\\u00fcsseldorf Zentrum Praxis Zeitz Franko Zeitz\",\"description\":\"Augenarzt D\\u00fcsseldorf Praxis Zeitz Franko Zeitz\",\"publisher\":{\"@id\":\"https:\/\/www.zeitzfrankozeitz.de\/#organization\"},\"potentialAction\":[{\"@type\":\"SearchAction\",\"target\":\"https:\/\/www.zeitzfrankozeitz.de\/?s={search_term_string}\",\"query-input\":\"required name=search_term_string\"}],\"inLanguage\":\"hr\"},{\"@type\":\"ImageObject\",\"@id\":\"https:\/\/www.zeitzfrankozeitz.de\/schwerpunkte\/keratokonus-crosslinking\/#primaryimage\",\"inLanguage\":\"hr\",\"url\":\"http:\/\/www.zeitzfrankozeitz.de\/wp-content\/uploads\/2019\/11\/keratokonus.jpg\"},{\"@type\":\"WebPage\",\"@id\":\"https:\/\/www.zeitzfrankozeitz.de\/schwerpunkte\/keratokonus-crosslinking\/#webpage\",\"url\":\"https:\/\/www.zeitzfrankozeitz.de\/schwerpunkte\/keratokonus-crosslinking\/\",\"name\":\"Keratokonus &bull; Augenarzt D\\u00fcsseldorf Praxis Zeitz Franko Zeitz\",\"isPartOf\":{\"@id\":\"https:\/\/www.zeitzfrankozeitz.de\/#website\"},\"primaryImageOfPage\":{\"@id\":\"https:\/\/www.zeitzfrankozeitz.de\/schwerpunkte\/keratokonus-crosslinking\/#primaryimage\"},\"datePublished\":\"2019-11-15T16:24:27+00:00\",\"dateModified\":\"2024-08-19T11:18:39+00:00\",\"inLanguage\":\"hr\",\"potentialAction\":[{\"@type\":\"ReadAction\",\"target\":[\"https:\/\/www.zeitzfrankozeitz.de\/schwerpunkte\/keratokonus-crosslinking\/\"]}]}]}<\/script>\n<!-- \/ Yoast SEO plugin. -->","_links":{"self":[{"href":"https:\/\/www.zeitzfrankozeitz.de\/hr\/wp-json\/wp\/v2\/pages\/91"}],"collection":[{"href":"https:\/\/www.zeitzfrankozeitz.de\/hr\/wp-json\/wp\/v2\/pages"}],"about":[{"href":"https:\/\/www.zeitzfrankozeitz.de\/hr\/wp-json\/wp\/v2\/types\/page"}],"author":[{"embeddable":true,"href":"https:\/\/www.zeitzfrankozeitz.de\/hr\/wp-json\/wp\/v2\/users\/1"}],"replies":[{"embeddable":true,"href":"https:\/\/www.zeitzfrankozeitz.de\/hr\/wp-json\/wp\/v2\/comments?post=91"}],"version-history":[{"count":17,"href":"https:\/\/www.zeitzfrankozeitz.de\/hr\/wp-json\/wp\/v2\/pages\/91\/revisions"}],"predecessor-version":[{"id":17387,"href":"https:\/\/www.zeitzfrankozeitz.de\/hr\/wp-json\/wp\/v2\/pages\/91\/revisions\/17387"}],"up":[{"embeddable":true,"href":"https:\/\/www.zeitzfrankozeitz.de\/hr\/wp-json\/wp\/v2\/pages\/66"}],"wp:attachment":[{"href":"https:\/\/www.zeitzfrankozeitz.de\/hr\/wp-json\/wp\/v2\/media?parent=91"}],"curies":[{"name":"wp","href":"https:\/\/api.w.org\/{rel}","templated":true}]}}