{"id":15731,"date":"2020-03-25T12:54:25","date_gmt":"2020-03-25T11:54:25","guid":{"rendered":"http:\/\/www.zeitzfrankozeitz.de\/?page_id=15731"},"modified":"2023-11-21T00:38:35","modified_gmt":"2023-11-20T23:38:35","slug":"wissenschaftliche-arbeit","status":"publish","type":"page","link":"https:\/\/www.zeitzfrankozeitz.de\/it\/wissenschaftliche-arbeit\/","title":{"rendered":"Wissenschaftliche Arbeit"},"content":{"rendered":"\n<p><strong><a href=\"http:\/\/www.ncbi.nlm.nih.gov\/pubmed\/?term=franko+zeitz+or+zeitz+pf\" target=\"_blank\" rel=\"noreferrer noopener\" aria-label=\" (\u00f6ffnet in einem neuem Tab)\">Ver\u00f6ffentlichungen<\/a><\/strong><\/p>\n\n\n\n<p><strong>Neben der klinischen Routine spielt f\u00fcr uns wissenschaftliches Engagement eine gro\u00dfe Rolle. Dies spiegelt sich wider in der Menge an Ver\u00f6ffentlichungen&nbsp; von Philipp Franko Zeitz, die in der PubMed der US National Library of Medicine gelistet sind.&nbsp;<\/strong><\/p>\n\n\n\n<figure class=\"wp-block-image size-large\"><img loading=\"lazy\" decoding=\"async\" width=\"900\" height=\"600\" src=\"http:\/\/www.zeitzfrankozeitz.de\/wp-content\/uploads\/retinal-layers-1.jpg\" alt=\"\" class=\"wp-image-15732\" srcset=\"https:\/\/www.zeitzfrankozeitz.de\/wp-content\/uploads\/retinal-layers-1.jpg 900w, https:\/\/www.zeitzfrankozeitz.de\/wp-content\/uploads\/retinal-layers-1-300x200.jpg 300w, https:\/\/www.zeitzfrankozeitz.de\/wp-content\/uploads\/retinal-layers-1-768x512.jpg 768w\" sizes=\"(max-width: 900px) 100vw, 900px\" \/><\/figure>\n\n\n\n<hr class=\"wp-block-separator\"\/>\n\n\n\n<h2 class=\"wp-block-heading\">Einige Felder m\u00f6chten wir Ihnen vorstellen:<\/h2>\n\n\n\n<p>Das &#8220;<a href=\"http:\/\/www.zeitzfrankozeitz.de\/wissenschaftliche-arbeit\/dictionary-of-ophthalmology\/\">Dictionary of Ophthalmology<\/a>&#8220;, ein Fachw\u00f6rterbuch mit derzeit \u00fcber 30.000 Eintr\u00e4gen in 12 Sprachen und \u00fcber 2.000 Bildern, welches von der Europ\u00e4ischen Gesellschaft f\u00fcr Augenheilkunde (European Society of Ophthalmology, SOE) unterst\u00fctzt und im Institut f\u00fcr Computerlinguistik an der D\u00fcsseldorfer Universit\u00e4t aus linguistischer Perspektive analysiert wird.<\/p>\n\n\n\n<p>Das Thema &#8220;<a href=\"http:\/\/www.zeitzfrankozeitz.de\/wissenschaftliche-arbeit\/augenschmerzen-aus-interdisziplinaerer-sicht\/\">Augenschmerzen<\/a>&#8220;, zu dem Franko Zeitz als Gastherausgeber und Autor mehrerer Artikel das Leitthema der Zeitschrift &#8220;Der Ophthalmologe&#8221;, der wissenschaftlich h\u00f6chstgewerteten deutschsprachigen Zeitschrift f\u00fcr Augenheilkunde und gleichzeitig offiziellen Zeitschrift der Deutschen Ophthalmologischen Gesellschaft, gestalten durfte.<\/p>\n\n\n\n<p>Das Thema &#8220;<a href=\"http:\/\/www.zeitzfrankozeitz.de\/wissenschaftliche-arbeit\/schwindel-aus-interdisziplinaerer-sicht\/\">Schwindel&nbsp;aus interdisziplin\u00e4rer Sicht<\/a>&#8220;, zu dem Philipp Franko Zeitz erneut als Gastherausgeber und Autor mehrerer Artikel von der Zeitschrift &#8220;Der Ophthalmologe&#8221; f\u00fcr die Januarausgabe 2013 und von der Zeitschrift &#8220;HNO&#8221; f\u00fcr die Septemberausgabe 2013 eingeladen wurde.<\/p>\n\n\n\n<p>Die Behandlung von Gef\u00e4\u00dferkrankungen des Auges, wie zum Beispiel der diabetischen Retinopathie oder retinaler Gef\u00e4\u00dfverschl\u00fcsse, ist durch grundlegend neue Erkenntnisse und Therapiem\u00f6glichkeiten eines der zentralsten Themen der Augenheilkunde geworden. Im Januar 2014 durfte Philipp Franko Zeitz wieder das Leitthema des Journals &#8220;Der Ophthalmologe&#8221; gestalten, hat sich unter dem Titel\u00a0<a href=\"http:\/\/www.zeitzfrankozeitz.de\/wissenschaftliche-arbeit\/interdisziplinaere-interaktion-bei-vaskulaeren-erkrankungen-des-auges\/\">&#8220;Interdisziplin\u00e4re Interaktion bei vaskul\u00e4ren Erkrankungen des Auges&#8221;<\/a>\u00a0diesem Thema angenommen, und konnte f\u00fcr die vielschichtige Betrachtung aus den Perspektiven verschiedener Fachrichtungen (Ophthalmologie, Kardiologie\/Angiologie, H\u00e4mostaseologie, Diabetologie, Nephrologie, Neurologie) wissenschaftlich gesch\u00e4tzte Spezialisten als Autoren gewinnen.\u00a0<\/p>\n\n\n\n<p>Augen\u00e4rztliche Akademie Deutschland 2019: Hier k\u00f6nnen Sie einen  <a href=\"https:\/\/www.zeitzfrankozeitz.de\/medien\/augenaerztliche-akademie-deutschland-2019-dr-philipp-franko-zeitz-zur-biomechanik-der-hornhaut\/\">Mitschnitt des Vortrags von Dr. Philipp Franko Zeitz zur Biomechanik der Hornhaut sehen<\/a>.<\/p>\n","protected":false},"excerpt":{"rendered":"<p>Ver\u00f6ffentlichungen Neben der klinischen Routine spielt f\u00fcr uns wissenschaftliches Engagement eine gro\u00dfe Rolle. Dies spiegelt sich wider in der Menge an Ver\u00f6ffentlichungen&nbsp; von Philipp Franko Zeitz, die in der PubMed der US National Library of Medicine gelistet sind.&nbsp; Einige Felder m\u00f6chten wir Ihnen vorstellen: Das &#8220;Dictionary of Ophthalmology&#8220;, ein Fachw\u00f6rterbuch mit derzeit \u00fcber 30.000 Eintr\u00e4gen [&hellip;]<\/p>\n","protected":false},"author":1,"featured_media":0,"parent":0,"menu_order":0,"comment_status":"closed","ping_status":"closed","template":"","meta":{"footnotes":""},"class_list":["post-15731","page","type-page","status-publish","hentry"],"yoast_head":"<!-- This site is optimized with the Yoast SEO plugin v15.7 - https:\/\/yoast.com\/wordpress\/plugins\/seo\/ -->\n<title>Wissenschaftliche Arbeit &bull; Augenarzt D\u00fcsseldorf Praxis Zeitz Franko Zeitz<\/title>\n<meta name=\"robots\" content=\"index, follow, max-snippet:-1, max-image-preview:large, max-video-preview:-1\" \/>\n<link rel=\"canonical\" href=\"https:\/\/www.zeitzfrankozeitz.de\/it\/wissenschaftliche-arbeit\/\" \/>\n<meta property=\"og:locale\" content=\"it_IT\" \/>\n<meta property=\"og:type\" content=\"article\" \/>\n<meta property=\"og:title\" content=\"Wissenschaftliche Arbeit &bull; Augenarzt D\u00fcsseldorf Praxis Zeitz Franko Zeitz\" \/>\n<meta property=\"og:description\" content=\"Ver\u00f6ffentlichungen Neben der klinischen Routine spielt f\u00fcr uns wissenschaftliches Engagement eine gro\u00dfe Rolle. Dies spiegelt sich wider in der Menge an Ver\u00f6ffentlichungen&nbsp; von Philipp Franko Zeitz, die in der PubMed der US National Library of Medicine gelistet sind.&nbsp; Einige Felder m\u00f6chten wir Ihnen vorstellen: Das &#8220;Dictionary of Ophthalmology&#8220;, ein Fachw\u00f6rterbuch mit derzeit \u00fcber 30.000 Eintr\u00e4gen [&hellip;]\" \/>\n<meta property=\"og:url\" content=\"https:\/\/www.zeitzfrankozeitz.de\/wissenschaftliche-arbeit\/\" \/>\n<meta property=\"og:site_name\" content=\"Augenarzt D\u00fcsseldorf Praxis Zeitz Franko Zeitz\" \/>\n<meta property=\"article:modified_time\" content=\"2023-11-20T23:38:35+00:00\" \/>\n<meta property=\"og:image\" content=\"http:\/\/www.zeitzfrankozeitz.de\/wp-content\/uploads\/retinal-layers-1.jpg\" \/>\n<meta name=\"twitter:card\" content=\"summary_large_image\" \/>\n<meta name=\"twitter:label1\" content=\"Tempo di lettura stimato\">\n\t<meta name=\"twitter:data1\" content=\"2 minuti\">\n<script type=\"application\/ld+json\" class=\"yoast-schema-graph\">{\"@context\":\"https:\/\/schema.org\",\"@graph\":[{\"@type\":\"Organization\",\"@id\":\"https:\/\/www.zeitzfrankozeitz.de\/#organization\",\"name\":\"Augenarzt D\\u00fcsseldorf Zentrum Praxis Zeitz Franko Zeitz\",\"url\":\"https:\/\/www.zeitzfrankozeitz.de\/\",\"sameAs\":[],\"logo\":{\"@type\":\"ImageObject\",\"@id\":\"https:\/\/www.zeitzfrankozeitz.de\/#logo\",\"inLanguage\":\"it-IT\",\"url\":\"https:\/\/www.zeitzfrankozeitz.de\/wp-content\/uploads\/ZFZ_LOGO-NEU.jpg\",\"width\":595,\"height\":841,\"caption\":\"Augenarzt D\\u00fcsseldorf Zentrum Praxis Zeitz Franko Zeitz\"},\"image\":{\"@id\":\"https:\/\/www.zeitzfrankozeitz.de\/#logo\"}},{\"@type\":\"WebSite\",\"@id\":\"https:\/\/www.zeitzfrankozeitz.de\/#website\",\"url\":\"https:\/\/www.zeitzfrankozeitz.de\/\",\"name\":\"Augenarzt D\\u00fcsseldorf Zentrum Praxis Zeitz Franko Zeitz\",\"description\":\"Augenarzt D\\u00fcsseldorf Praxis Zeitz Franko Zeitz\",\"publisher\":{\"@id\":\"https:\/\/www.zeitzfrankozeitz.de\/#organization\"},\"potentialAction\":[{\"@type\":\"SearchAction\",\"target\":\"https:\/\/www.zeitzfrankozeitz.de\/?s={search_term_string}\",\"query-input\":\"required name=search_term_string\"}],\"inLanguage\":\"it-IT\"},{\"@type\":\"ImageObject\",\"@id\":\"https:\/\/www.zeitzfrankozeitz.de\/wissenschaftliche-arbeit\/#primaryimage\",\"inLanguage\":\"it-IT\",\"url\":\"http:\/\/www.zeitzfrankozeitz.de\/wp-content\/uploads\/retinal-layers-1.jpg\"},{\"@type\":\"WebPage\",\"@id\":\"https:\/\/www.zeitzfrankozeitz.de\/wissenschaftliche-arbeit\/#webpage\",\"url\":\"https:\/\/www.zeitzfrankozeitz.de\/wissenschaftliche-arbeit\/\",\"name\":\"Wissenschaftliche Arbeit &bull; Augenarzt D\\u00fcsseldorf Praxis Zeitz Franko Zeitz\",\"isPartOf\":{\"@id\":\"https:\/\/www.zeitzfrankozeitz.de\/#website\"},\"primaryImageOfPage\":{\"@id\":\"https:\/\/www.zeitzfrankozeitz.de\/wissenschaftliche-arbeit\/#primaryimage\"},\"datePublished\":\"2020-03-25T11:54:25+00:00\",\"dateModified\":\"2023-11-20T23:38:35+00:00\",\"inLanguage\":\"it-IT\",\"potentialAction\":[{\"@type\":\"ReadAction\",\"target\":[\"https:\/\/www.zeitzfrankozeitz.de\/wissenschaftliche-arbeit\/\"]}]}]}<\/script>\n<!-- \/ Yoast SEO plugin. -->","_links":{"self":[{"href":"https:\/\/www.zeitzfrankozeitz.de\/it\/wp-json\/wp\/v2\/pages\/15731"}],"collection":[{"href":"https:\/\/www.zeitzfrankozeitz.de\/it\/wp-json\/wp\/v2\/pages"}],"about":[{"href":"https:\/\/www.zeitzfrankozeitz.de\/it\/wp-json\/wp\/v2\/types\/page"}],"author":[{"embeddable":true,"href":"https:\/\/www.zeitzfrankozeitz.de\/it\/wp-json\/wp\/v2\/users\/1"}],"replies":[{"embeddable":true,"href":"https:\/\/www.zeitzfrankozeitz.de\/it\/wp-json\/wp\/v2\/comments?post=15731"}],"version-history":[{"count":4,"href":"https:\/\/www.zeitzfrankozeitz.de\/it\/wp-json\/wp\/v2\/pages\/15731\/revisions"}],"predecessor-version":[{"id":17271,"href":"https:\/\/www.zeitzfrankozeitz.de\/it\/wp-json\/wp\/v2\/pages\/15731\/revisions\/17271"}],"wp:attachment":[{"href":"https:\/\/www.zeitzfrankozeitz.de\/it\/wp-json\/wp\/v2\/media?parent=15731"}],"curies":[{"name":"wp","href":"https:\/\/api.w.org\/{rel}","templated":true}]}}