{"id":2,"date":"2019-09-17T14:43:44","date_gmt":"2019-09-17T12:43:44","guid":{"rendered":"https:\/\/demo.visualcosmos.com\/frankozeitz\/?page_id=2"},"modified":"2024-10-31T18:28:26","modified_gmt":"2024-10-31T17:28:26","slug":"augenarzt-duesseldorf-zentrum-praxis-zeitz-franko-zeitz","status":"publish","type":"page","link":"https:\/\/www.zeitzfrankozeitz.de\/it\/","title":{"rendered":"Praxis Zeitz Franko Zeitz: Augenarzt D\u00fcsseldorf Zentrum"},"content":{"rendered":"\n<figure class=\"wp-block-gallery has-nested-images columns-default is-cropped wp-block-gallery-1 is-layout-flex wp-block-gallery-is-layout-flex\">\n<figure class=\"wp-block-image size-large\"><img loading=\"lazy\" decoding=\"async\" width=\"1024\" height=\"683\" data-id=\"15977\" src=\"https:\/\/www.zeitzfrankozeitz.de\/wp-content\/uploads\/ZFZ_Augenuntersuchung_9919-1024x683.jpg\" alt=\"Dr. med. Philipp Franko Zeitz, Facharzt f\u00fcr Augenheilkunde\" class=\"wp-image-15977\" srcset=\"https:\/\/www.zeitzfrankozeitz.de\/wp-content\/uploads\/ZFZ_Augenuntersuchung_9919-1024x683.jpg 1024w, https:\/\/www.zeitzfrankozeitz.de\/wp-content\/uploads\/ZFZ_Augenuntersuchung_9919-300x200.jpg 300w, https:\/\/www.zeitzfrankozeitz.de\/wp-content\/uploads\/ZFZ_Augenuntersuchung_9919-768x513.jpg 768w, https:\/\/www.zeitzfrankozeitz.de\/wp-content\/uploads\/ZFZ_Augenuntersuchung_9919-1536x1025.jpg 1536w, https:\/\/www.zeitzfrankozeitz.de\/wp-content\/uploads\/ZFZ_Augenuntersuchung_9919-2048x1367.jpg 2048w\" sizes=\"(max-width: 1024px) 100vw, 1024px\" \/><figcaption class=\"wp-element-caption\"><em>Dr. med. Philipp Franko Zeitz, Facharzt f\u00fcr Augenheilkunde<\/em><\/figcaption><\/figure>\n<\/figure>\n\n\n\n<h2 class=\"wp-block-heading\">Unsere Schwerpunkte<\/h2>\n\n\n\n<ul class=\"wp-block-list\">\n<li><a href=\"https:\/\/www.zeitzfrankozeitz.de\/schwerpunkte\/augenlaser-und-lasik\/\">Augenlaser (Excimerlaser, LASIK, LASEK)<\/a><\/li>\n\n\n\n<li><a href=\"https:\/\/www.zeitzfrankozeitz.de\/schwerpunkte\/makuladegeneration-ivom\/\" data-type=\"page\" data-id=\"81\">Makuladegeneration und intravitreale Injektionen (IVOM)<\/a><\/li>\n\n\n\n<li><a href=\"https:\/\/www.zeitzfrankozeitz.de\/schwerpunkte\/diabetes\/\" data-type=\"page\" data-id=\"76\">Diabetische Retinopathie<\/a><\/li>\n\n\n\n<li><a href=\"https:\/\/www.zeitzfrankozeitz.de\/schwerpunkte\/glaukom-gruener-star\/\" data-type=\"page\" data-id=\"84\">Glaukom<\/a><\/li>\n\n\n\n<li><a href=\"https:\/\/www.zeitzfrankozeitz.de\/schwerpunkte\/keratokonus-crosslinking\/\" data-type=\"page\" data-id=\"91\">Keratokonus<\/a><\/li>\n\n\n\n<li><a href=\"https:\/\/www.zeitzfrankozeitz.de\/schwerpunkte\/allgemeiner-check-up\/\" data-type=\"page\" data-id=\"69\">Routinediagnostik<\/a><\/li>\n<\/ul>\n\n\n\n<p><\/p>\n\n\n\n<p class=\"has-large-font-size\"><strong><a href=\"https:\/\/www.zeitzfrankozeitz.de\/augenarzt-duesseldorf-zeitz-franko-zeitz\/\" data-type=\"page\" data-id=\"8\">Wer wir sind<\/a><\/strong><\/p>\n\n\n\n<figure class=\"wp-block-gallery has-nested-images columns-default is-cropped wp-block-gallery-2 is-layout-flex wp-block-gallery-is-layout-flex\">\n<figure class=\"wp-block-image size-full is-style-default\"><img loading=\"lazy\" decoding=\"async\" width=\"866\" height=\"600\" data-id=\"38\" src=\"https:\/\/www.zeitzfrankozeitz.de\/wp-content\/uploads\/2019\/11\/untersuchung_03.jpg\" alt=\"Dr. med. Joachim Zeitz\" class=\"wp-image-38\" srcset=\"https:\/\/www.zeitzfrankozeitz.de\/wp-content\/uploads\/2019\/11\/untersuchung_03.jpg 866w, https:\/\/www.zeitzfrankozeitz.de\/wp-content\/uploads\/2019\/11\/untersuchung_03-300x208.jpg 300w, https:\/\/www.zeitzfrankozeitz.de\/wp-content\/uploads\/2019\/11\/untersuchung_03-768x532.jpg 768w\" sizes=\"(max-width: 866px) 100vw, 866px\" \/><figcaption class=\"wp-element-caption\"><em>Dr. med. Joachim Zeitz<\/em>, <em>Facharzt f\u00fcr Augenheilkunde<\/em><\/figcaption><\/figure>\n<\/figure>\n\n\n\n<p>Seit 1978 ist der Name Zeitz als Institution in der D\u00fcsseldorfer Augenheilkunde fest verankert. 2008 haben die beiden Augen\u00e4rzte <a href=\"https:\/\/www.zeitzfrankozeitz.de\/ueber-uns\/dr-med-philipp-franko-zeitz\/\">Dr. Philipp Franko Zeitz<\/a> und <a href=\"https:\/\/www.zeitzfrankozeitz.de\/dr-med-joachim-zeitz\/\">Dr. Joachim Zeitz<\/a> die Praxis Zeitz Franko Zeitz auf der Blumenstra\u00dfe nahe den Schadow Arkaden im D\u00fcsseldorfer Zentrum er\u00f6ffnet. <\/p>\n\n\n\n<figure class=\"wp-block-image size-full\"><img loading=\"lazy\" decoding=\"async\" width=\"872\" height=\"600\" src=\"https:\/\/www.zeitzfrankozeitz.de\/wp-content\/uploads\/2019\/11\/praxis_04.jpg\" alt=\"Praxis Zeitz Franko Zeitz\" class=\"wp-image-41\"\/><\/figure>\n\n\n\n<p>Moderne apparative Diagnostik (z.B. OCT, Hornhauttomographie), Augenlaser im Bereich der Netzhaut, des Nachstars, Glaukoms und vor allem die refraktive Hornhautlaserchirurgie, die Augenlaserbehandlung zur Dioptriekorrektur an der Hornhaut, geh\u00f6ren ebenso zu unserem Praxisprofil wie die Teilnahme an internationalen Multicenterstudien, Leitung und Koordination eines Studienzentrums, <a href=\"https:\/\/www.zeitzfrankozeitz.de\/wissenschaftliche-arbeit\/\" data-type=\"page\" data-id=\"15731\">wissenschaftliche Arbeit<\/a> und <a href=\"https:\/\/pubmed.ncbi.nlm.nih.gov\/?term=franko+zeitz+or+zeitz+pf\">Publikationen<\/a>, regelm\u00e4\u00dfige Vortragst\u00e4tigkeit und das Abhalten von Facharztpr\u00fcfungen als Facharztpr\u00fcfer f\u00fcr Augenheilkunde.<\/p>\n\n\n\n<figure class=\"wp-block-gallery has-nested-images columns-default is-cropped wp-block-gallery-3 is-layout-flex wp-block-gallery-is-layout-flex\">\n<figure class=\"wp-block-image size-large\"><img loading=\"lazy\" decoding=\"async\" width=\"1024\" height=\"683\" data-id=\"15926\" src=\"https:\/\/www.zeitzfrankozeitz.de\/wp-content\/uploads\/ZFZ_Laserbehandlung_10061-1024x683.jpg\" alt=\"Augenarzt Dr. Philipp Franko Zeitz Excimerlaserbehandlung\" class=\"wp-image-15926\" srcset=\"https:\/\/www.zeitzfrankozeitz.de\/wp-content\/uploads\/ZFZ_Laserbehandlung_10061-1024x683.jpg 1024w, https:\/\/www.zeitzfrankozeitz.de\/wp-content\/uploads\/ZFZ_Laserbehandlung_10061-300x200.jpg 300w, https:\/\/www.zeitzfrankozeitz.de\/wp-content\/uploads\/ZFZ_Laserbehandlung_10061-768x513.jpg 768w, https:\/\/www.zeitzfrankozeitz.de\/wp-content\/uploads\/ZFZ_Laserbehandlung_10061-1536x1025.jpg 1536w, https:\/\/www.zeitzfrankozeitz.de\/wp-content\/uploads\/ZFZ_Laserbehandlung_10061-2048x1367.jpg 2048w\" sizes=\"(max-width: 1024px) 100vw, 1024px\" \/><figcaption class=\"wp-element-caption\"><em>Augenlaserbehandlung Dr. Philipp Franko Zeitz<\/em><\/figcaption><\/figure>\n<\/figure>\n\n\n\n<p>Seit \u00fcber vierzig Jahren in der D\u00fcsseldorfer Innenstadt und mehr als einem Jahrzehnt auf der Blumenstra\u00dfe an den Schadow Arkaden:  Der Name Zeitz ist und bleibt als Augenarzt im D\u00fcsseldorfer Zentrum ein Begriff.<\/p>\n","protected":false},"excerpt":{"rendered":"<p>Unsere Schwerpunkte Wer wir sind Seit 1978 ist der Name Zeitz als Institution in der D\u00fcsseldorfer Augenheilkunde fest verankert. 2008 haben die beiden Augen\u00e4rzte Dr. Philipp Franko Zeitz und Dr. Joachim Zeitz die Praxis Zeitz Franko Zeitz auf der Blumenstra\u00dfe nahe den Schadow Arkaden im D\u00fcsseldorfer Zentrum er\u00f6ffnet. Moderne apparative Diagnostik (z.B. OCT, Hornhauttomographie), Augenlaser [&hellip;]<\/p>\n","protected":false},"author":1,"featured_media":0,"parent":0,"menu_order":0,"comment_status":"closed","ping_status":"open","template":"","meta":{"footnotes":""},"class_list":["post-2","page","type-page","status-publish","hentry"],"yoast_head":"<!-- This site is optimized with the Yoast SEO plugin v15.7 - https:\/\/yoast.com\/wordpress\/plugins\/seo\/ -->\n<title>Augenarzt D\u00fcsseldorf Zentrum Praxis Zeitz Franko Zeitz<\/title>\n<meta name=\"description\" content=\"Augenarzt D\u00fcsseldorf Zentrum Dr. Philipp Franko Zeitz und Dr. Joachim Zeitz, Facharztpraxis f\u00fcr Augenheilkunde\" \/>\n<meta name=\"robots\" content=\"index, follow, max-snippet:-1, max-image-preview:large, max-video-preview:-1\" \/>\n<link rel=\"canonical\" href=\"https:\/\/www.zeitzfrankozeitz.de\/it\/\" \/>\n<meta property=\"og:locale\" content=\"it_IT\" \/>\n<meta property=\"og:type\" content=\"article\" \/>\n<meta property=\"og:title\" content=\"Augenarzt D\u00fcsseldorf Zentrum Praxis Zeitz Franko Zeitz\" \/>\n<meta property=\"og:description\" content=\"Augenarzt D\u00fcsseldorf Zentrum Dr. Philipp Franko Zeitz und Dr. Joachim Zeitz, Facharztpraxis f\u00fcr Augenheilkunde\" \/>\n<meta property=\"og:url\" content=\"https:\/\/www.zeitzfrankozeitz.de\/\" \/>\n<meta property=\"og:site_name\" content=\"Augenarzt D\u00fcsseldorf Praxis Zeitz Franko Zeitz\" \/>\n<meta property=\"article:modified_time\" content=\"2024-10-31T17:28:26+00:00\" \/>\n<meta property=\"og:image\" content=\"https:\/\/www.zeitzfrankozeitz.de\/wp-content\/uploads\/ZFZ_Augenuntersuchung_9919-1024x683.jpg\" \/>\n<meta name=\"twitter:card\" content=\"summary_large_image\" \/>\n<meta name=\"twitter:label1\" content=\"Tempo di lettura stimato\">\n\t<meta name=\"twitter:data1\" content=\"2 minuti\">\n<script type=\"application\/ld+json\" class=\"yoast-schema-graph\">{\"@context\":\"https:\/\/schema.org\",\"@graph\":[{\"@type\":\"Organization\",\"@id\":\"https:\/\/www.zeitzfrankozeitz.de\/#organization\",\"name\":\"Augenarzt D\\u00fcsseldorf Zentrum Praxis Zeitz Franko Zeitz\",\"url\":\"https:\/\/www.zeitzfrankozeitz.de\/\",\"sameAs\":[],\"logo\":{\"@type\":\"ImageObject\",\"@id\":\"https:\/\/www.zeitzfrankozeitz.de\/#logo\",\"inLanguage\":\"it-IT\",\"url\":\"https:\/\/www.zeitzfrankozeitz.de\/wp-content\/uploads\/ZFZ_LOGO-NEU.jpg\",\"width\":595,\"height\":841,\"caption\":\"Augenarzt D\\u00fcsseldorf Zentrum Praxis Zeitz Franko Zeitz\"},\"image\":{\"@id\":\"https:\/\/www.zeitzfrankozeitz.de\/#logo\"}},{\"@type\":\"WebSite\",\"@id\":\"https:\/\/www.zeitzfrankozeitz.de\/#website\",\"url\":\"https:\/\/www.zeitzfrankozeitz.de\/\",\"name\":\"Augenarzt D\\u00fcsseldorf Zentrum Praxis Zeitz Franko Zeitz\",\"description\":\"Augenarzt D\\u00fcsseldorf Praxis Zeitz Franko Zeitz\",\"publisher\":{\"@id\":\"https:\/\/www.zeitzfrankozeitz.de\/#organization\"},\"potentialAction\":[{\"@type\":\"SearchAction\",\"target\":\"https:\/\/www.zeitzfrankozeitz.de\/?s={search_term_string}\",\"query-input\":\"required name=search_term_string\"}],\"inLanguage\":\"it-IT\"},{\"@type\":\"ImageObject\",\"@id\":\"https:\/\/www.zeitzfrankozeitz.de\/#primaryimage\",\"inLanguage\":\"it-IT\",\"url\":\"https:\/\/www.zeitzfrankozeitz.de\/wp-content\/uploads\/ZFZ_Augenuntersuchung_9919-1024x683.jpg\"},{\"@type\":\"WebPage\",\"@id\":\"https:\/\/www.zeitzfrankozeitz.de\/#webpage\",\"url\":\"https:\/\/www.zeitzfrankozeitz.de\/\",\"name\":\"Augenarzt D\\u00fcsseldorf Zentrum Praxis Zeitz Franko Zeitz\",\"isPartOf\":{\"@id\":\"https:\/\/www.zeitzfrankozeitz.de\/#website\"},\"primaryImageOfPage\":{\"@id\":\"https:\/\/www.zeitzfrankozeitz.de\/#primaryimage\"},\"datePublished\":\"2019-09-17T12:43:44+00:00\",\"dateModified\":\"2024-10-31T17:28:26+00:00\",\"description\":\"Augenarzt D\\u00fcsseldorf Zentrum Dr. Philipp Franko Zeitz und Dr. Joachim Zeitz, Facharztpraxis f\\u00fcr Augenheilkunde\",\"inLanguage\":\"it-IT\",\"potentialAction\":[{\"@type\":\"ReadAction\",\"target\":[\"https:\/\/www.zeitzfrankozeitz.de\/\"]}]}]}<\/script>\n<!-- \/ Yoast SEO plugin. -->","_links":{"self":[{"href":"https:\/\/www.zeitzfrankozeitz.de\/it\/wp-json\/wp\/v2\/pages\/2"}],"collection":[{"href":"https:\/\/www.zeitzfrankozeitz.de\/it\/wp-json\/wp\/v2\/pages"}],"about":[{"href":"https:\/\/www.zeitzfrankozeitz.de\/it\/wp-json\/wp\/v2\/types\/page"}],"author":[{"embeddable":true,"href":"https:\/\/www.zeitzfrankozeitz.de\/it\/wp-json\/wp\/v2\/users\/1"}],"replies":[{"embeddable":true,"href":"https:\/\/www.zeitzfrankozeitz.de\/it\/wp-json\/wp\/v2\/comments?post=2"}],"version-history":[{"count":100,"href":"https:\/\/www.zeitzfrankozeitz.de\/it\/wp-json\/wp\/v2\/pages\/2\/revisions"}],"predecessor-version":[{"id":17615,"href":"https:\/\/www.zeitzfrankozeitz.de\/it\/wp-json\/wp\/v2\/pages\/2\/revisions\/17615"}],"wp:attachment":[{"href":"https:\/\/www.zeitzfrankozeitz.de\/it\/wp-json\/wp\/v2\/media?parent=2"}],"curies":[{"name":"wp","href":"https:\/\/api.w.org\/{rel}","templated":true}]}}