{"id":26,"date":"2019-11-15T15:05:27","date_gmt":"2019-11-15T14:05:27","guid":{"rendered":"http:\/\/www.zeitzfrankozeitz.de\/?page_id=26"},"modified":"2020-01-31T13:48:30","modified_gmt":"2020-01-31T12:48:30","slug":"datenschutz","status":"publish","type":"page","link":"https:\/\/www.zeitzfrankozeitz.de\/it\/datenschutz\/","title":{"rendered":"Datenschutz"},"content":{"rendered":"\n<p>Die Praxis ZeitzFrankoZeitz nimmt den Schutz Ihrer pers\u00f6nlichen Daten sehr ernst und h\u00e4lt sich strikt an die Regeln der Datenschutzgesetze. Peronenbezogene Daten werden auf dieser Webseite nur im technischen notwendigen Umfang erhoben und keinesfalls an Dritte weitergegeben.<\/p>\n\n\n\n<p>Soweit m\u00f6glich, gew\u00e4hrleisten wir den Besuch unserer Webseite, ohne personenbezogene Daten zu erheben. Bei jedem Zugriff auf unsere Seite und bei jedem Abruf von Dateien werden Daten \u00fcber diesen Vorgang gespeichert und verarbeitet. Dazu geh\u00f6ren beispielsweise Informationen zum verwendeten Webbrowser, die besuchten Seiten sowie die Verweildauer, IP Adresse und Cookies. Diese Daten lassen sich nicht bestimmten Personen zuordenen. Eine Zusammenf\u00fchrung  dieser Daten mit anderen Datenquellen wird nicht vorgenommen, die Daten werden zudem nach einer statistischen Auswertung gel\u00f6scht.<\/p>\n\n\n\n<p>Auskunftsrecht:<\/p>\n\n\n\n<p>Sie haben jederzeit das Recht auf Auskunft \u00fcder die bez\u00fcglich Ihrer Person  gespeicherten Daten, deren Herkunft  und Empf\u00e4nger sowie den Zweck der Speicherung.<\/p>\n\n\n\n<p>Info:<\/p>\n\n\n\n<p>Die Praxis kann w\u00e4hrend des Datentransfers bei der Email-Kommunikation nicht f\u00fcr die volle Datensicherheit garantieren. F\u00fcr vertrauliche Informationen empfehlen wir Ihnen daher den Postweg.<\/p>\n\n\n\n<p><a href=\"http:\/\/www.zeitzfrankozeitz.de\/patienteninformation-zum-datenschutz\/\">Patienteninformation zum Datenschutz<\/a><\/p>\n","protected":false},"excerpt":{"rendered":"<p>Die Praxis ZeitzFrankoZeitz nimmt den Schutz Ihrer pers\u00f6nlichen Daten sehr ernst und h\u00e4lt sich strikt an die Regeln der Datenschutzgesetze. Peronenbezogene Daten werden auf dieser Webseite nur im technischen notwendigen Umfang erhoben und keinesfalls an Dritte weitergegeben. Soweit m\u00f6glich, gew\u00e4hrleisten wir den Besuch unserer Webseite, ohne personenbezogene Daten zu erheben. Bei jedem Zugriff auf unsere [&hellip;]<\/p>\n","protected":false},"author":1,"featured_media":0,"parent":0,"menu_order":0,"comment_status":"closed","ping_status":"closed","template":"","meta":{"footnotes":""},"class_list":["post-26","page","type-page","status-publish","hentry"],"yoast_head":"<!-- This site is optimized with the Yoast SEO plugin v15.7 - https:\/\/yoast.com\/wordpress\/plugins\/seo\/ -->\n<title>Datenschutz &bull; Augenarzt D\u00fcsseldorf Praxis Zeitz Franko Zeitz<\/title>\n<meta name=\"robots\" content=\"index, follow, max-snippet:-1, max-image-preview:large, max-video-preview:-1\" \/>\n<link rel=\"canonical\" href=\"https:\/\/www.zeitzfrankozeitz.de\/it\/datenschutz\/\" \/>\n<meta property=\"og:locale\" content=\"it_IT\" \/>\n<meta property=\"og:type\" content=\"article\" \/>\n<meta property=\"og:title\" content=\"Datenschutz &bull; Augenarzt D\u00fcsseldorf Praxis Zeitz Franko Zeitz\" \/>\n<meta property=\"og:description\" content=\"Die Praxis ZeitzFrankoZeitz nimmt den Schutz Ihrer pers\u00f6nlichen Daten sehr ernst und h\u00e4lt sich strikt an die Regeln der Datenschutzgesetze. Peronenbezogene Daten werden auf dieser Webseite nur im technischen notwendigen Umfang erhoben und keinesfalls an Dritte weitergegeben. Soweit m\u00f6glich, gew\u00e4hrleisten wir den Besuch unserer Webseite, ohne personenbezogene Daten zu erheben. Bei jedem Zugriff auf unsere [&hellip;]\" \/>\n<meta property=\"og:url\" content=\"https:\/\/www.zeitzfrankozeitz.de\/datenschutz\/\" \/>\n<meta property=\"og:site_name\" content=\"Augenarzt D\u00fcsseldorf Praxis Zeitz Franko Zeitz\" \/>\n<meta property=\"article:modified_time\" content=\"2020-01-31T12:48:30+00:00\" \/>\n<meta name=\"twitter:card\" content=\"summary_large_image\" \/>\n<meta name=\"twitter:label1\" content=\"Tempo di lettura stimato\">\n\t<meta name=\"twitter:data1\" content=\"1 minuto\">\n<script type=\"application\/ld+json\" class=\"yoast-schema-graph\">{\"@context\":\"https:\/\/schema.org\",\"@graph\":[{\"@type\":\"Organization\",\"@id\":\"https:\/\/www.zeitzfrankozeitz.de\/#organization\",\"name\":\"Augenarzt D\\u00fcsseldorf Zentrum Praxis Zeitz Franko Zeitz\",\"url\":\"https:\/\/www.zeitzfrankozeitz.de\/\",\"sameAs\":[],\"logo\":{\"@type\":\"ImageObject\",\"@id\":\"https:\/\/www.zeitzfrankozeitz.de\/#logo\",\"inLanguage\":\"it-IT\",\"url\":\"https:\/\/www.zeitzfrankozeitz.de\/wp-content\/uploads\/ZFZ_LOGO-NEU.jpg\",\"width\":595,\"height\":841,\"caption\":\"Augenarzt D\\u00fcsseldorf Zentrum Praxis Zeitz Franko Zeitz\"},\"image\":{\"@id\":\"https:\/\/www.zeitzfrankozeitz.de\/#logo\"}},{\"@type\":\"WebSite\",\"@id\":\"https:\/\/www.zeitzfrankozeitz.de\/#website\",\"url\":\"https:\/\/www.zeitzfrankozeitz.de\/\",\"name\":\"Augenarzt D\\u00fcsseldorf Zentrum Praxis Zeitz Franko Zeitz\",\"description\":\"Augenarzt D\\u00fcsseldorf Praxis Zeitz Franko Zeitz\",\"publisher\":{\"@id\":\"https:\/\/www.zeitzfrankozeitz.de\/#organization\"},\"potentialAction\":[{\"@type\":\"SearchAction\",\"target\":\"https:\/\/www.zeitzfrankozeitz.de\/?s={search_term_string}\",\"query-input\":\"required name=search_term_string\"}],\"inLanguage\":\"it-IT\"},{\"@type\":\"WebPage\",\"@id\":\"https:\/\/www.zeitzfrankozeitz.de\/datenschutz\/#webpage\",\"url\":\"https:\/\/www.zeitzfrankozeitz.de\/datenschutz\/\",\"name\":\"Datenschutz &bull; Augenarzt D\\u00fcsseldorf Praxis Zeitz Franko Zeitz\",\"isPartOf\":{\"@id\":\"https:\/\/www.zeitzfrankozeitz.de\/#website\"},\"datePublished\":\"2019-11-15T14:05:27+00:00\",\"dateModified\":\"2020-01-31T12:48:30+00:00\",\"inLanguage\":\"it-IT\",\"potentialAction\":[{\"@type\":\"ReadAction\",\"target\":[\"https:\/\/www.zeitzfrankozeitz.de\/datenschutz\/\"]}]}]}<\/script>\n<!-- \/ Yoast SEO plugin. -->","_links":{"self":[{"href":"https:\/\/www.zeitzfrankozeitz.de\/it\/wp-json\/wp\/v2\/pages\/26"}],"collection":[{"href":"https:\/\/www.zeitzfrankozeitz.de\/it\/wp-json\/wp\/v2\/pages"}],"about":[{"href":"https:\/\/www.zeitzfrankozeitz.de\/it\/wp-json\/wp\/v2\/types\/page"}],"author":[{"embeddable":true,"href":"https:\/\/www.zeitzfrankozeitz.de\/it\/wp-json\/wp\/v2\/users\/1"}],"replies":[{"embeddable":true,"href":"https:\/\/www.zeitzfrankozeitz.de\/it\/wp-json\/wp\/v2\/comments?post=26"}],"version-history":[{"count":4,"href":"https:\/\/www.zeitzfrankozeitz.de\/it\/wp-json\/wp\/v2\/pages\/26\/revisions"}],"predecessor-version":[{"id":14900,"href":"https:\/\/www.zeitzfrankozeitz.de\/it\/wp-json\/wp\/v2\/pages\/26\/revisions\/14900"}],"wp:attachment":[{"href":"https:\/\/www.zeitzfrankozeitz.de\/it\/wp-json\/wp\/v2\/media?parent=26"}],"curies":[{"name":"wp","href":"https:\/\/api.w.org\/{rel}","templated":true}]}}