{"id":84,"date":"2019-11-15T17:22:46","date_gmt":"2019-11-15T16:22:46","guid":{"rendered":"http:\/\/www.zeitzfrankozeitz.de\/?page_id=84"},"modified":"2021-01-22T01:13:48","modified_gmt":"2021-01-22T00:13:48","slug":"glaukom-gruener-star","status":"publish","type":"page","link":"https:\/\/www.zeitzfrankozeitz.de\/it\/schwerpunkte\/glaukom-gruener-star\/","title":{"rendered":"Glaukom (Gr\u00fcner Star)"},"content":{"rendered":"\n<p>Zwei Prozent aller in Deutschland lebenden Menschen haben ein Glaukom, auch Gr\u00fcner Star genannt.<\/p>\n\n\n\n<figure class=\"wp-block-image size-large\"><img loading=\"lazy\" decoding=\"async\" width=\"900\" height=\"593\" src=\"http:\/\/www.zeitzfrankozeitz.de\/wp-content\/uploads\/2019\/11\/glaukom.jpg\" alt=\"\" class=\"wp-image-85\"\/><\/figure>\n\n\n\n<p>Diese Erkrankung ist in allen Altersgruppen zu finden und weiterhin eine der h\u00e4ufigsten Erblindungsursachen, denn lange Zeit bleibt der Patient vollkommen frei von Symptomen, w\u00e4hrend dabei aber ein schleichender, kontinuierlicher Verlust an Sehnervenfasern stattfindet. Die Dunkelziffer an solchen symptomfrei Erkrankten wird sehr hoch eingesch\u00e4tzt. Sobald der Patient dann die ersten Symptome bemerkt, ist schon ein gro\u00dfer Teil der zum Sehen unverzichtbaren Nervenfasern unwiderruflich zerst\u00f6rt. Den verbleibenden Rest vollst\u00e4ndig zu erhalten ist selbst mit der besten Therapie kaum m\u00f6glich und ein zunehmender Sehverlust schreitet voran.&nbsp;<\/p>\n\n\n\n<p>Dabei w\u00e4re das so nicht unbedingt notwendig: denn fr\u00fch erkannt l\u00e4sst sich die Erkrankung meist gut behandeln, die meisten Patienten m\u00fcssen lediglich regelm\u00e4\u00dfig Augentropfen nehmen und haben das ganze Leben lang keine Seheinschr\u00e4nkungen.<\/p>\n\n\n\n<p>Kommen Sie zu uns, und wir sagen Ihnen, ob sie zu einer Risikogruppe geh\u00f6ren oder sogar schon am Glaukom erkrankt sind. Sollte bei Ihnen schon ein Glaukom bekannt sein, dann finden wir f\u00fcr Sie in dem gro\u00dfen Angebot verschiedener M\u00f6glichkeiten die ideale Therapie und \u00fcberwachen kontinuierlich den Therapieerfolg.&nbsp; Dabei integrieren wir selbstverst\u00e4ndlich st\u00e4ndig die vielen sinnvollen Innovationen, die sich in diesem&nbsp;Bereich bieten und trennen sie f\u00fcr Sie von den wenig sinnvollen.<\/p>\n\n\n\n<hr class=\"wp-block-separator\"\/>\n\n\n\n<h2 class=\"wp-block-heading\">Schwerpunktkompetenz durch modernste Verfahren<\/h2>\n\n\n\n<p>Unsere Schwerpunktkompetenz in diesem Bereich k\u00f6nnen wir dadurch unterstreichen, dass wir mit vier solcher sinnvollen Innovationen \u00fcber\u00a0modernste Diagnostik- und Therapiem\u00f6glichkeiten verf\u00fcgen: Wir f\u00fchren Sehnervdiagnostik mittels der okul\u00e4ren Koh\u00e4renztomographie (OCT) und Funktionsanalysen mit der Frequenzdopplertechnologie (FDT) durch und behandeln unter anderem mit der selektiven Lasertrabekuloplastik (SLT).\u00a0Alle diese\u00a0Verfahren sind\u00a0innovativ,\u00a0wissenschaftlich und klinisch bestens etabliert und zudem ausgesprochen effektiv und schonend.<\/p>\n\n\n\n<figure class=\"wp-block-image size-large\"><img loading=\"lazy\" decoding=\"async\" width=\"582\" height=\"600\" src=\"http:\/\/www.zeitzfrankozeitz.de\/wp-content\/uploads\/2019\/11\/PapillendiagnostikRNFL.jpg\" alt=\"\" class=\"wp-image-86\"\/><\/figure>\n\n\n\n<p>Zur Augeninnendruckmessung nutzen wir unter anderem ein Oculus Corvis. Das Oculus Corvis ist ein non-contact-Tonometer, welches neben dem Augeninnendruck mittels Scheimpflugaufnahmen die biomechanischen Eigenschaften der Hornhaut erfasst und auf diese Art Parameter analysiert, deren Einfluss auf den Augeninnendruck und das Glaukom in der wissenschaftlichen Theorie lange bekannt sind, die aber bisher nicht gemessen werden konnten. Die corneale Biomechanik spielt au\u00dferdem bei Hornhauterkrankungen wie dem Keratokonus oder nach refraktivchirurgischen Eingriffen wie der LASIK eine zentrale Rolle.<\/p>\n\n\n\n<p><\/p>\n\n\n\n<figure class=\"wp-block-image size-large\"><img loading=\"lazy\" decoding=\"async\" width=\"250\" height=\"191\" src=\"http:\/\/www.zeitzfrankozeitz.de\/wp-content\/uploads\/2019\/11\/Corvis_ST_biomechanik-758d770b.jpg\" alt=\"\" class=\"wp-image-87\"\/><\/figure>\n\n\n\n<div style=\"height:100px\" aria-hidden=\"true\" class=\"wp-block-spacer\"><\/div>\n\n\n\n<p><em>Mit OCT, FDT, Corvis&nbsp;und SLT bieten wir Ihnen in der Stadtmitte von D\u00fcsseldorf &#8220;state-of-the-art&#8221;-Behandlungen&nbsp;Ihres Gr\u00fcnen Stars!<\/em><\/p>\n","protected":false},"excerpt":{"rendered":"<p>Zwei Prozent aller in Deutschland lebenden Menschen haben ein Glaukom, auch Gr\u00fcner Star genannt. Diese Erkrankung ist in allen Altersgruppen zu finden und weiterhin eine der h\u00e4ufigsten Erblindungsursachen, denn lange Zeit bleibt der Patient vollkommen frei von Symptomen, w\u00e4hrend dabei aber ein schleichender, kontinuierlicher Verlust an Sehnervenfasern stattfindet. Die Dunkelziffer an solchen symptomfrei Erkrankten wird [&hellip;]<\/p>\n","protected":false},"author":1,"featured_media":0,"parent":66,"menu_order":0,"comment_status":"closed","ping_status":"closed","template":"","meta":{"footnotes":""},"class_list":["post-84","page","type-page","status-publish","hentry"],"yoast_head":"<!-- This site is optimized with the Yoast SEO plugin v15.7 - https:\/\/yoast.com\/wordpress\/plugins\/seo\/ -->\n<title>Glaukom (Gr\u00fcner Star) &bull; Augenarzt D\u00fcsseldorf Praxis Zeitz Franko Zeitz<\/title>\n<meta name=\"robots\" content=\"index, follow, max-snippet:-1, max-image-preview:large, max-video-preview:-1\" \/>\n<link rel=\"canonical\" href=\"https:\/\/www.zeitzfrankozeitz.de\/it\/schwerpunkte\/glaukom-gruener-star\/\" \/>\n<meta property=\"og:locale\" content=\"it_IT\" \/>\n<meta property=\"og:type\" content=\"article\" \/>\n<meta property=\"og:title\" content=\"Glaukom (Gr\u00fcner Star) &bull; Augenarzt D\u00fcsseldorf Praxis Zeitz Franko Zeitz\" \/>\n<meta property=\"og:description\" content=\"Zwei Prozent aller in Deutschland lebenden Menschen haben ein Glaukom, auch Gr\u00fcner Star genannt. Diese Erkrankung ist in allen Altersgruppen zu finden und weiterhin eine der h\u00e4ufigsten Erblindungsursachen, denn lange Zeit bleibt der Patient vollkommen frei von Symptomen, w\u00e4hrend dabei aber ein schleichender, kontinuierlicher Verlust an Sehnervenfasern stattfindet. Die Dunkelziffer an solchen symptomfrei Erkrankten wird [&hellip;]\" \/>\n<meta property=\"og:url\" content=\"https:\/\/www.zeitzfrankozeitz.de\/schwerpunkte\/glaukom-gruener-star\/\" \/>\n<meta property=\"og:site_name\" content=\"Augenarzt D\u00fcsseldorf Praxis Zeitz Franko Zeitz\" \/>\n<meta property=\"article:modified_time\" content=\"2021-01-22T00:13:48+00:00\" \/>\n<meta property=\"og:image\" content=\"http:\/\/www.zeitzfrankozeitz.de\/wp-content\/uploads\/2019\/11\/glaukom.jpg\" \/>\n<meta name=\"twitter:card\" content=\"summary_large_image\" \/>\n<meta name=\"twitter:label1\" content=\"Tempo di lettura stimato\">\n\t<meta name=\"twitter:data1\" content=\"3 minuti\">\n<script type=\"application\/ld+json\" class=\"yoast-schema-graph\">{\"@context\":\"https:\/\/schema.org\",\"@graph\":[{\"@type\":\"Organization\",\"@id\":\"https:\/\/www.zeitzfrankozeitz.de\/#organization\",\"name\":\"Augenarzt D\\u00fcsseldorf Zentrum Praxis Zeitz Franko Zeitz\",\"url\":\"https:\/\/www.zeitzfrankozeitz.de\/\",\"sameAs\":[],\"logo\":{\"@type\":\"ImageObject\",\"@id\":\"https:\/\/www.zeitzfrankozeitz.de\/#logo\",\"inLanguage\":\"it-IT\",\"url\":\"https:\/\/www.zeitzfrankozeitz.de\/wp-content\/uploads\/ZFZ_LOGO-NEU.jpg\",\"width\":595,\"height\":841,\"caption\":\"Augenarzt D\\u00fcsseldorf Zentrum Praxis Zeitz Franko Zeitz\"},\"image\":{\"@id\":\"https:\/\/www.zeitzfrankozeitz.de\/#logo\"}},{\"@type\":\"WebSite\",\"@id\":\"https:\/\/www.zeitzfrankozeitz.de\/#website\",\"url\":\"https:\/\/www.zeitzfrankozeitz.de\/\",\"name\":\"Augenarzt D\\u00fcsseldorf Zentrum Praxis Zeitz Franko Zeitz\",\"description\":\"Augenarzt D\\u00fcsseldorf Praxis Zeitz Franko Zeitz\",\"publisher\":{\"@id\":\"https:\/\/www.zeitzfrankozeitz.de\/#organization\"},\"potentialAction\":[{\"@type\":\"SearchAction\",\"target\":\"https:\/\/www.zeitzfrankozeitz.de\/?s={search_term_string}\",\"query-input\":\"required name=search_term_string\"}],\"inLanguage\":\"it-IT\"},{\"@type\":\"ImageObject\",\"@id\":\"https:\/\/www.zeitzfrankozeitz.de\/schwerpunkte\/glaukom-gruener-star\/#primaryimage\",\"inLanguage\":\"it-IT\",\"url\":\"http:\/\/www.zeitzfrankozeitz.de\/wp-content\/uploads\/2019\/11\/glaukom.jpg\"},{\"@type\":\"WebPage\",\"@id\":\"https:\/\/www.zeitzfrankozeitz.de\/schwerpunkte\/glaukom-gruener-star\/#webpage\",\"url\":\"https:\/\/www.zeitzfrankozeitz.de\/schwerpunkte\/glaukom-gruener-star\/\",\"name\":\"Glaukom (Gr\\u00fcner Star) &bull; Augenarzt D\\u00fcsseldorf Praxis Zeitz Franko Zeitz\",\"isPartOf\":{\"@id\":\"https:\/\/www.zeitzfrankozeitz.de\/#website\"},\"primaryImageOfPage\":{\"@id\":\"https:\/\/www.zeitzfrankozeitz.de\/schwerpunkte\/glaukom-gruener-star\/#primaryimage\"},\"datePublished\":\"2019-11-15T16:22:46+00:00\",\"dateModified\":\"2021-01-22T00:13:48+00:00\",\"inLanguage\":\"it-IT\",\"potentialAction\":[{\"@type\":\"ReadAction\",\"target\":[\"https:\/\/www.zeitzfrankozeitz.de\/schwerpunkte\/glaukom-gruener-star\/\"]}]}]}<\/script>\n<!-- \/ Yoast SEO plugin. -->","_links":{"self":[{"href":"https:\/\/www.zeitzfrankozeitz.de\/it\/wp-json\/wp\/v2\/pages\/84"}],"collection":[{"href":"https:\/\/www.zeitzfrankozeitz.de\/it\/wp-json\/wp\/v2\/pages"}],"about":[{"href":"https:\/\/www.zeitzfrankozeitz.de\/it\/wp-json\/wp\/v2\/types\/page"}],"author":[{"embeddable":true,"href":"https:\/\/www.zeitzfrankozeitz.de\/it\/wp-json\/wp\/v2\/users\/1"}],"replies":[{"embeddable":true,"href":"https:\/\/www.zeitzfrankozeitz.de\/it\/wp-json\/wp\/v2\/comments?post=84"}],"version-history":[{"count":3,"href":"https:\/\/www.zeitzfrankozeitz.de\/it\/wp-json\/wp\/v2\/pages\/84\/revisions"}],"predecessor-version":[{"id":16615,"href":"https:\/\/www.zeitzfrankozeitz.de\/it\/wp-json\/wp\/v2\/pages\/84\/revisions\/16615"}],"up":[{"embeddable":true,"href":"https:\/\/www.zeitzfrankozeitz.de\/it\/wp-json\/wp\/v2\/pages\/66"}],"wp:attachment":[{"href":"https:\/\/www.zeitzfrankozeitz.de\/it\/wp-json\/wp\/v2\/media?parent=84"}],"curies":[{"name":"wp","href":"https:\/\/api.w.org\/{rel}","templated":true}]}}