{"id":24,"date":"2019-11-15T15:05:14","date_gmt":"2019-11-15T14:05:14","guid":{"rendered":"http:\/\/www.zeitzfrankozeitz.de\/?page_id=24"},"modified":"2024-04-28T16:32:39","modified_gmt":"2024-04-28T14:32:39","slug":"impressum","status":"publish","type":"page","link":"https:\/\/www.zeitzfrankozeitz.de\/ja\/impressum\/","title":{"rendered":"Impressum"},"content":{"rendered":"\n<p>Verantwortlich f\u00fcr Inhalte:<\/p>\n\n\n\n<p>Praxis Zeitz Franko Zeitz<br>\nFach\u00e4rzte f\u00fcr Augenheilkunde<br>\nDr. Philipp Franko Zeitz, Augenarzt<br>\nDr. Joachim Zeitz, Augenarzt<br>\nBlumenstra\u00dfe 11-15<br>\n40212 D\u00fcsseldorf<\/p>\n\n\n\n<p>Telefon: 0211\/220 69 80<br>\nFax 0211\/220 69 829<br>\nEmail: mail@zeitzfrankozeitz.de<br>\nSteuernummer 13353632262<\/p>\n\n\n\n<p>Gesetzliche Berufsbezeichnung: Fach\u00e4rzte f\u00fcr Augenheilkunde<\/p>\n\n\n\n<p>Berufsbezeichnung verliehen in der Bundesrepublik Deutschland<\/p>\n\n\n\n<p>Zust\u00e4ndige \u00c4rztekammer: Nordrhein<\/p>\n\n\n\n<p>Kassen\u00e4rztliche Vereinigung: Nordrhein<\/p>\n\n\n\n<p>Es gilt die Berufsordnung der \u00c4rztekammer Nordrhein, Diese ist \u00fcber die Internetseite der \u00c4rztekammer Nordrhein abrufbar: <a href=\"https:\/\/www.aekno.de\/aerzte\/berufsordnung\">https:\/\/www.aekno.de\/aerzte\/berufsordnung<\/a><\/p>\n\n\n\n<p>Es gilt das Heilberufsgesetz des Landes NRW. Dieses ist \u00fcber die Internetseite der \u00c4rztekammer Nordrhein abrufbar: <a href=\"http:\/\/www.aekno.de\/page.asp?pageID=5234\">http:\/\/www.aekno.de\/page.asp?pageID=5234<\/a><\/p>\n\n\n\n<p>Trotz sorgf\u00e4ltiger Kontrolle \u00fcbernehmen wir keine Haftung f\u00fcr die Inhalte externer Seiten. F\u00fcr die Inhalte externer Seiten sind ausschlie\u00dflich deren Betreiber verantwortlich.<\/p>\n","protected":false},"excerpt":{"rendered":"<p>Verantwortlich f\u00fcr Inhalte: Praxis Zeitz Franko Zeitz Fach\u00e4rzte f\u00fcr Augenheilkunde Dr. Philipp Franko Zeitz, A [&hellip;]<\/p>\n","protected":false},"author":1,"featured_media":0,"parent":0,"menu_order":0,"comment_status":"closed","ping_status":"closed","template":"","meta":{"footnotes":""},"class_list":["post-24","page","type-page","status-publish","hentry"],"yoast_head":"<!-- This site is optimized with the Yoast SEO plugin v15.7 - https:\/\/yoast.com\/wordpress\/plugins\/seo\/ -->\n<title>Impressum &bull; Augenarzt D\u00fcsseldorf Praxis Zeitz Franko Zeitz<\/title>\n<meta name=\"robots\" content=\"index, follow, max-snippet:-1, max-image-preview:large, max-video-preview:-1\" \/>\n<link rel=\"canonical\" href=\"https:\/\/www.zeitzfrankozeitz.de\/ja\/impressum\/\" \/>\n<meta property=\"og:locale\" content=\"ja_JP\" \/>\n<meta property=\"og:type\" content=\"article\" \/>\n<meta property=\"og:title\" content=\"Impressum &bull; Augenarzt D\u00fcsseldorf Praxis Zeitz Franko Zeitz\" \/>\n<meta property=\"og:description\" content=\"Verantwortlich f\u00fcr Inhalte: Praxis Zeitz Franko Zeitz Fach\u00e4rzte f\u00fcr Augenheilkunde Dr. Philipp Franko Zeitz, A [&hellip;]\" \/>\n<meta property=\"og:url\" content=\"https:\/\/www.zeitzfrankozeitz.de\/impressum\/\" \/>\n<meta property=\"og:site_name\" content=\"Augenarzt D\u00fcsseldorf Praxis Zeitz Franko Zeitz\" \/>\n<meta property=\"article:modified_time\" content=\"2024-04-28T14:32:39+00:00\" \/>\n<meta name=\"twitter:card\" content=\"summary_large_image\" \/>\n<meta name=\"twitter:label1\" content=\"Est. reading time\">\n\t<meta name=\"twitter:data1\" content=\"1\u5206\">\n<script type=\"application\/ld+json\" class=\"yoast-schema-graph\">{\"@context\":\"https:\/\/schema.org\",\"@graph\":[{\"@type\":\"Organization\",\"@id\":\"https:\/\/www.zeitzfrankozeitz.de\/#organization\",\"name\":\"Augenarzt D\\u00fcsseldorf Zentrum Praxis Zeitz Franko Zeitz\",\"url\":\"https:\/\/www.zeitzfrankozeitz.de\/\",\"sameAs\":[],\"logo\":{\"@type\":\"ImageObject\",\"@id\":\"https:\/\/www.zeitzfrankozeitz.de\/#logo\",\"inLanguage\":\"ja\",\"url\":\"https:\/\/www.zeitzfrankozeitz.de\/wp-content\/uploads\/ZFZ_LOGO-NEU.jpg\",\"width\":595,\"height\":841,\"caption\":\"Augenarzt D\\u00fcsseldorf Zentrum Praxis Zeitz Franko Zeitz\"},\"image\":{\"@id\":\"https:\/\/www.zeitzfrankozeitz.de\/#logo\"}},{\"@type\":\"WebSite\",\"@id\":\"https:\/\/www.zeitzfrankozeitz.de\/#website\",\"url\":\"https:\/\/www.zeitzfrankozeitz.de\/\",\"name\":\"Augenarzt D\\u00fcsseldorf Zentrum Praxis Zeitz Franko Zeitz\",\"description\":\"Augenarzt D\\u00fcsseldorf Praxis Zeitz Franko Zeitz\",\"publisher\":{\"@id\":\"https:\/\/www.zeitzfrankozeitz.de\/#organization\"},\"potentialAction\":[{\"@type\":\"SearchAction\",\"target\":\"https:\/\/www.zeitzfrankozeitz.de\/?s={search_term_string}\",\"query-input\":\"required name=search_term_string\"}],\"inLanguage\":\"ja\"},{\"@type\":\"WebPage\",\"@id\":\"https:\/\/www.zeitzfrankozeitz.de\/impressum\/#webpage\",\"url\":\"https:\/\/www.zeitzfrankozeitz.de\/impressum\/\",\"name\":\"Impressum &bull; Augenarzt D\\u00fcsseldorf Praxis Zeitz Franko Zeitz\",\"isPartOf\":{\"@id\":\"https:\/\/www.zeitzfrankozeitz.de\/#website\"},\"datePublished\":\"2019-11-15T14:05:14+00:00\",\"dateModified\":\"2024-04-28T14:32:39+00:00\",\"inLanguage\":\"ja\",\"potentialAction\":[{\"@type\":\"ReadAction\",\"target\":[\"https:\/\/www.zeitzfrankozeitz.de\/impressum\/\"]}]}]}<\/script>\n<!-- \/ Yoast SEO plugin. -->","_links":{"self":[{"href":"https:\/\/www.zeitzfrankozeitz.de\/ja\/wp-json\/wp\/v2\/pages\/24"}],"collection":[{"href":"https:\/\/www.zeitzfrankozeitz.de\/ja\/wp-json\/wp\/v2\/pages"}],"about":[{"href":"https:\/\/www.zeitzfrankozeitz.de\/ja\/wp-json\/wp\/v2\/types\/page"}],"author":[{"embeddable":true,"href":"https:\/\/www.zeitzfrankozeitz.de\/ja\/wp-json\/wp\/v2\/users\/1"}],"replies":[{"embeddable":true,"href":"https:\/\/www.zeitzfrankozeitz.de\/ja\/wp-json\/wp\/v2\/comments?post=24"}],"version-history":[{"count":4,"href":"https:\/\/www.zeitzfrankozeitz.de\/ja\/wp-json\/wp\/v2\/pages\/24\/revisions"}],"predecessor-version":[{"id":17298,"href":"https:\/\/www.zeitzfrankozeitz.de\/ja\/wp-json\/wp\/v2\/pages\/24\/revisions\/17298"}],"wp:attachment":[{"href":"https:\/\/www.zeitzfrankozeitz.de\/ja\/wp-json\/wp\/v2\/media?parent=24"}],"curies":[{"name":"wp","href":"https:\/\/api.w.org\/{rel}","templated":true}]}}