{"id":8,"date":"2019-11-15T14:47:23","date_gmt":"2019-11-15T13:47:23","guid":{"rendered":"http:\/\/www.zeitzfrankozeitz.de\/?page_id=8"},"modified":"2024-10-31T18:22:49","modified_gmt":"2024-10-31T17:22:49","slug":"augenarzt-duesseldorf-zeitz-franko-zeitz","status":"publish","type":"page","link":"https:\/\/www.zeitzfrankozeitz.de\/ja\/augenarzt-duesseldorf-zeitz-franko-zeitz\/","title":{"rendered":"Praxis Zeitz Franko Zeitz D\u00fcsseldorf: Qualit\u00e4t statt Firlefanz"},"content":{"rendered":"\n<p><em>Wir legen Wert auf gute Medizin und arbeiten au\u00dferhalb der Sprechstunde lieber an Kompetenzen als an Kampagnen.<\/em><\/p>\n\n\n\n<p><a href=\"https:\/\/www.zeitzfrankozeitz.de\/augenarzt-duesseldorf-zeitz-franko-zeitz\/dr-med-philipp-franko-zeitz\/\" data-type=\"page\" data-id=\"11\">Vita Dr. med. Philipp Franko Zeitz<\/a><\/p>\n\n\n\n<p><a href=\"https:\/\/www.zeitzfrankozeitz.de\/dr-med-joachim-zeitz\/\" data-type=\"page\" data-id=\"17352\">Vita Dr. med. Joachim Zeitz<\/a><\/p>\n\n\n\n<figure class=\"wp-block-image size-large is-resized\"><img loading=\"lazy\" decoding=\"async\" width=\"1024\" height=\"819\" src=\"https:\/\/www.zeitzfrankozeitz.de\/wp-content\/uploads\/ZFZ_Gruppenfoto_Team_10342-1024x819.jpg\" alt=\"\" class=\"wp-image-16169\" style=\"width:624px\" srcset=\"https:\/\/www.zeitzfrankozeitz.de\/wp-content\/uploads\/ZFZ_Gruppenfoto_Team_10342-1024x819.jpg 1024w, https:\/\/www.zeitzfrankozeitz.de\/wp-content\/uploads\/ZFZ_Gruppenfoto_Team_10342-300x240.jpg 300w, https:\/\/www.zeitzfrankozeitz.de\/wp-content\/uploads\/ZFZ_Gruppenfoto_Team_10342-768x615.jpg 768w, https:\/\/www.zeitzfrankozeitz.de\/wp-content\/uploads\/ZFZ_Gruppenfoto_Team_10342-1536x1229.jpg 1536w, https:\/\/www.zeitzfrankozeitz.de\/wp-content\/uploads\/ZFZ_Gruppenfoto_Team_10342-2048x1639.jpg 2048w\" sizes=\"(max-width: 1024px) 100vw, 1024px\" \/><\/figure>\n\n\n\n<p>Die Maxime der Augenarztpraxis Zeitz Franko Zeitz D\u00fcsseldorf ist, dass wir eine an Qualit\u00e4tsaspekte gekoppelte Vorauswahl aus dem un\u00fcberschaubaren <a href=\"https:\/\/www.zeitzfrankozeitz.de\/schwerpunkte\/\">Angebot neuer diagnostischer und therapeutischer M\u00f6glichkeiten <\/a>treffen und gro\u00dfen Wert auf individuell differenzierende Patientenbetreuung legen.<\/p>\n\n\n\n<p>Zunehmend unterschiedliche Lebensgewohnheiten und Tagesabl\u00e4ufe erzeugen individuell unterschiedliche Anspr\u00fcche an das Sehen und erfordern daher eine auf die Person zugeschnittene Behandlung. <\/p>\n\n\n\n<figure class=\"wp-block-image size-large is-resized\"><img loading=\"lazy\" decoding=\"async\" width=\"1024\" height=\"683\" src=\"https:\/\/www.zeitzfrankozeitz.de\/wp-content\/uploads\/ZFZ_Augenuntersuchung_10186-1024x683.jpg\" alt=\"Untersuchung der Augen\" class=\"wp-image-16025\" style=\"width:644px\" srcset=\"https:\/\/www.zeitzfrankozeitz.de\/wp-content\/uploads\/ZFZ_Augenuntersuchung_10186-1024x683.jpg 1024w, https:\/\/www.zeitzfrankozeitz.de\/wp-content\/uploads\/ZFZ_Augenuntersuchung_10186-300x200.jpg 300w, https:\/\/www.zeitzfrankozeitz.de\/wp-content\/uploads\/ZFZ_Augenuntersuchung_10186-768x513.jpg 768w, https:\/\/www.zeitzfrankozeitz.de\/wp-content\/uploads\/ZFZ_Augenuntersuchung_10186-1536x1025.jpg 1536w, https:\/\/www.zeitzfrankozeitz.de\/wp-content\/uploads\/ZFZ_Augenuntersuchung_10186-2048x1367.jpg 2048w\" sizes=\"(max-width: 1024px) 100vw, 1024px\" \/><\/figure>\n\n\n\n<p>Dies funktioniert nur durch das Verst\u00e4ndnis Ihrer eigenen W\u00fcnsche und Anforderungen und entsprechend darauf zugeschnittene L\u00f6sungen auf dem Fundament qualit\u00e4tssichernd standardisierter Behandlungen.<\/p>\n\n\n\n<figure class=\"wp-block-image size-large is-resized\"><img loading=\"lazy\" decoding=\"async\" width=\"1024\" height=\"683\" src=\"https:\/\/www.zeitzfrankozeitz.de\/wp-content\/uploads\/ZFZ_Augenuntersuchung_10015-1024x683.jpg\" alt=\"Untersuchung der Retina (Netzhaut)\" class=\"wp-image-15862\" style=\"width:665px\" srcset=\"https:\/\/www.zeitzfrankozeitz.de\/wp-content\/uploads\/ZFZ_Augenuntersuchung_10015-1024x683.jpg 1024w, https:\/\/www.zeitzfrankozeitz.de\/wp-content\/uploads\/ZFZ_Augenuntersuchung_10015-300x200.jpg 300w, https:\/\/www.zeitzfrankozeitz.de\/wp-content\/uploads\/ZFZ_Augenuntersuchung_10015-768x513.jpg 768w, https:\/\/www.zeitzfrankozeitz.de\/wp-content\/uploads\/ZFZ_Augenuntersuchung_10015-1536x1025.jpg 1536w, https:\/\/www.zeitzfrankozeitz.de\/wp-content\/uploads\/ZFZ_Augenuntersuchung_10015-2048x1367.jpg 2048w\" sizes=\"(max-width: 1024px) 100vw, 1024px\" \/><\/figure>\n\n\n\n<p><em>Und das sind nicht blo\u00df Versprechen &#8211; machen Sie sich gerne in unserer Augenarztpraxis im D\u00fcsseldorfer Zentrum selbst davon einen Eindruck!<\/em><\/p>\n","protected":false},"excerpt":{"rendered":"<p>Wir legen Wert auf gute Medizin und arbeiten au\u00dferhalb der Sprechstunde lieber an Kompetenzen als an Kampagnen [&hellip;]<\/p>\n","protected":false},"author":1,"featured_media":0,"parent":0,"menu_order":0,"comment_status":"closed","ping_status":"closed","template":"","meta":{"footnotes":""},"class_list":["post-8","page","type-page","status-publish","hentry"],"yoast_head":"<!-- This site is optimized with the Yoast SEO plugin v15.7 - https:\/\/yoast.com\/wordpress\/plugins\/seo\/ -->\n<title>Augenarztpraxis Zeitz Franko Zeitz Duesseldorf Zentrum<\/title>\n<meta name=\"description\" content=\"Augenarztpraxis Zeitz Franko Zeitz Duesseldorf, Dr. med. Philipp Franko Zeitz, Dr. Joachim Zeitz, Augenarzt D\u00fcsseldorf Zentrum\" \/>\n<meta name=\"robots\" content=\"index, follow, max-snippet:-1, max-image-preview:large, max-video-preview:-1\" \/>\n<link rel=\"canonical\" href=\"https:\/\/www.zeitzfrankozeitz.de\/ja\/augenarzt-duesseldorf-zeitz-franko-zeitz\/\" \/>\n<meta property=\"og:locale\" content=\"ja_JP\" \/>\n<meta property=\"og:type\" content=\"article\" \/>\n<meta property=\"og:title\" content=\"Augenarztpraxis Zeitz Franko Zeitz Duesseldorf Zentrum\" \/>\n<meta property=\"og:description\" content=\"Augenarztpraxis Zeitz Franko Zeitz Duesseldorf, Dr. med. Philipp Franko Zeitz, Dr. Joachim Zeitz, Augenarzt D\u00fcsseldorf Zentrum\" \/>\n<meta property=\"og:url\" content=\"https:\/\/www.zeitzfrankozeitz.de\/augenarzt-duesseldorf-zeitz-franko-zeitz\/\" \/>\n<meta property=\"og:site_name\" content=\"Augenarzt D\u00fcsseldorf Praxis Zeitz Franko Zeitz\" \/>\n<meta property=\"article:modified_time\" content=\"2024-10-31T17:22:49+00:00\" \/>\n<meta property=\"og:image\" content=\"https:\/\/www.zeitzfrankozeitz.de\/wp-content\/uploads\/ZFZ_Gruppenfoto_Team_10342-1024x819.jpg\" \/>\n<meta name=\"twitter:card\" content=\"summary_large_image\" \/>\n<meta name=\"twitter:label1\" content=\"Est. reading time\">\n\t<meta name=\"twitter:data1\" content=\"2\u5206\">\n<script type=\"application\/ld+json\" class=\"yoast-schema-graph\">{\"@context\":\"https:\/\/schema.org\",\"@graph\":[{\"@type\":\"Organization\",\"@id\":\"https:\/\/www.zeitzfrankozeitz.de\/#organization\",\"name\":\"Augenarzt D\\u00fcsseldorf Zentrum Praxis Zeitz Franko Zeitz\",\"url\":\"https:\/\/www.zeitzfrankozeitz.de\/\",\"sameAs\":[],\"logo\":{\"@type\":\"ImageObject\",\"@id\":\"https:\/\/www.zeitzfrankozeitz.de\/#logo\",\"inLanguage\":\"ja\",\"url\":\"https:\/\/www.zeitzfrankozeitz.de\/wp-content\/uploads\/ZFZ_LOGO-NEU.jpg\",\"width\":595,\"height\":841,\"caption\":\"Augenarzt D\\u00fcsseldorf Zentrum Praxis Zeitz Franko Zeitz\"},\"image\":{\"@id\":\"https:\/\/www.zeitzfrankozeitz.de\/#logo\"}},{\"@type\":\"WebSite\",\"@id\":\"https:\/\/www.zeitzfrankozeitz.de\/#website\",\"url\":\"https:\/\/www.zeitzfrankozeitz.de\/\",\"name\":\"Augenarzt D\\u00fcsseldorf Zentrum Praxis Zeitz Franko Zeitz\",\"description\":\"Augenarzt D\\u00fcsseldorf Praxis Zeitz Franko Zeitz\",\"publisher\":{\"@id\":\"https:\/\/www.zeitzfrankozeitz.de\/#organization\"},\"potentialAction\":[{\"@type\":\"SearchAction\",\"target\":\"https:\/\/www.zeitzfrankozeitz.de\/?s={search_term_string}\",\"query-input\":\"required name=search_term_string\"}],\"inLanguage\":\"ja\"},{\"@type\":\"ImageObject\",\"@id\":\"https:\/\/www.zeitzfrankozeitz.de\/augenarzt-duesseldorf-zeitz-franko-zeitz\/#primaryimage\",\"inLanguage\":\"ja\",\"url\":\"https:\/\/www.zeitzfrankozeitz.de\/wp-content\/uploads\/ZFZ_Gruppenfoto_Team_10342-1024x819.jpg\"},{\"@type\":\"WebPage\",\"@id\":\"https:\/\/www.zeitzfrankozeitz.de\/augenarzt-duesseldorf-zeitz-franko-zeitz\/#webpage\",\"url\":\"https:\/\/www.zeitzfrankozeitz.de\/augenarzt-duesseldorf-zeitz-franko-zeitz\/\",\"name\":\"Augenarztpraxis Zeitz Franko Zeitz Duesseldorf Zentrum\",\"isPartOf\":{\"@id\":\"https:\/\/www.zeitzfrankozeitz.de\/#website\"},\"primaryImageOfPage\":{\"@id\":\"https:\/\/www.zeitzfrankozeitz.de\/augenarzt-duesseldorf-zeitz-franko-zeitz\/#primaryimage\"},\"datePublished\":\"2019-11-15T13:47:23+00:00\",\"dateModified\":\"2024-10-31T17:22:49+00:00\",\"description\":\"Augenarztpraxis Zeitz Franko Zeitz Duesseldorf, Dr. med. Philipp Franko Zeitz, Dr. Joachim Zeitz, Augenarzt D\\u00fcsseldorf Zentrum\",\"inLanguage\":\"ja\",\"potentialAction\":[{\"@type\":\"ReadAction\",\"target\":[\"https:\/\/www.zeitzfrankozeitz.de\/augenarzt-duesseldorf-zeitz-franko-zeitz\/\"]}]}]}<\/script>\n<!-- \/ Yoast SEO plugin. -->","_links":{"self":[{"href":"https:\/\/www.zeitzfrankozeitz.de\/ja\/wp-json\/wp\/v2\/pages\/8"}],"collection":[{"href":"https:\/\/www.zeitzfrankozeitz.de\/ja\/wp-json\/wp\/v2\/pages"}],"about":[{"href":"https:\/\/www.zeitzfrankozeitz.de\/ja\/wp-json\/wp\/v2\/types\/page"}],"author":[{"embeddable":true,"href":"https:\/\/www.zeitzfrankozeitz.de\/ja\/wp-json\/wp\/v2\/users\/1"}],"replies":[{"embeddable":true,"href":"https:\/\/www.zeitzfrankozeitz.de\/ja\/wp-json\/wp\/v2\/comments?post=8"}],"version-history":[{"count":53,"href":"https:\/\/www.zeitzfrankozeitz.de\/ja\/wp-json\/wp\/v2\/pages\/8\/revisions"}],"predecessor-version":[{"id":17613,"href":"https:\/\/www.zeitzfrankozeitz.de\/ja\/wp-json\/wp\/v2\/pages\/8\/revisions\/17613"}],"wp:attachment":[{"href":"https:\/\/www.zeitzfrankozeitz.de\/ja\/wp-json\/wp\/v2\/media?parent=8"}],"curies":[{"name":"wp","href":"https:\/\/api.w.org\/{rel}","templated":true}]}}