{"id":94,"date":"2019-11-15T17:25:18","date_gmt":"2019-11-15T16:25:18","guid":{"rendered":"http:\/\/www.zeitzfrankozeitz.de\/?page_id=94"},"modified":"2020-03-25T12:51:51","modified_gmt":"2020-03-25T11:51:51","slug":"therapie-von-benetzungsstoerungen","status":"publish","type":"page","link":"https:\/\/www.zeitzfrankozeitz.de\/ja\/schwerpunkte\/therapie-von-benetzungsstoerungen\/","title":{"rendered":"Therapie von Benetzungsst\u00f6rungen"},"content":{"rendered":"\n<p>Benetzungsst\u00f6rungen (Trockenes Auge, Keratokonjunktivitis sicca, Meibomdr\u00fcsen-Dysfunktion) sind die h\u00e4ufigsten Beschwerden, die ein Augenarzt im klinischen Alltag sieht. Etwa jeder siebte Mensch ist davon betroffen. &nbsp;Weil die Lebensqualit\u00e4t der Patienten selbst dann, wenn sich die morphologischen Ver\u00e4nderungen in Grenzen halten, doch h\u00e4ufig deutlich eingeschr\u00e4nkt ist, hat sich, nachdem man diesen Beschwerden fr\u00fcher weniger Bedeutung beigemessen hat, die Ansicht hierzu in den letzten Jahren ver\u00e4ndert. Gl\u00fccklicherweise haben sich auch die Therapiem\u00f6glichkeiten in den letzten Jahren enorm verbessert.<\/p>\n\n\n\n<p>Im Mai 2011 wurde Dr. Philipp Franko Zeitz zusammen mit Prof. Dr. Gerd Geerling, dem Direktor der Augenklinik der Universit\u00e4t D\u00fcsseldorf, als Experte zum Thema &#8220;Trockenes Auge&#8221; zu einer bundesweiten Telefonaktion eingeladen.<\/p>\n\n\n\n<p><a href=\"http:\/\/www.zeitzfrankozeitz.de\/medien\/telefonaktion-trockenes-auge\/\" class=\"button\">Ausz\u00fcge aus der Medienresonanz<\/a><\/p>\n\n\n\n<p><\/p>\n","protected":false},"excerpt":{"rendered":"<p>Benetzungsst\u00f6rungen (Trockenes Auge, Keratokonjunktivitis sicca, Meibomdr\u00fcsen-Dysfunktion) sind die h\u00e4ufigsten [&hellip;]<\/p>\n","protected":false},"author":1,"featured_media":0,"parent":66,"menu_order":0,"comment_status":"closed","ping_status":"closed","template":"","meta":{"footnotes":""},"class_list":["post-94","page","type-page","status-publish","hentry"],"yoast_head":"<!-- This site is optimized with the Yoast SEO plugin v15.7 - https:\/\/yoast.com\/wordpress\/plugins\/seo\/ -->\n<title>Therapie von Benetzungsst\u00f6rungen &bull; Augenarzt D\u00fcsseldorf Praxis Zeitz Franko Zeitz<\/title>\n<meta name=\"robots\" content=\"index, follow, max-snippet:-1, max-image-preview:large, max-video-preview:-1\" \/>\n<link rel=\"canonical\" href=\"https:\/\/www.zeitzfrankozeitz.de\/ja\/schwerpunkte\/therapie-von-benetzungsstoerungen\/\" \/>\n<meta property=\"og:locale\" content=\"ja_JP\" \/>\n<meta property=\"og:type\" content=\"article\" \/>\n<meta property=\"og:title\" content=\"Therapie von Benetzungsst\u00f6rungen &bull; Augenarzt D\u00fcsseldorf Praxis Zeitz Franko Zeitz\" \/>\n<meta property=\"og:description\" content=\"Benetzungsst\u00f6rungen (Trockenes Auge, Keratokonjunktivitis sicca, Meibomdr\u00fcsen-Dysfunktion) sind die h\u00e4ufigsten [&hellip;]\" \/>\n<meta property=\"og:url\" content=\"https:\/\/www.zeitzfrankozeitz.de\/schwerpunkte\/therapie-von-benetzungsstoerungen\/\" \/>\n<meta property=\"og:site_name\" content=\"Augenarzt D\u00fcsseldorf Praxis Zeitz Franko Zeitz\" \/>\n<meta property=\"article:modified_time\" content=\"2020-03-25T11:51:51+00:00\" \/>\n<meta name=\"twitter:card\" content=\"summary_large_image\" \/>\n<meta name=\"twitter:label1\" content=\"Est. reading time\">\n\t<meta name=\"twitter:data1\" content=\"1\u5206\">\n<script type=\"application\/ld+json\" class=\"yoast-schema-graph\">{\"@context\":\"https:\/\/schema.org\",\"@graph\":[{\"@type\":\"Organization\",\"@id\":\"https:\/\/www.zeitzfrankozeitz.de\/#organization\",\"name\":\"Augenarzt D\\u00fcsseldorf Zentrum Praxis Zeitz Franko Zeitz\",\"url\":\"https:\/\/www.zeitzfrankozeitz.de\/\",\"sameAs\":[],\"logo\":{\"@type\":\"ImageObject\",\"@id\":\"https:\/\/www.zeitzfrankozeitz.de\/#logo\",\"inLanguage\":\"ja\",\"url\":\"https:\/\/www.zeitzfrankozeitz.de\/wp-content\/uploads\/ZFZ_LOGO-NEU.jpg\",\"width\":595,\"height\":841,\"caption\":\"Augenarzt D\\u00fcsseldorf Zentrum Praxis Zeitz Franko Zeitz\"},\"image\":{\"@id\":\"https:\/\/www.zeitzfrankozeitz.de\/#logo\"}},{\"@type\":\"WebSite\",\"@id\":\"https:\/\/www.zeitzfrankozeitz.de\/#website\",\"url\":\"https:\/\/www.zeitzfrankozeitz.de\/\",\"name\":\"Augenarzt D\\u00fcsseldorf Zentrum Praxis Zeitz Franko Zeitz\",\"description\":\"Augenarzt D\\u00fcsseldorf Praxis Zeitz Franko Zeitz\",\"publisher\":{\"@id\":\"https:\/\/www.zeitzfrankozeitz.de\/#organization\"},\"potentialAction\":[{\"@type\":\"SearchAction\",\"target\":\"https:\/\/www.zeitzfrankozeitz.de\/?s={search_term_string}\",\"query-input\":\"required name=search_term_string\"}],\"inLanguage\":\"ja\"},{\"@type\":\"WebPage\",\"@id\":\"https:\/\/www.zeitzfrankozeitz.de\/schwerpunkte\/therapie-von-benetzungsstoerungen\/#webpage\",\"url\":\"https:\/\/www.zeitzfrankozeitz.de\/schwerpunkte\/therapie-von-benetzungsstoerungen\/\",\"name\":\"Therapie von Benetzungsst\\u00f6rungen &bull; Augenarzt D\\u00fcsseldorf Praxis Zeitz Franko Zeitz\",\"isPartOf\":{\"@id\":\"https:\/\/www.zeitzfrankozeitz.de\/#website\"},\"datePublished\":\"2019-11-15T16:25:18+00:00\",\"dateModified\":\"2020-03-25T11:51:51+00:00\",\"inLanguage\":\"ja\",\"potentialAction\":[{\"@type\":\"ReadAction\",\"target\":[\"https:\/\/www.zeitzfrankozeitz.de\/schwerpunkte\/therapie-von-benetzungsstoerungen\/\"]}]}]}<\/script>\n<!-- \/ Yoast SEO plugin. -->","_links":{"self":[{"href":"https:\/\/www.zeitzfrankozeitz.de\/ja\/wp-json\/wp\/v2\/pages\/94"}],"collection":[{"href":"https:\/\/www.zeitzfrankozeitz.de\/ja\/wp-json\/wp\/v2\/pages"}],"about":[{"href":"https:\/\/www.zeitzfrankozeitz.de\/ja\/wp-json\/wp\/v2\/types\/page"}],"author":[{"embeddable":true,"href":"https:\/\/www.zeitzfrankozeitz.de\/ja\/wp-json\/wp\/v2\/users\/1"}],"replies":[{"embeddable":true,"href":"https:\/\/www.zeitzfrankozeitz.de\/ja\/wp-json\/wp\/v2\/comments?post=94"}],"version-history":[{"count":5,"href":"https:\/\/www.zeitzfrankozeitz.de\/ja\/wp-json\/wp\/v2\/pages\/94\/revisions"}],"predecessor-version":[{"id":15730,"href":"https:\/\/www.zeitzfrankozeitz.de\/ja\/wp-json\/wp\/v2\/pages\/94\/revisions\/15730"}],"up":[{"embeddable":true,"href":"https:\/\/www.zeitzfrankozeitz.de\/ja\/wp-json\/wp\/v2\/pages\/66"}],"wp:attachment":[{"href":"https:\/\/www.zeitzfrankozeitz.de\/ja\/wp-json\/wp\/v2\/media?parent=94"}],"curies":[{"name":"wp","href":"https:\/\/api.w.org\/{rel}","templated":true}]}}