{"id":15054,"date":"2020-01-31T17:56:50","date_gmt":"2020-01-31T16:56:50","guid":{"rendered":"http:\/\/www.zeitzfrankozeitz.de\/?page_id=15054"},"modified":"2021-05-01T13:33:02","modified_gmt":"2021-05-01T11:33:02","slug":"visustafeln-visual-acuity-charts-comparison","status":"publish","type":"page","link":"https:\/\/www.zeitzfrankozeitz.de\/pt-pt\/dictionary-tools\/visustafeln-visual-acuity-charts-comparison\/","title":{"rendered":"Visustafeln \/ Visual acuity charts &#8220;English &#8211; Deutsch &#8211; European&#8221;"},"content":{"rendered":"\n<p>Zur Angabe des Visus ist in&nbsp;den englischsprachigen und vielen weiteren L\u00e4ndern ein anderes System \u00fcblich als im deutschsprachigen Raum. Auch hier ist der Visus eine dimensionslose Zahl mit relativem Bezug zur Bezugsgr\u00f6\u00dfe 1\u00b4 (1 Winkelminute). Anders als im deutschsprachigen Raum wird der Visus allerdings nicht als Dezimalzahl, sondern als Bruch angegeben. Hier finden Sie eine \u00dcbersicht zu korrelierenden Visusstufen. Einige im Deutschen g\u00e4ngige Visusstufen, wie etwa 0,63,&nbsp;sind dabei allerdings nicht direkt \u00fcbertragbar; andererseits sind einige Snellenstufen, wie etwa 20\/30, zwar &#8220;\u00fcbersetzbar&#8221; (0,67), aber als Dezimalzahl nicht g\u00e4ngig.<\/p>\n\n\n\n<p>Ein weiteres System ist in vielen europ\u00e4ischen L\u00e4ndern g\u00e4ngig: Hier wird der Visus auf Basis von 10\/10 (als vollem Visus) in Zenhntelschritten angegeben. Der LogMAR-Visus ist vor allem im wissenschaftlichen Kontext verbreitet.<\/p>\n\n\n\n<p><em>For visual acuity a different system is used in anglophone countries than in Germany. In both systems the visual acuity is represented by a dimensionless number related to the reference value of 1\u00b4 (1 arc minute). But in contrast\u00a0to Germany, the visual acuity is expressed as a vulgar fraction, not as a\u00a0decimal. The following table shows a comparison of visual acuity levels. Please note that some levels commonly used in Germany, such as 0,63 , are not exactly &#8220;translatable&#8221; to a vulgar fraction. On the other hand, some common fractions, such\u00a0as 20\/30, are &#8220;translatable&#8221; (0,67), but not common as a decimal.<\/em><\/p>\n\n\n\n<p><em>Another system is used in many other European countries: The visual acuity is noted on the base of 10\/10 (equivalent to 20\/20\u00a0vision) in steps of 1\/10.<\/em><\/p>\n\n\n\n<p><\/p>\n\n\n\n<p>T<em>he LogMAR system is common in scientific practice.<\/em><\/p>\n\n\n\n<table id=\"table_67\" cellspacing=\"0\" cellpadding=\"0\" summary=\"visustafel\">\n<thead>\n<tr>\n  <th class=\"head_0 col_first\">Snellen fraction (m)<\/th>\n  <th class=\"head_1\">Snellen fraction (ft)\n<\/th>\n  <th class=\"head_2\">Dezimal \/ decimal<\/th>\n  <th class=\"head_3\">Zehntel \/ tenth\n<\/th>\n  <th class=\"head_4 col_last\">Log MAR<\/th>\n<\/tr>\n<\/thead>\n<tbody>\n<tr class=\"row_0 row_first even\">\n  <td class=\"col_0 col_first\">6\/120<\/td>\n  <td class=\"col_1\">20\/400<\/td>\n  <td class=\"col_2\">0,05<\/td>\n  <td class=\"col_3\">&nbsp;<\/td>\n  <td class=\"col_4 col_last\">1,3<\/td>\n<\/tr>\n<tr class=\"row_1 odd\">\n  <td class=\"col_0 col_first\">6\/75<\/td>\n  <td class=\"col_1\">20\/250<\/td>\n  <td class=\"col_2\">0,08<\/td>\n  <td class=\"col_3\">&nbsp;<\/td>\n  <td class=\"col_4 col_last\">1,1<\/td>\n<\/tr>\n<tr class=\"row_2 even\">\n  <td class=\"col_0 col_first\">6\/60<\/td>\n  <td class=\"col_1\">20\/200<\/td>\n  <td class=\"col_2\">0,1<\/td>\n  <td class=\"col_3\">1\/10<\/td>\n  <td class=\"col_4 col_last\">1,0<\/td>\n<\/tr>\n<tr class=\"row_3 odd\">\n  <td class=\"col_0 col_first\">&nbsp;<\/td>\n  <td class=\"col_1\">&nbsp;<\/td>\n  <td class=\"col_2\">0,125<\/td>\n  <td class=\"col_3\">&nbsp;<\/td>\n  <td class=\"col_4 col_last\">0,9<\/td>\n<\/tr>\n<tr class=\"row_4 even\">\n  <td class=\"col_0 col_first\">&nbsp;<\/td>\n  <td class=\"col_1\">&nbsp;<\/td>\n  <td class=\"col_2\">0,16<\/td>\n  <td class=\"col_3\">&nbsp;<\/td>\n  <td class=\"col_4 col_last\">0,8<\/td>\n<\/tr>\n<tr class=\"row_5 odd\">\n  <td class=\"col_0 col_first\">6\/30<\/td>\n  <td class=\"col_1\">20\/100<\/td>\n  <td class=\"col_2\">0,2<\/td>\n  <td class=\"col_3\">2\/10<\/td>\n  <td class=\"col_4 col_last\">0,7<\/td>\n<\/tr>\n<tr class=\"row_6 even\">\n  <td class=\"col_0 col_first\">6\/24<\/td>\n  <td class=\"col_1\">20\/80<\/td>\n  <td class=\"col_2\">0,25<\/td>\n  <td class=\"col_3\">&nbsp;<\/td>\n  <td class=\"col_4 col_last\">0,6<\/td>\n<\/tr>\n<tr class=\"row_7 odd\">\n  <td class=\"col_0 col_first\">6\/18<\/td>\n  <td class=\"col_1\">20\/60<\/td>\n  <td class=\"col_2\">0,33<\/td>\n  <td class=\"col_3\">&nbsp;<\/td>\n  <td class=\"col_4 col_last\">0,5<\/td>\n<\/tr>\n<tr class=\"row_8 even\">\n  <td class=\"col_0 col_first\">6\/15<\/td>\n  <td class=\"col_1\">20\/50<\/td>\n  <td class=\"col_2\">0,4<\/td>\n  <td class=\"col_3\">4\/10<\/td>\n  <td class=\"col_4 col_last\">0,4<\/td>\n<\/tr>\n<tr class=\"row_9 odd\">\n  <td class=\"col_0 col_first\">6\/12<\/td>\n  <td class=\"col_1\">20\/40<\/td>\n  <td class=\"col_2\">0,5<\/td>\n  <td class=\"col_3\">5\/10<\/td>\n  <td class=\"col_4 col_last\">0,3<\/td>\n<\/tr>\n<tr class=\"row_10 even\">\n  <td class=\"col_0 col_first\">&nbsp;<\/td>\n  <td class=\"col_1\">&nbsp;<\/td>\n  <td class=\"col_2\">0,63<\/td>\n  <td class=\"col_3\">&nbsp;<\/td>\n  <td class=\"col_4 col_last\">0,2<\/td>\n<\/tr>\n<tr class=\"row_11 odd\">\n  <td class=\"col_0 col_first\">6\/9<\/td>\n  <td class=\"col_1\">20\/30<\/td>\n  <td class=\"col_2\">0,67 (not common)<\/td>\n  <td class=\"col_3\">&nbsp;<\/td>\n  <td class=\"col_4 col_last\">&nbsp;<\/td>\n<\/tr>\n<tr class=\"row_12 even\">\n  <td class=\"col_0 col_first\">6\/7.5<\/td>\n  <td class=\"col_1\">20\/25<\/td>\n  <td class=\"col_2\">0,8<\/td>\n  <td class=\"col_3\">8\/10<\/td>\n  <td class=\"col_4 col_last\">0,1<\/td>\n<\/tr>\n<tr class=\"row_13 odd\">\n  <td class=\"col_0 col_first\">6\/6<\/td>\n  <td class=\"col_1\">20\/20<\/td>\n  <td class=\"col_2\">1,0<\/td>\n  <td class=\"col_3\">10\/10<\/td>\n  <td class=\"col_4 col_last\">0,0<\/td>\n<\/tr>\n<tr class=\"row_14 even\">\n  <td class=\"col_0 col_first\">&nbsp;<\/td>\n  <td class=\"col_1\">&nbsp;<\/td>\n  <td class=\"col_2\">1,25<\/td>\n  <td class=\"col_3\">&nbsp;<\/td>\n  <td class=\"col_4 col_last\">-0,1<\/td>\n<\/tr>\n<tr class=\"row_15 odd\">\n  <td class=\"col_0 col_first\">6\/4.5<\/td>\n  <td class=\"col_1\">20\/15<\/td>\n  <td class=\"col_2\">1,33 (not common)<\/td>\n  <td class=\"col_3\">&nbsp;<\/td>\n  <td class=\"col_4 col_last\">&nbsp;<\/td>\n<\/tr>\n<tr class=\"row_16 even\">\n  <td class=\"col_0 col_first\">&nbsp;<\/td>\n  <td class=\"col_1\">&nbsp;<\/td>\n  <td class=\"col_2\">1,6<\/td>\n  <td class=\"col_3\">&nbsp;<\/td>\n  <td class=\"col_4 col_last\">-0,2<\/td>\n<\/tr>\n<tr class=\"row_17 row_last odd\">\n  <td class=\"col_0 col_first\">6\/3<\/td>\n  <td class=\"col_1\">20\/10<\/td>\n  <td class=\"col_2\">2,0<\/td>\n  <td class=\"col_3\">20\/10<\/td>\n  <td class=\"col_4 col_last\">-0,3<\/td>\n<\/tr>\n<\/tbody>\n<\/table>\n\n\n\n<table id=\"table_68\" cellspacing=\"0\" cellpadding=\"0\" summary=\"visustafel\">\n<thead>\n<tr>\n  <th class=\"head_0 col_first\">English<\/th>\n  <th class=\"head_1\">Metervisus<\/th>\n  <th class=\"head_2 col_last\">Deutsch<\/th>\n<\/tr>\n<\/thead>\n<tbody>\n<tr class=\"row_0 row_first even\">\n  <td class=\"col_0 col_first\">1\/50<\/td>\n  <td class=\"col_1\">&nbsp;<\/td>\n  <td class=\"col_2 col_last\">1\/50<\/td>\n<\/tr>\n<tr class=\"row_1 odd\">\n  <td class=\"col_0 col_first\">1\/35<\/td>\n  <td class=\"col_1\">&nbsp;<\/td>\n  <td class=\"col_2 col_last\">1\/35<\/td>\n<\/tr>\n<tr class=\"row_2 even\">\n  <td class=\"col_0 col_first\">1\/25<\/td>\n  <td class=\"col_1\">&nbsp;<\/td>\n  <td class=\"col_2 col_last\">1\/25<\/td>\n<\/tr>\n<tr class=\"row_3 odd\">\n  <td class=\"col_0 col_first\">1\/20<\/td>\n  <td class=\"col_1\">&nbsp;<\/td>\n  <td class=\"col_2 col_last\">1\/20<\/td>\n<\/tr>\n<tr class=\"row_4 even\">\n  <td class=\"col_0 col_first\">1\/15<\/td>\n  <td class=\"col_1\">&nbsp;<\/td>\n  <td class=\"col_2 col_last\">1\/15<\/td>\n<\/tr>\n<tr class=\"row_5 row_last odd\">\n  <td class=\"col_0 col_first\">1\/10<\/td>\n  <td class=\"col_1\">&nbsp;<\/td>\n  <td class=\"col_2 col_last\">1\/10<\/td>\n<\/tr>\n<\/tbody>\n<\/table>\n\n\n\n<table id=\"table_69\" cellspacing=\"0\" cellpadding=\"0\" summary=\"visustafel\">\n<thead>\n<tr>\n  <th class=\"head_0 col_first\">English<\/th>\n  <th class=\"head_1 col_last\">Deutsch<\/th>\n<\/tr>\n<\/thead>\n<tbody>\n<tr class=\"row_0 row_first even\">\n  <td class=\"col_0 col_first\">no light perception, NLP<\/td>\n  <td class=\"col_1 col_last\">Nulla lux<\/td>\n<\/tr>\n<tr class=\"row_1 odd\">\n  <td class=\"col_0 col_first\">light perception, LP<\/td>\n  <td class=\"col_1 col_last\">Lichtscheinwahrnehmung, LSW, LUX<\/td>\n<\/tr>\n<tr class=\"row_2 even\">\n  <td class=\"col_0 col_first\">light projection<\/td>\n  <td class=\"col_1 col_last\">Lichtscheinprojektion, LSP<\/td>\n<\/tr>\n<tr class=\"row_3 odd\">\n  <td class=\"col_0 col_first\">hand motion, HM<\/td>\n  <td class=\"col_1 col_last\">Handbewegungen, HBW<\/td>\n<\/tr>\n<tr class=\"row_4 row_last even\">\n  <td class=\"col_0 col_first\">counting fingers, CF<\/td>\n  <td class=\"col_1 col_last\">Fingerz\u00e4hlen, FZ<\/td>\n<\/tr>\n<\/tbody>\n<\/table>\n","protected":false},"excerpt":{"rendered":"<p>Zur Angabe des Visus ist in&nbsp;den englischsprachigen und vielen weiteren L\u00e4ndern ein anderes System \u00fcblich als im deutschsprachigen Raum. Auch hier ist der Visus eine dimensionslose Zahl mit relativem Bezug zur Bezugsgr\u00f6\u00dfe 1\u00b4 (1 Winkelminute). Anders als im deutschsprachigen Raum wird der Visus allerdings nicht als Dezimalzahl, sondern als Bruch angegeben. Hier finden Sie eine [&hellip;]<\/p>\n","protected":false},"author":1,"featured_media":0,"parent":108,"menu_order":4,"comment_status":"closed","ping_status":"closed","template":"","meta":{"footnotes":""},"class_list":["post-15054","page","type-page","status-publish","hentry"],"yoast_head":"<!-- This site is optimized with the Yoast SEO plugin v15.7 - https:\/\/yoast.com\/wordpress\/plugins\/seo\/ -->\n<title>Visustafeln Vergleich Visual acuity charts comparison<\/title>\n<meta name=\"description\" content=\"Visustafeln \/ Visual acuity charts Comparison &quot;English - Deutsch - European&quot; - Vergleichstabelle f\u00fcr unterschiedliche Systeme zur Notation des Visus (Sehsch\u00e4rfe)\" \/>\n<meta name=\"robots\" content=\"index, follow, max-snippet:-1, max-image-preview:large, max-video-preview:-1\" \/>\n<link rel=\"canonical\" href=\"https:\/\/www.zeitzfrankozeitz.de\/pt-pt\/dictionary-tools\/visustafeln-visual-acuity-charts-comparison\/\" \/>\n<meta property=\"og:locale\" content=\"pt_PT\" \/>\n<meta property=\"og:type\" content=\"article\" \/>\n<meta property=\"og:title\" content=\"Visustafeln Vergleich Visual acuity charts comparison\" \/>\n<meta property=\"og:description\" content=\"Visustafeln \/ Visual acuity charts Comparison &quot;English - Deutsch - European&quot; - Vergleichstabelle f\u00fcr unterschiedliche Systeme zur Notation des Visus (Sehsch\u00e4rfe)\" \/>\n<meta property=\"og:url\" content=\"https:\/\/www.zeitzfrankozeitz.de\/dictionary-tools\/visustafeln-visual-acuity-charts-comparison\/\" \/>\n<meta property=\"og:site_name\" content=\"Augenarzt D\u00fcsseldorf Praxis Zeitz Franko Zeitz\" \/>\n<meta property=\"article:modified_time\" content=\"2021-05-01T11:33:02+00:00\" \/>\n<meta name=\"twitter:card\" content=\"summary_large_image\" \/>\n<meta name=\"twitter:label1\" content=\"Est. reading time\">\n\t<meta name=\"twitter:data1\" content=\"2 minutos\">\n<script type=\"application\/ld+json\" class=\"yoast-schema-graph\">{\"@context\":\"https:\/\/schema.org\",\"@graph\":[{\"@type\":\"Organization\",\"@id\":\"https:\/\/www.zeitzfrankozeitz.de\/#organization\",\"name\":\"Augenarzt D\\u00fcsseldorf Zentrum Praxis Zeitz Franko Zeitz\",\"url\":\"https:\/\/www.zeitzfrankozeitz.de\/\",\"sameAs\":[],\"logo\":{\"@type\":\"ImageObject\",\"@id\":\"https:\/\/www.zeitzfrankozeitz.de\/#logo\",\"inLanguage\":\"pt-PT\",\"url\":\"https:\/\/www.zeitzfrankozeitz.de\/wp-content\/uploads\/ZFZ_LOGO-NEU.jpg\",\"width\":595,\"height\":841,\"caption\":\"Augenarzt D\\u00fcsseldorf Zentrum Praxis Zeitz Franko Zeitz\"},\"image\":{\"@id\":\"https:\/\/www.zeitzfrankozeitz.de\/#logo\"}},{\"@type\":\"WebSite\",\"@id\":\"https:\/\/www.zeitzfrankozeitz.de\/#website\",\"url\":\"https:\/\/www.zeitzfrankozeitz.de\/\",\"name\":\"Augenarzt D\\u00fcsseldorf Zentrum Praxis Zeitz Franko Zeitz\",\"description\":\"Augenarzt D\\u00fcsseldorf Praxis Zeitz Franko Zeitz\",\"publisher\":{\"@id\":\"https:\/\/www.zeitzfrankozeitz.de\/#organization\"},\"potentialAction\":[{\"@type\":\"SearchAction\",\"target\":\"https:\/\/www.zeitzfrankozeitz.de\/?s={search_term_string}\",\"query-input\":\"required name=search_term_string\"}],\"inLanguage\":\"pt-PT\"},{\"@type\":\"WebPage\",\"@id\":\"https:\/\/www.zeitzfrankozeitz.de\/dictionary-tools\/visustafeln-visual-acuity-charts-comparison\/#webpage\",\"url\":\"https:\/\/www.zeitzfrankozeitz.de\/dictionary-tools\/visustafeln-visual-acuity-charts-comparison\/\",\"name\":\"Visustafeln Vergleich Visual acuity charts comparison\",\"isPartOf\":{\"@id\":\"https:\/\/www.zeitzfrankozeitz.de\/#website\"},\"datePublished\":\"2020-01-31T16:56:50+00:00\",\"dateModified\":\"2021-05-01T11:33:02+00:00\",\"description\":\"Visustafeln \/ Visual acuity charts Comparison \\\"English - Deutsch - European\\\" - Vergleichstabelle f\\u00fcr unterschiedliche Systeme zur Notation des Visus (Sehsch\\u00e4rfe)\",\"inLanguage\":\"pt-PT\",\"potentialAction\":[{\"@type\":\"ReadAction\",\"target\":[\"https:\/\/www.zeitzfrankozeitz.de\/dictionary-tools\/visustafeln-visual-acuity-charts-comparison\/\"]}]}]}<\/script>\n<!-- \/ Yoast SEO plugin. -->","_links":{"self":[{"href":"https:\/\/www.zeitzfrankozeitz.de\/pt-pt\/wp-json\/wp\/v2\/pages\/15054"}],"collection":[{"href":"https:\/\/www.zeitzfrankozeitz.de\/pt-pt\/wp-json\/wp\/v2\/pages"}],"about":[{"href":"https:\/\/www.zeitzfrankozeitz.de\/pt-pt\/wp-json\/wp\/v2\/types\/page"}],"author":[{"embeddable":true,"href":"https:\/\/www.zeitzfrankozeitz.de\/pt-pt\/wp-json\/wp\/v2\/users\/1"}],"replies":[{"embeddable":true,"href":"https:\/\/www.zeitzfrankozeitz.de\/pt-pt\/wp-json\/wp\/v2\/comments?post=15054"}],"version-history":[{"count":8,"href":"https:\/\/www.zeitzfrankozeitz.de\/pt-pt\/wp-json\/wp\/v2\/pages\/15054\/revisions"}],"predecessor-version":[{"id":16658,"href":"https:\/\/www.zeitzfrankozeitz.de\/pt-pt\/wp-json\/wp\/v2\/pages\/15054\/revisions\/16658"}],"up":[{"embeddable":true,"href":"https:\/\/www.zeitzfrankozeitz.de\/pt-pt\/wp-json\/wp\/v2\/pages\/108"}],"wp:attachment":[{"href":"https:\/\/www.zeitzfrankozeitz.de\/pt-pt\/wp-json\/wp\/v2\/media?parent=15054"}],"curies":[{"name":"wp","href":"https:\/\/api.w.org\/{rel}","templated":true}]}}