{"id":76,"date":"2019-11-15T17:18:53","date_gmt":"2019-11-15T16:18:53","guid":{"rendered":"http:\/\/www.zeitzfrankozeitz.de\/?page_id=76"},"modified":"2021-01-22T01:08:33","modified_gmt":"2021-01-22T00:08:33","slug":"diabetes","status":"publish","type":"page","link":"https:\/\/www.zeitzfrankozeitz.de\/pt-pt\/schwerpunkte\/diabetes\/","title":{"rendered":"Diabetes"},"content":{"rendered":"\n<p>Die sogenannte diabetische Retinopathie, eine Erkrankung der Netzhaut durch Diabetes mellitus (Zuckerkrankheit), ist die h\u00e4ufigste Erblindungsursache in Europa bei Menschen zwischen dem 20. und 65. Lebensjahr.<\/p>\n\n\n\n<figure class=\"wp-block-image size-large\"><img loading=\"lazy\" decoding=\"async\" width=\"878\" height=\"544\" src=\"http:\/\/www.zeitzfrankozeitz.de\/wp-content\/uploads\/2019\/11\/diabetes.jpg\" alt=\"\" class=\"wp-image-77\"\/><\/figure>\n\n\n\n<p>Etwa 90 Prozent aller Diabetiker entwickeln im Laufe des Lebens diabetische Netzhautver\u00e4nderungen, zudem stellt der Diabetes ein erh\u00f6htes Risiko f\u00fcr andere Augenerkrankungen wie etwa ein Glaukom (Gr\u00fcner Star) dar. Da der Patient selber diabetische Ver\u00e4nderungen zuerst \u00fcberhaupt nicht bemerkt,&nbsp;m\u00fcssen bei jedem Diabetiker die Augen regelm\u00e4\u00dfig untersucht werden. Nicht alles ist behandlungsbed\u00fcrftig, aber generell gilt, da\u00df die diabetische Retinopathie, wenn sie einmal ein bestimmtes Ausma\u00df \u00fcberschreitet, fr\u00fch behandelt werden mu\u00df, um sp\u00e4tere schwere Folgen zu vermeiden. Hierzu steht neben der seit Jahrzehnten bew\u00e4hrten Lasertherapie eine Reihe medikament\u00f6ser und operativer M\u00f6glichkeiten zur Verf\u00fcgung, welche sich gerade in den letzten Jahren deutlich weiterentwickelt haben. Zudem wird die Diagnostik durch weitreichende technische Verbesserungen immer genauer, die Behandlung dadurch effektiver.<\/p>\n\n\n\n<p>Gerne k\u00fcmmern wir uns um Ihre Langzeitbetreuung, legen je nach Befund die Kontrollintervalle und Untersuchungsmethoden fest und \u00fcbernehmen, sollte es notwendig sein, auch die Therapie.<\/p>\n\n\n\n<hr class=\"wp-block-separator\"\/>\n\n\n\n<h2 class=\"wp-block-heading\"><\/h2>\n\n\n\n<p><\/p>\n\n\n\n<p><\/p>\n\n\n\n<p><\/p>\n","protected":false},"excerpt":{"rendered":"<p>Die sogenannte diabetische Retinopathie, eine Erkrankung der Netzhaut durch Diabetes mellitus (Zuckerkrankheit), ist die h\u00e4ufigste Erblindungsursache in Europa bei Menschen zwischen dem 20. und 65. Lebensjahr. Etwa 90 Prozent aller Diabetiker entwickeln im Laufe des Lebens diabetische Netzhautver\u00e4nderungen, zudem stellt der Diabetes ein erh\u00f6htes Risiko f\u00fcr andere Augenerkrankungen wie etwa ein Glaukom (Gr\u00fcner Star) dar. [&hellip;]<\/p>\n","protected":false},"author":1,"featured_media":0,"parent":66,"menu_order":0,"comment_status":"closed","ping_status":"closed","template":"","meta":{"footnotes":""},"class_list":["post-76","page","type-page","status-publish","hentry"],"yoast_head":"<!-- This site is optimized with the Yoast SEO plugin v15.7 - https:\/\/yoast.com\/wordpress\/plugins\/seo\/ -->\n<title>Diabetes &bull; Augenarzt D\u00fcsseldorf Praxis Zeitz Franko Zeitz<\/title>\n<meta name=\"robots\" content=\"index, follow, max-snippet:-1, max-image-preview:large, max-video-preview:-1\" \/>\n<link rel=\"canonical\" href=\"https:\/\/www.zeitzfrankozeitz.de\/pt-pt\/schwerpunkte\/diabetes\/\" \/>\n<meta property=\"og:locale\" content=\"pt_PT\" \/>\n<meta property=\"og:type\" content=\"article\" \/>\n<meta property=\"og:title\" content=\"Diabetes &bull; Augenarzt D\u00fcsseldorf Praxis Zeitz Franko Zeitz\" \/>\n<meta property=\"og:description\" content=\"Die sogenannte diabetische Retinopathie, eine Erkrankung der Netzhaut durch Diabetes mellitus (Zuckerkrankheit), ist die h\u00e4ufigste Erblindungsursache in Europa bei Menschen zwischen dem 20. und 65. Lebensjahr. Etwa 90 Prozent aller Diabetiker entwickeln im Laufe des Lebens diabetische Netzhautver\u00e4nderungen, zudem stellt der Diabetes ein erh\u00f6htes Risiko f\u00fcr andere Augenerkrankungen wie etwa ein Glaukom (Gr\u00fcner Star) dar. [&hellip;]\" \/>\n<meta property=\"og:url\" content=\"https:\/\/www.zeitzfrankozeitz.de\/schwerpunkte\/diabetes\/\" \/>\n<meta property=\"og:site_name\" content=\"Augenarzt D\u00fcsseldorf Praxis Zeitz Franko Zeitz\" \/>\n<meta property=\"article:modified_time\" content=\"2021-01-22T00:08:33+00:00\" \/>\n<meta property=\"og:image\" content=\"http:\/\/www.zeitzfrankozeitz.de\/wp-content\/uploads\/2019\/11\/diabetes.jpg\" \/>\n<meta name=\"twitter:card\" content=\"summary_large_image\" \/>\n<meta name=\"twitter:label1\" content=\"Est. reading time\">\n\t<meta name=\"twitter:data1\" content=\"1 minuto\">\n<script type=\"application\/ld+json\" class=\"yoast-schema-graph\">{\"@context\":\"https:\/\/schema.org\",\"@graph\":[{\"@type\":\"Organization\",\"@id\":\"https:\/\/www.zeitzfrankozeitz.de\/#organization\",\"name\":\"Augenarzt D\\u00fcsseldorf Zentrum Praxis Zeitz Franko Zeitz\",\"url\":\"https:\/\/www.zeitzfrankozeitz.de\/\",\"sameAs\":[],\"logo\":{\"@type\":\"ImageObject\",\"@id\":\"https:\/\/www.zeitzfrankozeitz.de\/#logo\",\"inLanguage\":\"pt-PT\",\"url\":\"https:\/\/www.zeitzfrankozeitz.de\/wp-content\/uploads\/ZFZ_LOGO-NEU.jpg\",\"width\":595,\"height\":841,\"caption\":\"Augenarzt D\\u00fcsseldorf Zentrum Praxis Zeitz Franko Zeitz\"},\"image\":{\"@id\":\"https:\/\/www.zeitzfrankozeitz.de\/#logo\"}},{\"@type\":\"WebSite\",\"@id\":\"https:\/\/www.zeitzfrankozeitz.de\/#website\",\"url\":\"https:\/\/www.zeitzfrankozeitz.de\/\",\"name\":\"Augenarzt D\\u00fcsseldorf Zentrum Praxis Zeitz Franko Zeitz\",\"description\":\"Augenarzt D\\u00fcsseldorf Praxis Zeitz Franko Zeitz\",\"publisher\":{\"@id\":\"https:\/\/www.zeitzfrankozeitz.de\/#organization\"},\"potentialAction\":[{\"@type\":\"SearchAction\",\"target\":\"https:\/\/www.zeitzfrankozeitz.de\/?s={search_term_string}\",\"query-input\":\"required name=search_term_string\"}],\"inLanguage\":\"pt-PT\"},{\"@type\":\"ImageObject\",\"@id\":\"https:\/\/www.zeitzfrankozeitz.de\/schwerpunkte\/diabetes\/#primaryimage\",\"inLanguage\":\"pt-PT\",\"url\":\"http:\/\/www.zeitzfrankozeitz.de\/wp-content\/uploads\/2019\/11\/diabetes.jpg\"},{\"@type\":\"WebPage\",\"@id\":\"https:\/\/www.zeitzfrankozeitz.de\/schwerpunkte\/diabetes\/#webpage\",\"url\":\"https:\/\/www.zeitzfrankozeitz.de\/schwerpunkte\/diabetes\/\",\"name\":\"Diabetes &bull; Augenarzt D\\u00fcsseldorf Praxis Zeitz Franko Zeitz\",\"isPartOf\":{\"@id\":\"https:\/\/www.zeitzfrankozeitz.de\/#website\"},\"primaryImageOfPage\":{\"@id\":\"https:\/\/www.zeitzfrankozeitz.de\/schwerpunkte\/diabetes\/#primaryimage\"},\"datePublished\":\"2019-11-15T16:18:53+00:00\",\"dateModified\":\"2021-01-22T00:08:33+00:00\",\"inLanguage\":\"pt-PT\",\"potentialAction\":[{\"@type\":\"ReadAction\",\"target\":[\"https:\/\/www.zeitzfrankozeitz.de\/schwerpunkte\/diabetes\/\"]}]}]}<\/script>\n<!-- \/ Yoast SEO plugin. -->","_links":{"self":[{"href":"https:\/\/www.zeitzfrankozeitz.de\/pt-pt\/wp-json\/wp\/v2\/pages\/76"}],"collection":[{"href":"https:\/\/www.zeitzfrankozeitz.de\/pt-pt\/wp-json\/wp\/v2\/pages"}],"about":[{"href":"https:\/\/www.zeitzfrankozeitz.de\/pt-pt\/wp-json\/wp\/v2\/types\/page"}],"author":[{"embeddable":true,"href":"https:\/\/www.zeitzfrankozeitz.de\/pt-pt\/wp-json\/wp\/v2\/users\/1"}],"replies":[{"embeddable":true,"href":"https:\/\/www.zeitzfrankozeitz.de\/pt-pt\/wp-json\/wp\/v2\/comments?post=76"}],"version-history":[{"count":5,"href":"https:\/\/www.zeitzfrankozeitz.de\/pt-pt\/wp-json\/wp\/v2\/pages\/76\/revisions"}],"predecessor-version":[{"id":16612,"href":"https:\/\/www.zeitzfrankozeitz.de\/pt-pt\/wp-json\/wp\/v2\/pages\/76\/revisions\/16612"}],"up":[{"embeddable":true,"href":"https:\/\/www.zeitzfrankozeitz.de\/pt-pt\/wp-json\/wp\/v2\/pages\/66"}],"wp:attachment":[{"href":"https:\/\/www.zeitzfrankozeitz.de\/pt-pt\/wp-json\/wp\/v2\/media?parent=76"}],"curies":[{"name":"wp","href":"https:\/\/api.w.org\/{rel}","templated":true}]}}