{"id":15744,"date":"2020-03-25T13:00:51","date_gmt":"2020-03-25T12:00:51","guid":{"rendered":"http:\/\/www.zeitzfrankozeitz.de\/?page_id=15744"},"modified":"2024-09-04T15:39:12","modified_gmt":"2024-09-04T13:39:12","slug":"augenschmerzen-aus-interdisziplinaerer-sicht","status":"publish","type":"page","link":"https:\/\/www.zeitzfrankozeitz.de\/ru\/wissenschaftliche-arbeit\/augenschmerzen-aus-interdisziplinaerer-sicht\/","title":{"rendered":"Augenschmerzen aus interdisziplin\u00e4rer Sicht"},"content":{"rendered":"<div class=\"wp-block-image\">\n<figure class=\"alignright size-large is-resized\"><img loading=\"lazy\" decoding=\"async\" width=\"455\" height=\"600\" src=\"http:\/\/www.zeitzfrankozeitz.de\/wp-content\/uploads\/Titel-Springer.jpg\" alt=\"\" class=\"wp-image-15748\" style=\"width:194px;height:256px\" srcset=\"https:\/\/www.zeitzfrankozeitz.de\/wp-content\/uploads\/Titel-Springer.jpg 455w, https:\/\/www.zeitzfrankozeitz.de\/wp-content\/uploads\/Titel-Springer-228x300.jpg 228w\" sizes=\"(max-width: 455px) 100vw, 455px\" \/><\/figure><\/div>\n\n\n<p>Als Gastherausgeber durfte Philipp Franko Zeitz das Leitthema der Dezemberausgabe 2011 der Zeitschrift &#8220;Der Ophthalmologe&#8221; (Zeitschrift der Deutschen Ophthalmologischen Gesellschaft) gestalten. <br><br>Zum Thema\u00a0<a href=\"https:\/\/link.springer.com\/journal\/347\/108\/12\/page\/1\">&#8220;Augenschmerzen aus interdisziplin\u00e4rer<\/a><a href=\"http:\/\/link.springer.com\/journal\/347\/108\/12\/page\/1\"> Sicht&#8221;<\/a>\u00a0erschienen insgesamt sieben Publikationen. Franko Zeitz schrieb eine &#8220;Einf\u00fchrung zum Thema&#8221; und &#8220;Differentialdiagnostische Aspekte f\u00fcr den klinischen Alltag&#8221;, zudem war er\u00a0neben Frau Prof. Renate Uns\u00f6ld (Neuroophthalmologie, D\u00fcsseldorf) Mitautor bei den\u00a0<a href=\"https:\/\/www.springermedizin.de\/augenschmerzen-1\/2273772.html\">&#8220;Fallbeispielen aus der neuroophthalmologischen Praxis&#8221;<\/a>.\u00a0<\/p>\n\n\n\n<hr class=\"wp-block-separator has-css-opacity\"\/>\n\n\n\n<p>F\u00fcr die weiteren Artikel konnte er folgende Autoren gewinnen:<\/p>\n\n\n\n<p><\/p>\n\n\n\n<ul class=\"wp-block-list\">\n<li><a href=\"https:\/\/www.springermedizin.de\/augenschmerzen-aus-neurologischer-sicht\/2273736.html\">&#8220;Augenschmerzen aus neurologischer Sicht&#8221;<\/a>\u00a0von Herrn PD Dr. Oliver Kastrup, stellvertretender Klinikdirektor Neurologie, Universit\u00e4t Essen<\/li>\n\n\n\n<li><a href=\"https:\/\/www.springermedizin.de\/augen--und-kopfschmerzen-aus-sicht-des-augenarztes\/2273664.html\">&#8220;Augen- und Kopfschmerzen aus Sicht des Augenarztes&#8221;<\/a>\u00a0von Herrn Prof. Dr. Helmut Wilhelm, Leiter der Sektion Neuroophthalmologie der Deutschen Ophthalmologischen Gesellschaft, Universit\u00e4t T\u00fcbingen\u00a0<\/li>\n\n\n\n<li><a href=\"https:\/\/www.springermedizin.de\/augenschmerzen-aus-hals-nasen-ohren-aerztlicher-sicht\/2273758.html\">&#8220;Augenschmerzen aus HNO-\u00e4rztlicher Sicht&#8221;<\/a>\u00a0von Herrn\u00a0PD Dr. Andreas Neumann, Chefarzt HNO, Lukaskrankenhaus Neuss und Mitherausgeber der Zeitschrift HNO, Springer Verlag<\/li>\n\n\n\n<li><a href=\"https:\/\/www.springermedizin.de\/augenschmerzen-aus-mund-kiefer-gesichtschirurgischer-sicht\/2273676.html\">&#8220;Augenschmerzen aus mund-kiefer-gesichtschirurgischer Sicht&#8221;<\/a>\u00a0von Herrn PD Dr. Dr. J\u00f6rg Handschel, stellvertretender Klinikdirektor der Westdeutschen Kieferklinik, Universit\u00e4t D\u00fcsseldorf<\/li>\n<\/ul>\n\n\n\n<p>Die Artikel sind alle \u00fcber die internationale medizinische Wissenschaftsdatenbank PUBMED oder Springer Medizin abrufbar.<\/p>\n","protected":false},"excerpt":{"rendered":"<p>Als Gastherausgeber durfte Philipp Franko Zeitz das Leitthema der Dezemberausgabe 2011 der Zeitschrift &#8220;Der Ophthalmologe&#8221; (Zeitschrift der Deutschen Ophthalmologischen Gesellschaft) gestalten. Zum Thema\u00a0&#8220;Augenschmerzen aus interdisziplin\u00e4rer Sicht&#8221;\u00a0erschienen insgesamt sieben Publikationen. Franko Zeitz schrieb eine &#8220;Einf\u00fchrung zum Thema&#8221; und &#8220;Differentialdiagnostische Aspekte f\u00fcr den klinischen Alltag&#8221;, zudem war er\u00a0neben Frau Prof. Renate Uns\u00f6ld (Neuroophthalmologie, D\u00fcsseldorf) Mitautor bei den\u00a0&#8220;Fallbeispielen [&hellip;]<\/p>\n","protected":false},"author":1,"featured_media":0,"parent":15731,"menu_order":0,"comment_status":"closed","ping_status":"closed","template":"","meta":{"footnotes":""},"class_list":["post-15744","page","type-page","status-publish","hentry"],"yoast_head":"<!-- This site is optimized with the Yoast SEO plugin v15.7 - https:\/\/yoast.com\/wordpress\/plugins\/seo\/ -->\n<title>Augenschmerzen aus interdisziplin\u00e4rer Sicht &bull; Augenarzt D\u00fcsseldorf Praxis Zeitz Franko Zeitz<\/title>\n<meta name=\"robots\" content=\"index, follow, max-snippet:-1, max-image-preview:large, max-video-preview:-1\" \/>\n<link rel=\"canonical\" href=\"https:\/\/www.zeitzfrankozeitz.de\/ru\/wissenschaftliche-arbeit\/augenschmerzen-aus-interdisziplinaerer-sicht\/\" \/>\n<meta property=\"og:locale\" content=\"ru_RU\" \/>\n<meta property=\"og:type\" content=\"article\" \/>\n<meta property=\"og:title\" content=\"Augenschmerzen aus interdisziplin\u00e4rer Sicht &bull; Augenarzt D\u00fcsseldorf Praxis Zeitz Franko Zeitz\" \/>\n<meta property=\"og:description\" content=\"Als Gastherausgeber durfte Philipp Franko Zeitz das Leitthema der Dezemberausgabe 2011 der Zeitschrift &#8220;Der Ophthalmologe&#8221; (Zeitschrift der Deutschen Ophthalmologischen Gesellschaft) gestalten. Zum Thema\u00a0&#8220;Augenschmerzen aus interdisziplin\u00e4rer Sicht&#8221;\u00a0erschienen insgesamt sieben Publikationen. Franko Zeitz schrieb eine &#8220;Einf\u00fchrung zum Thema&#8221; und &#8220;Differentialdiagnostische Aspekte f\u00fcr den klinischen Alltag&#8221;, zudem war er\u00a0neben Frau Prof. Renate Uns\u00f6ld (Neuroophthalmologie, D\u00fcsseldorf) Mitautor bei den\u00a0&#8220;Fallbeispielen [&hellip;]\" \/>\n<meta property=\"og:url\" content=\"https:\/\/www.zeitzfrankozeitz.de\/wissenschaftliche-arbeit\/augenschmerzen-aus-interdisziplinaerer-sicht\/\" \/>\n<meta property=\"og:site_name\" content=\"Augenarzt D\u00fcsseldorf Praxis Zeitz Franko Zeitz\" \/>\n<meta property=\"article:modified_time\" content=\"2024-09-04T13:39:12+00:00\" \/>\n<meta property=\"og:image\" content=\"http:\/\/www.zeitzfrankozeitz.de\/wp-content\/uploads\/Titel-Springer.jpg\" \/>\n<meta name=\"twitter:card\" content=\"summary_large_image\" \/>\n<meta name=\"twitter:label1\" content=\"\u041f\u0440\u0438\u043c\u0435\u0440\u043d\u043e\u0435 \u0432\u0440\u0435\u043c\u044f \u0434\u043b\u044f \u0447\u0442\u0435\u043d\u0438\u044f\">\n\t<meta name=\"twitter:data1\" content=\"1 \u043c\u0438\u043d\u0443\u0442\u0430\">\n<script type=\"application\/ld+json\" class=\"yoast-schema-graph\">{\"@context\":\"https:\/\/schema.org\",\"@graph\":[{\"@type\":\"Organization\",\"@id\":\"https:\/\/www.zeitzfrankozeitz.de\/#organization\",\"name\":\"Augenarzt D\\u00fcsseldorf Zentrum Praxis Zeitz Franko Zeitz\",\"url\":\"https:\/\/www.zeitzfrankozeitz.de\/\",\"sameAs\":[],\"logo\":{\"@type\":\"ImageObject\",\"@id\":\"https:\/\/www.zeitzfrankozeitz.de\/#logo\",\"inLanguage\":\"ru-RU\",\"url\":\"https:\/\/www.zeitzfrankozeitz.de\/wp-content\/uploads\/ZFZ_LOGO-NEU.jpg\",\"width\":595,\"height\":841,\"caption\":\"Augenarzt D\\u00fcsseldorf Zentrum Praxis Zeitz Franko Zeitz\"},\"image\":{\"@id\":\"https:\/\/www.zeitzfrankozeitz.de\/#logo\"}},{\"@type\":\"WebSite\",\"@id\":\"https:\/\/www.zeitzfrankozeitz.de\/#website\",\"url\":\"https:\/\/www.zeitzfrankozeitz.de\/\",\"name\":\"Augenarzt D\\u00fcsseldorf Zentrum Praxis Zeitz Franko Zeitz\",\"description\":\"Augenarzt D\\u00fcsseldorf Praxis Zeitz Franko Zeitz\",\"publisher\":{\"@id\":\"https:\/\/www.zeitzfrankozeitz.de\/#organization\"},\"potentialAction\":[{\"@type\":\"SearchAction\",\"target\":\"https:\/\/www.zeitzfrankozeitz.de\/?s={search_term_string}\",\"query-input\":\"required name=search_term_string\"}],\"inLanguage\":\"ru-RU\"},{\"@type\":\"ImageObject\",\"@id\":\"https:\/\/www.zeitzfrankozeitz.de\/wissenschaftliche-arbeit\/augenschmerzen-aus-interdisziplinaerer-sicht\/#primaryimage\",\"inLanguage\":\"ru-RU\",\"url\":\"http:\/\/www.zeitzfrankozeitz.de\/wp-content\/uploads\/Titel-Springer.jpg\"},{\"@type\":\"WebPage\",\"@id\":\"https:\/\/www.zeitzfrankozeitz.de\/wissenschaftliche-arbeit\/augenschmerzen-aus-interdisziplinaerer-sicht\/#webpage\",\"url\":\"https:\/\/www.zeitzfrankozeitz.de\/wissenschaftliche-arbeit\/augenschmerzen-aus-interdisziplinaerer-sicht\/\",\"name\":\"Augenschmerzen aus interdisziplin\\u00e4rer Sicht &bull; Augenarzt D\\u00fcsseldorf Praxis Zeitz Franko Zeitz\",\"isPartOf\":{\"@id\":\"https:\/\/www.zeitzfrankozeitz.de\/#website\"},\"primaryImageOfPage\":{\"@id\":\"https:\/\/www.zeitzfrankozeitz.de\/wissenschaftliche-arbeit\/augenschmerzen-aus-interdisziplinaerer-sicht\/#primaryimage\"},\"datePublished\":\"2020-03-25T12:00:51+00:00\",\"dateModified\":\"2024-09-04T13:39:12+00:00\",\"inLanguage\":\"ru-RU\",\"potentialAction\":[{\"@type\":\"ReadAction\",\"target\":[\"https:\/\/www.zeitzfrankozeitz.de\/wissenschaftliche-arbeit\/augenschmerzen-aus-interdisziplinaerer-sicht\/\"]}]}]}<\/script>\n<!-- \/ Yoast SEO plugin. -->","_links":{"self":[{"href":"https:\/\/www.zeitzfrankozeitz.de\/ru\/wp-json\/wp\/v2\/pages\/15744"}],"collection":[{"href":"https:\/\/www.zeitzfrankozeitz.de\/ru\/wp-json\/wp\/v2\/pages"}],"about":[{"href":"https:\/\/www.zeitzfrankozeitz.de\/ru\/wp-json\/wp\/v2\/types\/page"}],"author":[{"embeddable":true,"href":"https:\/\/www.zeitzfrankozeitz.de\/ru\/wp-json\/wp\/v2\/users\/1"}],"replies":[{"embeddable":true,"href":"https:\/\/www.zeitzfrankozeitz.de\/ru\/wp-json\/wp\/v2\/comments?post=15744"}],"version-history":[{"count":7,"href":"https:\/\/www.zeitzfrankozeitz.de\/ru\/wp-json\/wp\/v2\/pages\/15744\/revisions"}],"predecessor-version":[{"id":17390,"href":"https:\/\/www.zeitzfrankozeitz.de\/ru\/wp-json\/wp\/v2\/pages\/15744\/revisions\/17390"}],"up":[{"embeddable":true,"href":"https:\/\/www.zeitzfrankozeitz.de\/ru\/wp-json\/wp\/v2\/pages\/15731"}],"wp:attachment":[{"href":"https:\/\/www.zeitzfrankozeitz.de\/ru\/wp-json\/wp\/v2\/media?parent=15744"}],"curies":[{"name":"wp","href":"https:\/\/api.w.org\/{rel}","templated":true}]}}