{"id":15755,"date":"2020-03-25T13:05:08","date_gmt":"2020-03-25T12:05:08","guid":{"rendered":"http:\/\/www.zeitzfrankozeitz.de\/?page_id=15755"},"modified":"2024-09-07T12:44:50","modified_gmt":"2024-09-07T10:44:50","slug":"schwindel-aus-interdisziplinaerer-sicht","status":"publish","type":"page","link":"https:\/\/www.zeitzfrankozeitz.de\/ru\/wissenschaftliche-arbeit\/schwindel-aus-interdisziplinaerer-sicht\/","title":{"rendered":"Schwindel aus interdisziplin\u00e4rer Sicht"},"content":{"rendered":"<div class=\"wp-block-image\">\n<figure class=\"alignright size-large is-resized\"><img loading=\"lazy\" decoding=\"async\" width=\"495\" height=\"600\" src=\"http:\/\/www.zeitzfrankozeitz.de\/wp-content\/uploads\/schwindel.jpg\" alt=\"\" class=\"wp-image-15764\" style=\"width:191px;height:231px\" srcset=\"https:\/\/www.zeitzfrankozeitz.de\/wp-content\/uploads\/schwindel.jpg 495w, https:\/\/www.zeitzfrankozeitz.de\/wp-content\/uploads\/schwindel-248x300.jpg 248w\" sizes=\"(max-width: 495px) 100vw, 495px\" \/><\/figure><\/div>\n\n\n<p>Als Gastherausgeber und Autor durfte Philipp Franko Zeitz erneut das Leitthema der Zeitschrift &#8220;Der Ophthalmologe&#8221; (Zeitschrift der Deutschen Ophthalmologischen Gesellschaft) gestalten, dieses Mal zum&nbsp;Thema&nbsp;<a href=\"https:\/\/link.springer.com\/journal\/347\/110\/1\/page\/1\" target=\"_blank\" rel=\"noreferrer noopener\">&#8220;Schwindel aus interdisziplin\u00e4rer Sicht&#8221;<\/a>.<\/p>\n\n\n\n<p><\/p>\n\n\n\n<p>Franko Zeitz war Haupt- oder Letztautor von drei Artikeln und&nbsp;konnte&nbsp;f\u00fcr das Thema au\u00dferdem&nbsp;folgende Autoren gewinnen:<\/p>\n\n\n\n<ul class=\"wp-block-list\">\n<li>Herrn&nbsp;Prof. Dr. Michael Strupp, Neurologe, Schwindelambulanz der Universit\u00e4t M\u00fcnchen, Autor von \u00fcber 250 Publikationen und zahlreichen Lehrb\u00fcchern zum Thema Schwindel, Editor des &#8220;Journal of Neurology&#8221;.<\/li>\n\n\n\n<li>Frau Prof. Dr. Annegret Eckhardt-Henn, Klinikum Stuttgart, \u00e4rztliche Direktorin der Klinik f\u00fcr Psychosomatik<\/li>\n\n\n\n<li>Herrn PD Dr. Leif-Erik Walther, HNO, HNO-Gemeinschaftspraxis Main-Taunus-Zentrum und Universit\u00e4t Heidelberg<\/li>\n<\/ul>\n\n\n\n<div style=\"height:100px\" aria-hidden=\"true\" class=\"wp-block-spacer\"><\/div>\n\n\n\n<p>In der Folge wurde&nbsp;<a href=\"https:\/\/link.springer.com\/journal\/106\/61\/9\/page\/1\" target=\"_blank\" rel=\"noreferrer noopener\">das Thema<\/a>&nbsp;auch von der Zeitschrift &#8220;HNO&#8221;,&nbsp;Journal der Deutschen Gesellschaft f\u00fcr Hals-Nasen-Ohrenheilkunde, Kopf- und Hals-Chirurgie, aufgegriffen. Auch hier durfte Franko Zeitz als Autor und, dieses Mal zusammen mit Herrn Professor Andreas Neumann, als Gastherausgeber agieren.<\/p>\n\n\n\n<p>Neben den oben genannten waren hier unter anderem folgende Autoren beteiligt:<\/p>\n\n\n\n<ul class=\"wp-block-list\">\n<li>Herr Professor Dr. Arneborg Ernst, Klinikdirektor HNO UKB Berlin, Herausgeber zahlreicher Fachb\u00fccher und Publikationen zum Thema Schwindel, Herr PD Dr. Dietmar Basta, Preistr\u00e4ger des Hennig-Vertigo-Preises, und Dr. Jan Wagner, UKB Berlin<\/li>\n\n\n\n<li>Herr Professor Dr. Martin Westhofen, Klinikdirektor HNO der Uniklinik RWTH Aachen<\/li>\n\n\n\n<li>Herr Professor Dr. Dr. Karl-Bernd H\u00fcttenbrink Klinikdirektor HNO, Universit\u00e4t K\u00f6ln und Herr PD Dr. Jan-Christoffer L\u00fcers, Universit\u00e4t K\u00f6ln<\/li>\n\n\n\n<li>Herr PD Dr. Stefan Hegemann, Leiter des Interdisziplin\u00e4ren Zentrums f\u00fcr Schwindel und Gleichgewichtsst\u00f6rungen, Universit\u00e4tsspital Z\u00fcrich<\/li>\n\n\n\n<li>Herr Dr. Alexander Bl\u00f6dow, Oberarzt, Klinikum Berlin-Bruch<\/li>\n\n\n\n<li>Herr Professor Dr. Klaus Jahn, Neurologe, Leiter der Schwindelambulanz der Universit\u00e4t M\u00fcnchen (LMU)<\/li>\n<\/ul>\n\n\n\n<div style=\"height:100px\" aria-hidden=\"true\" class=\"wp-block-spacer\"><\/div>\n\n\n\n<p>Die Artikel sind alle \u00fcber die internationale medizinische Wissenschaftsdatenbank PUBMED oder Springer Medizin abrufbar.<\/p>\n\n\n\n<p>Die Artikel, an denen Philipp Franko Zeitz beteiligt war, finden Sie au\u00dferdem hier:<\/p>\n\n\n\n<p>Der Ophthalmologe:<\/p>\n\n\n\n<p><a href=\"https:\/\/www.zeitzfrankozeitz.de\/wp-content\/uploads\/Schwindel-aus-interdisziplinaerer-Sicht.pdf\" target=\"_blank\" rel=\"noreferrer noopener\">Schwindel aus interdisziplin\u00e4rer Sicht<\/a><\/p>\n\n\n\n<p><a href=\"https:\/\/www.zeitzfrankozeitz.de\/wp-content\/uploads\/Diagnose-von-Schwindel.pdf\">Diagnose von Schwindel mit besonderem Blick auf Augenbewegungsst\u00f6rungen<\/a><\/p>\n\n\n\n<p><a href=\"https:\/\/www.zeitzfrankozeitz.de\/wp-content\/uploads\/Schwindel-ophthalmologisches-Addendum.pdf\" target=\"_blank\" rel=\"noreferrer noopener\">Schwindel &#8211; Ophthalmologisches Addendum<\/a><\/p>\n\n\n\n<p>HNO:<\/p>\n\n\n\n<p><a href=\"https:\/\/link.springer.com\/article\/10.1007\/s00106-013-2748-6\" target=\"_blank\" rel=\"noreferrer noopener\">Leitsymptom Schwindel aus Sicht unterschiedlicher Fachgebiete<\/a><\/p>\n\n\n\n<p><a href=\"https:\/\/link.springer.com\/article\/10.1007\/s00106-013-2743-y\" target=\"_blank\" rel=\"noreferrer noopener\">Auge, Sehen und Schwindel<\/a><\/p>\n","protected":false},"excerpt":{"rendered":"<p>Als Gastherausgeber und Autor durfte Philipp Franko Zeitz erneut das Leitthema der Zeitschrift &#8220;Der Ophthalmologe&#8221; (Zeitschrift der Deutschen Ophthalmologischen Gesellschaft) gestalten, dieses Mal zum&nbsp;Thema&nbsp;&#8220;Schwindel aus interdisziplin\u00e4rer Sicht&#8221;. Franko Zeitz war Haupt- oder Letztautor von drei Artikeln und&nbsp;konnte&nbsp;f\u00fcr das Thema au\u00dferdem&nbsp;folgende Autoren gewinnen: In der Folge wurde&nbsp;das Thema&nbsp;auch von der Zeitschrift &#8220;HNO&#8221;,&nbsp;Journal der Deutschen Gesellschaft f\u00fcr [&hellip;]<\/p>\n","protected":false},"author":1,"featured_media":0,"parent":15731,"menu_order":0,"comment_status":"closed","ping_status":"closed","template":"","meta":{"footnotes":""},"class_list":["post-15755","page","type-page","status-publish","hentry"],"yoast_head":"<!-- This site is optimized with the Yoast SEO plugin v15.7 - https:\/\/yoast.com\/wordpress\/plugins\/seo\/ -->\n<title>Schwindel aus interdisziplin\u00e4rer Sicht &bull; Augenarzt D\u00fcsseldorf Praxis Zeitz Franko Zeitz<\/title>\n<meta name=\"robots\" content=\"index, follow, max-snippet:-1, max-image-preview:large, max-video-preview:-1\" \/>\n<link rel=\"canonical\" href=\"https:\/\/www.zeitzfrankozeitz.de\/ru\/wissenschaftliche-arbeit\/schwindel-aus-interdisziplinaerer-sicht\/\" \/>\n<meta property=\"og:locale\" content=\"ru_RU\" \/>\n<meta property=\"og:type\" content=\"article\" \/>\n<meta property=\"og:title\" content=\"Schwindel aus interdisziplin\u00e4rer Sicht &bull; Augenarzt D\u00fcsseldorf Praxis Zeitz Franko Zeitz\" \/>\n<meta property=\"og:description\" content=\"Als Gastherausgeber und Autor durfte Philipp Franko Zeitz erneut das Leitthema der Zeitschrift &#8220;Der Ophthalmologe&#8221; (Zeitschrift der Deutschen Ophthalmologischen Gesellschaft) gestalten, dieses Mal zum&nbsp;Thema&nbsp;&#8220;Schwindel aus interdisziplin\u00e4rer Sicht&#8221;. Franko Zeitz war Haupt- oder Letztautor von drei Artikeln und&nbsp;konnte&nbsp;f\u00fcr das Thema au\u00dferdem&nbsp;folgende Autoren gewinnen: In der Folge wurde&nbsp;das Thema&nbsp;auch von der Zeitschrift &#8220;HNO&#8221;,&nbsp;Journal der Deutschen Gesellschaft f\u00fcr [&hellip;]\" \/>\n<meta property=\"og:url\" content=\"https:\/\/www.zeitzfrankozeitz.de\/wissenschaftliche-arbeit\/schwindel-aus-interdisziplinaerer-sicht\/\" \/>\n<meta property=\"og:site_name\" content=\"Augenarzt D\u00fcsseldorf Praxis Zeitz Franko Zeitz\" \/>\n<meta property=\"article:modified_time\" content=\"2024-09-07T10:44:50+00:00\" \/>\n<meta property=\"og:image\" content=\"http:\/\/www.zeitzfrankozeitz.de\/wp-content\/uploads\/schwindel.jpg\" \/>\n<meta name=\"twitter:card\" content=\"summary_large_image\" \/>\n<meta name=\"twitter:label1\" content=\"\u041f\u0440\u0438\u043c\u0435\u0440\u043d\u043e\u0435 \u0432\u0440\u0435\u043c\u044f \u0434\u043b\u044f \u0447\u0442\u0435\u043d\u0438\u044f\">\n\t<meta name=\"twitter:data1\" content=\"2 \u043c\u0438\u043d\u0443\u0442\u044b\">\n<script type=\"application\/ld+json\" class=\"yoast-schema-graph\">{\"@context\":\"https:\/\/schema.org\",\"@graph\":[{\"@type\":\"Organization\",\"@id\":\"https:\/\/www.zeitzfrankozeitz.de\/#organization\",\"name\":\"Augenarzt D\\u00fcsseldorf Zentrum Praxis Zeitz Franko Zeitz\",\"url\":\"https:\/\/www.zeitzfrankozeitz.de\/\",\"sameAs\":[],\"logo\":{\"@type\":\"ImageObject\",\"@id\":\"https:\/\/www.zeitzfrankozeitz.de\/#logo\",\"inLanguage\":\"ru-RU\",\"url\":\"https:\/\/www.zeitzfrankozeitz.de\/wp-content\/uploads\/ZFZ_LOGO-NEU.jpg\",\"width\":595,\"height\":841,\"caption\":\"Augenarzt D\\u00fcsseldorf Zentrum Praxis Zeitz Franko Zeitz\"},\"image\":{\"@id\":\"https:\/\/www.zeitzfrankozeitz.de\/#logo\"}},{\"@type\":\"WebSite\",\"@id\":\"https:\/\/www.zeitzfrankozeitz.de\/#website\",\"url\":\"https:\/\/www.zeitzfrankozeitz.de\/\",\"name\":\"Augenarzt D\\u00fcsseldorf Zentrum Praxis Zeitz Franko Zeitz\",\"description\":\"Augenarzt D\\u00fcsseldorf Praxis Zeitz Franko Zeitz\",\"publisher\":{\"@id\":\"https:\/\/www.zeitzfrankozeitz.de\/#organization\"},\"potentialAction\":[{\"@type\":\"SearchAction\",\"target\":\"https:\/\/www.zeitzfrankozeitz.de\/?s={search_term_string}\",\"query-input\":\"required name=search_term_string\"}],\"inLanguage\":\"ru-RU\"},{\"@type\":\"ImageObject\",\"@id\":\"https:\/\/www.zeitzfrankozeitz.de\/wissenschaftliche-arbeit\/schwindel-aus-interdisziplinaerer-sicht\/#primaryimage\",\"inLanguage\":\"ru-RU\",\"url\":\"http:\/\/www.zeitzfrankozeitz.de\/wp-content\/uploads\/schwindel.jpg\"},{\"@type\":\"WebPage\",\"@id\":\"https:\/\/www.zeitzfrankozeitz.de\/wissenschaftliche-arbeit\/schwindel-aus-interdisziplinaerer-sicht\/#webpage\",\"url\":\"https:\/\/www.zeitzfrankozeitz.de\/wissenschaftliche-arbeit\/schwindel-aus-interdisziplinaerer-sicht\/\",\"name\":\"Schwindel aus interdisziplin\\u00e4rer Sicht &bull; Augenarzt D\\u00fcsseldorf Praxis Zeitz Franko Zeitz\",\"isPartOf\":{\"@id\":\"https:\/\/www.zeitzfrankozeitz.de\/#website\"},\"primaryImageOfPage\":{\"@id\":\"https:\/\/www.zeitzfrankozeitz.de\/wissenschaftliche-arbeit\/schwindel-aus-interdisziplinaerer-sicht\/#primaryimage\"},\"datePublished\":\"2020-03-25T12:05:08+00:00\",\"dateModified\":\"2024-09-07T10:44:50+00:00\",\"inLanguage\":\"ru-RU\",\"potentialAction\":[{\"@type\":\"ReadAction\",\"target\":[\"https:\/\/www.zeitzfrankozeitz.de\/wissenschaftliche-arbeit\/schwindel-aus-interdisziplinaerer-sicht\/\"]}]}]}<\/script>\n<!-- \/ Yoast SEO plugin. -->","_links":{"self":[{"href":"https:\/\/www.zeitzfrankozeitz.de\/ru\/wp-json\/wp\/v2\/pages\/15755"}],"collection":[{"href":"https:\/\/www.zeitzfrankozeitz.de\/ru\/wp-json\/wp\/v2\/pages"}],"about":[{"href":"https:\/\/www.zeitzfrankozeitz.de\/ru\/wp-json\/wp\/v2\/types\/page"}],"author":[{"embeddable":true,"href":"https:\/\/www.zeitzfrankozeitz.de\/ru\/wp-json\/wp\/v2\/users\/1"}],"replies":[{"embeddable":true,"href":"https:\/\/www.zeitzfrankozeitz.de\/ru\/wp-json\/wp\/v2\/comments?post=15755"}],"version-history":[{"count":9,"href":"https:\/\/www.zeitzfrankozeitz.de\/ru\/wp-json\/wp\/v2\/pages\/15755\/revisions"}],"predecessor-version":[{"id":17396,"href":"https:\/\/www.zeitzfrankozeitz.de\/ru\/wp-json\/wp\/v2\/pages\/15755\/revisions\/17396"}],"up":[{"embeddable":true,"href":"https:\/\/www.zeitzfrankozeitz.de\/ru\/wp-json\/wp\/v2\/pages\/15731"}],"wp:attachment":[{"href":"https:\/\/www.zeitzfrankozeitz.de\/ru\/wp-json\/wp\/v2\/media?parent=15755"}],"curies":[{"name":"wp","href":"https:\/\/api.w.org\/{rel}","templated":true}]}}